{"id":117,"date":"2025-01-31T14:53:24","date_gmt":"2025-01-31T13:53:24","guid":{"rendered":"https:\/\/www.futur.ugsel-finistere.org\/futur.ugsel-finistere.org\/?page_id=117"},"modified":"2026-01-20T13:47:50","modified_gmt":"2026-01-20T12:47:50","slug":"1er-degre","status":"publish","type":"page","link":"https:\/\/ugsel-finistere.org\/index.php\/1er-degre\/","title":{"rendered":"1er degr\u00e9"},"content":{"rendered":"\n<p><\/p>\n\n\n\n<div id=\"wp-block-themeisle-blocks-advanced-columns-d738bad6\" class=\"wp-block-themeisle-blocks-advanced-columns alignfull has-1-columns has-desktop-equal-layout has-tablet-equal-layout has-mobile-collapsedRows-layout has-vertical-center ticss-c00aadba\"><div class=\"wp-block-themeisle-blocks-advanced-columns-overlay\"><\/div><div class=\"innerblocks-wrap\">\n<div id=\"wp-block-themeisle-blocks-advanced-column-bbd8db2b\" class=\"wp-block-themeisle-blocks-advanced-column\">\n<div id=\"wp-block-themeisle-blocks-advanced-columns-7f744968\" class=\"wp-block-themeisle-blocks-advanced-columns has-4-columns has-desktop-equal-layout has-tablet-equal-layout has-mobile-collapsedRows-layout has-vertical-center\"><div class=\"wp-block-themeisle-blocks-advanced-columns-overlay\"><\/div><div class=\"innerblocks-wrap\">\n<div id=\"wp-block-themeisle-blocks-advanced-column-1430d2f1\" class=\"wp-block-themeisle-blocks-advanced-column\">\n<div id=\"wp-block-themeisle-blocks-flip-123c6ebb\" class=\"wp-block-themeisle-blocks-flip anim flipX has-dark-front-bg  has-dark-back-bg\"><div class=\"o-flip-inner\"><div class=\"o-flip-front\"><div class=\"o-flip-content\"><img decoding=\"async\" class=\"o-img\" src=\"https:\/\/ugsel-finistere.org\/wp-content\/uploads\/2025\/02\/tvc5imo5pxk-e1738770905955.jpg\" srcset=\"https:\/\/ugsel-finistere.org\/wp-content\/uploads\/2025\/02\/tvc5imo5pxk-e1738770905955.jpg\" alt=\"four boy playing ball on green grass\"\/><h3>Rencontre sportive<\/h3><p>1<\/p><\/div><\/div><div class=\"o-flip-back\">\n<div class=\"wp-block-group\" style=\"font-size:0px\"><div class=\"wp-block-group__inner-container is-layout-constrained wp-block-group-is-layout-constrained\">\n<p class=\"has-nv-text-dark-bg-color has-custom-1-background-color has-text-color has-background has-link-color wp-elements-169c849b99f3a23fb188eb33f5086a3f\" style=\"font-size:14px\"><a href=\"https:\/\/ugsel-finistere.org\/index.php\/1d_rencontres-sportives\/\" data-type=\"link\" data-id=\"https:\/\/ugsel-finistere.org\/index.php\/1d_rencontres-sportives\/\" target=\"_blank\" rel=\"noreferrer noopener\">Le groupe EPS-UGSEL 1D vous propose un projet transdisciplinaire<\/a><\/p>\n<\/div><\/div>\n<\/div><\/div><\/div>\n<\/div>\n\n\n\n<div id=\"wp-block-themeisle-blocks-advanced-column-4b138e01\" class=\"wp-block-themeisle-blocks-advanced-column\">\n<div id=\"wp-block-themeisle-blocks-flip-2c636530\" class=\"wp-block-themeisle-blocks-flip anim flipX has-dark-front-bg  has-dark-back-bg\"><div class=\"o-flip-inner\"><div class=\"o-flip-front\"><div class=\"o-flip-content\"><img decoding=\"async\" class=\"o-img\" src=\"https:\/\/ugsel-finistere.org\/wp-content\/uploads\/2025\/02\/Facebook-FouleMoove-Ugsel1200x630.png\" srcset=\"https:\/\/ugsel-finistere.org\/wp-content\/uploads\/2025\/02\/Facebook-FouleMoove-Ugsel1200x630.png\" alt=\"\"\/><h3>Ma rentr\u00e9e avec l&rsquo;ugsel<\/h3><p>1<\/p><\/div><\/div><div class=\"o-flip-back\">\n<div class=\"wp-block-group has-neve-link-hover-color-background-color has-background is-horizontal is-content-justification-center is-nowrap is-layout-flex wp-container-core-group-is-layout-332b34f2 wp-block-group-is-layout-flex\">\n<p class=\"has-nv-text-dark-bg-color has-custom-4-background-color has-text-color has-background has-link-color wp-elements-ab19e1c5be400529106e4b0f86e185b5\" style=\"font-size:14px\"><a href=\"https:\/\/ugsel-finistere.org\/index.php\/1d_ma-rentree-avec-lugsel\/\" data-type=\"link\" data-id=\"https:\/\/ugsel-finistere.org\/index.php\/1d_ma-rentree-avec-lugsel\/\" target=\"_blank\" rel=\"noreferrer noopener\">Des jeux \u00e0 utiliser toute l\u2019ann\u00e9e d\u00e8s la maternelle<\/a><\/p>\n<\/div>\n<\/div><\/div><\/div>\n<\/div>\n\n\n\n<div id=\"wp-block-themeisle-blocks-advanced-column-eefc33b9\" class=\"wp-block-themeisle-blocks-advanced-column\">\n<div id=\"wp-block-themeisle-blocks-flip-6323a328\" class=\"wp-block-themeisle-blocks-flip anim flipX has-dark-front-bg  has-dark-back-bg\"><div class=\"o-flip-inner\"><div class=\"o-flip-front\"><div class=\"o-flip-content\"><img decoding=\"async\" class=\"o-img\" src=\"https:\/\/ugsel-finistere.org\/wp-content\/uploads\/2025\/02\/eps-scaled.jpeg\" srcset=\"https:\/\/ugsel-finistere.org\/wp-content\/uploads\/2025\/02\/eps-scaled.jpeg\" alt=\"\"\/><h3>Ressources p\u00e9dagogiques<\/h3><p><\/p><\/div><\/div><div class=\"o-flip-back\">\n<div class=\"wp-block-group has-neve-link-hover-color-background-color has-background is-nowrap is-layout-flex wp-container-core-group-is-layout-ad2f72ca wp-block-group-is-layout-flex\">\n<p class=\"has-nv-site-bg-color has-custom-2-background-color has-text-color has-background has-link-color wp-elements-3cee05aa6e8474a6896207682b00f78b\" style=\"font-size:14px\"><a href=\"https:\/\/ugsel-finistere.org\/index.php\/1d_ressources-pedagogiques\/\" data-type=\"link\" data-id=\"https:\/\/ugsel-finistere.org\/index.php\/1d_ressources-pedagogiques\/\" target=\"_blank\" rel=\"noreferrer noopener\">ressources p\u00e9dagogiques par activit\u00e9 cycle 1 \u00e0 3.<\/a><\/p>\n<\/div>\n<\/div><\/div><\/div>\n<\/div>\n\n\n\n<div id=\"wp-block-themeisle-blocks-advanced-column-fec8252d\" class=\"wp-block-themeisle-blocks-advanced-column\">\n<div id=\"wp-block-themeisle-blocks-flip-58adb932\" class=\"wp-block-themeisle-blocks-flip anim flipX has-light-front-bg has-light-back-bg\"><div class=\"o-flip-inner\"><div class=\"o-flip-front\"><div class=\"o-flip-content\"><img decoding=\"async\" class=\"o-img\" src=\"https:\/\/ugsel-finistere.org\/wp-content\/uploads\/2025\/02\/5759304-scaled-1.jpg\" srcset=\"https:\/\/ugsel-finistere.org\/wp-content\/uploads\/2025\/02\/5759304-scaled-1.jpg\" alt=\"\"\/><h3>Bouger \u00e0 l&rsquo;\u00e9cole<\/h3><p>1<\/p><\/div><\/div><div class=\"o-flip-back\">\n<div class=\"wp-block-group has-neve-link-hover-color-background-color has-background is-nowrap is-layout-flex wp-container-core-group-is-layout-ad2f72ca wp-block-group-is-layout-flex\">\n<p class=\"has-custom-3-background-color has-background has-link-color wp-elements-b93f902ee1df74f9e94169f3aaa00c39\" style=\"font-size:14px\"><a href=\"https:\/\/ugsel-finistere.org\/index.php\/sante_bouger\/\" target=\"_blank\" rel=\"noreferrer noopener\">30 minutes d&rsquo;activit\u00e9 physique quotidienne, cour de r\u00e9cr\u00e9, &#8230;<\/a><\/p>\n<\/div>\n<\/div><\/div><\/div>\n<\/div>\n<\/div><\/div>\n\n\n\n<div id=\"wp-block-themeisle-blocks-advanced-columns-c2e2c997\" class=\"wp-block-themeisle-blocks-advanced-columns has-4-columns has-desktop-equal-layout has-tablet-equal-layout has-mobile-collapsedRows-layout has-vertical-center\"><div class=\"wp-block-themeisle-blocks-advanced-columns-overlay\"><\/div><div class=\"innerblocks-wrap\">\n<div id=\"wp-block-themeisle-blocks-advanced-column-2772f0c3\" class=\"wp-block-themeisle-blocks-advanced-column\">\n<div id=\"wp-block-themeisle-blocks-flip-417a5f79\" class=\"wp-block-themeisle-blocks-flip anim flipX has-dark-front-bg has-dark-back-bg\"><div class=\"o-flip-inner\"><div class=\"o-flip-front\"><div class=\"o-flip-content\"><img decoding=\"async\" class=\"o-img\" src=\"https:\/\/ugsel-finistere.org\/wp-content\/uploads\/2025\/02\/finistere.png\" srcset=\"https:\/\/ugsel-finistere.org\/wp-content\/uploads\/2025\/02\/finistere.png\" alt=\"\"\/><h3>L&rsquo;ugsel en territoires<\/h3><p>1<\/p><\/div><\/div><div class=\"o-flip-back\">\n<div class=\"wp-block-group has-neve-link-hover-color-background-color has-background is-nowrap is-layout-flex wp-container-core-group-is-layout-ad2f72ca wp-block-group-is-layout-flex\">\n<p class=\"has-nv-site-bg-color has-custom-2-background-color has-text-color has-background has-link-color wp-elements-e126e1afcd5bce051545b20662539ff9 wp-container-content-9cfa9a5a\" style=\"font-size:14px\"><a href=\"https:\/\/ugsel-finistere.org\/index.php\/1d_territoires\/\" target=\"_blank\" rel=\"noreferrer noopener\">enseignant-r\u00e9f\u00e9rent EPS\/UGSEL 1D.<\/a><\/p>\n<\/div>\n<\/div><\/div><\/div>\n<\/div>\n\n\n\n<div id=\"wp-block-themeisle-blocks-advanced-column-2ad44f44\" class=\"wp-block-themeisle-blocks-advanced-column\">\n<div id=\"wp-block-themeisle-blocks-flip-596beab4\" class=\"wp-block-themeisle-blocks-flip anim flipX has-light-back-bg has-light-front-bg\"><div class=\"o-flip-inner\"><div class=\"o-flip-front\"><div class=\"o-flip-content\"><img decoding=\"async\" class=\"o-img\" src=\"https:\/\/ugsel-finistere.org\/wp-content\/uploads\/2025\/02\/IMG-20241217-WA0022-edited.jpg\" srcset=\"https:\/\/ugsel-finistere.org\/wp-content\/uploads\/2025\/02\/IMG-20241217-WA0022-edited.jpg\" alt=\"\"\/><h3>Animation dans les \u00e9coles<\/h3><p>1<\/p><\/div><\/div><div class=\"o-flip-back\">\n<div class=\"wp-block-group has-neve-link-hover-color-background-color has-background is-nowrap is-layout-flex wp-container-core-group-is-layout-ad2f72ca wp-block-group-is-layout-flex\">\n<p class=\"has-nv-site-bg-color has-custom-3-background-color has-text-color has-background has-link-color wp-elements-de8335cd54c5a9637582cb30d0c81ebc wp-container-content-9cfa9a5a\" style=\"font-size:14px\"><a href=\"https:\/\/ugsel-finistere.org\/index.php\/1d_animation-ecole\/\" target=\"_blank\" rel=\"noreferrer noopener\">demande de co-animation \u00e0 r\u00e9aliser d\u00e8s juin.<\/a><\/p>\n<\/div>\n<\/div><\/div><\/div>\n<\/div>\n\n\n\n<div id=\"wp-block-themeisle-blocks-advanced-column-6c090111\" class=\"wp-block-themeisle-blocks-advanced-column\">\n<div id=\"wp-block-themeisle-blocks-flip-e4bfa14c\" class=\"wp-block-themeisle-blocks-flip anim flipX has-dark-front-bg  has-dark-back-bg\"><div class=\"o-flip-inner\"><div class=\"o-flip-front\"><div class=\"o-flip-content\"><img decoding=\"async\" class=\"o-img\" src=\"https:\/\/ugsel-finistere.org\/wp-content\/uploads\/2025\/02\/IMG-20240908-WA0010.jpg\" srcset=\"https:\/\/ugsel-finistere.org\/wp-content\/uploads\/2025\/02\/IMG-20240908-WA0010.jpg\" alt=\"\"\/><h3>Formations<\/h3><p>1<\/p><\/div><\/div><div class=\"o-flip-back\">\n<div class=\"wp-block-group has-neve-link-hover-color-background-color has-background is-nowrap is-layout-flex wp-container-core-group-is-layout-ad2f72ca wp-block-group-is-layout-flex\">\n<p class=\"has-nv-site-bg-color has-custom-4-background-color has-text-color has-background has-link-color wp-elements-f3f35ec7167e88e0b89e4f46847b919f wp-container-content-9cfa9a5a\" style=\"font-size:14px\"><a href=\"https:\/\/ugsel-finistere.org\/index.php\/1d_formations\/\" target=\"_blank\" rel=\"noreferrer noopener\">animations sportives et formations en EPS pour les enseignants<\/a><\/p>\n<\/div>\n<\/div><\/div><\/div>\n<\/div>\n\n\n\n<div id=\"wp-block-themeisle-blocks-advanced-column-8a45e2c1\" class=\"wp-block-themeisle-blocks-advanced-column\">\n<div id=\"wp-block-themeisle-blocks-flip-e636fcb4\" class=\"wp-block-themeisle-blocks-flip anim flipX has-dark-front-bg  has-dark-back-bg\"><div class=\"o-flip-inner\"><div class=\"o-flip-front\"><div class=\"o-flip-content\"><img decoding=\"async\" class=\"o-img\" src=\"https:\/\/ugsel-finistere.org\/wp-content\/uploads\/2025\/02\/cd573316-ccb8-46b8-9912-9c90b4ea8d9c.jpg\" srcset=\"https:\/\/ugsel-finistere.org\/wp-content\/uploads\/2025\/02\/cd573316-ccb8-46b8-9912-9c90b4ea8d9c.jpg\" alt=\"\"\/><h3>Mat\u00e9riel sportif et <br>souscription volontaire<\/h3><p>1<\/p><\/div><\/div><div class=\"o-flip-back\">\n<div class=\"wp-block-group has-neve-link-hover-color-background-color has-background is-nowrap is-layout-flex wp-container-core-group-is-layout-ad2f72ca wp-block-group-is-layout-flex\">\n<p class=\"has-nv-site-bg-color has-custom-1-background-color has-text-color has-background has-link-color wp-elements-9ef8aaabc5c0dd05b1d15f0b276873a1 wp-container-content-9cfa9a5a\" style=\"font-size:14px\"><a href=\"https:\/\/ugsel-finistere.org\/index.php\/1d_materiel\/\" target=\"_blank\" rel=\"noreferrer noopener\">souscription volontaire &#8211; commande Casal Sport<\/a><\/p>\n<\/div>\n<\/div><\/div><\/div>\n<\/div>\n<\/div><\/div>\n\n\n\n<div id=\"wp-block-themeisle-blocks-advanced-columns-03bec2cb\" class=\"wp-block-themeisle-blocks-advanced-columns has-4-columns has-desktop-equal-layout has-tablet-equal-layout has-mobile-collapsedRows-layout has-vertical-center\"><div class=\"wp-block-themeisle-blocks-advanced-columns-overlay\"><\/div><div class=\"innerblocks-wrap\">\n<div id=\"wp-block-themeisle-blocks-advanced-column-50bfdc69\" class=\"wp-block-themeisle-blocks-advanced-column\">\n<div id=\"wp-block-themeisle-blocks-flip-35d60954\" class=\"wp-block-themeisle-blocks-flip anim flipX has-light-back-bg has-light-front-bg\"><div class=\"o-flip-inner\"><div class=\"o-flip-front\"><div class=\"o-flip-content\"><img decoding=\"async\" class=\"o-img\" src=\"https:\/\/ugsel-finistere.org\/wp-content\/uploads\/2025\/02\/1337907.png\" srcset=\"https:\/\/ugsel-finistere.org\/wp-content\/uploads\/2025\/02\/1337907.png\" alt=\"icons, vector, free icons, geolocator, document, icons, icons, document, document, document, document, document\"\/><h3>Documents utiles<\/h3><p>1<\/p><\/div><\/div><div class=\"o-flip-back\">\n<div class=\"wp-block-group has-nv-site-bg-color has-neve-link-hover-color-background-color has-text-color has-background has-link-color wp-elements-7334d0404eeffa85e3d096686fe3333b is-nowrap is-layout-flex wp-container-core-group-is-layout-ad2f72ca wp-block-group-is-layout-flex\">\n<p class=\"has-custom-3-background-color has-background\" style=\"font-size:14px\"><a href=\"https:\/\/ugsel-finistere.org\/index.php\/1d_documents-utiles\/\" target=\"_blank\" rel=\"noreferrer noopener\"> dipl\u00f4mes\/documents \u00e0 t\u00e9l\u00e9charger : piscine, SRAV, &#8230;<\/a><\/p>\n<\/div>\n<\/div><\/div><\/div>\n<\/div>\n\n\n\n<div id=\"wp-block-themeisle-blocks-advanced-column-10efd162\" class=\"wp-block-themeisle-blocks-advanced-column\"><\/div>\n\n\n\n<div id=\"wp-block-themeisle-blocks-advanced-column-b12623c1\" class=\"wp-block-themeisle-blocks-advanced-column\"><\/div>\n\n\n\n<div id=\"wp-block-themeisle-blocks-advanced-column-4422fd63\" class=\"wp-block-themeisle-blocks-advanced-column\">\n<div id=\"wp-block-themeisle-blocks-flip-89c724a3\" class=\"wp-block-themeisle-blocks-flip anim flipX has-dark-front-bg has-dark-back-bg\"><div class=\"o-flip-inner\"><div class=\"o-flip-front\"><div class=\"o-flip-content\"><img decoding=\"async\" class=\"o-img\" src=\"https:\/\/ugsel-finistere.org\/wp-content\/uploads\/2025\/02\/5710947.jpeg\" srcset=\"https:\/\/ugsel-finistere.org\/wp-content\/uploads\/2025\/02\/5710947.jpeg\" alt=\"\"\/><h3>Partenaires sportifs<br><\/h3><p>1<\/p><\/div><\/div><div class=\"o-flip-back\">\n<div class=\"wp-block-group has-custom-2-background-color has-background is-nowrap is-layout-flex wp-container-core-group-is-layout-ad2f72ca wp-block-group-is-layout-flex\">\n<p class=\"has-nv-site-bg-color has-custom-2-background-color has-text-color has-background has-link-color wp-elements-325237add83290881dafd4ec8174e9b5\" style=\"font-size:14px\"><a href=\"https:\/\/ugsel-finistere.org\/index.php\/1d_operations-partenaires\/\" target=\"_blank\" rel=\"noreferrer noopener\">Rugby, handball, handisport, &#8230;<\/a><\/p>\n<\/div>\n<\/div><\/div><\/div>\n<\/div>\n<\/div><\/div>\n\n\n\n<div id=\"wp-block-themeisle-blocks-advanced-columns-389bf4d1\" class=\"wp-block-themeisle-blocks-advanced-columns has-3-columns has-desktop-equal-layout has-tablet-equal-layout has-mobile-collapsedRows-layout has-vertical-top\"><div class=\"wp-block-themeisle-blocks-advanced-columns-overlay\"><\/div><div class=\"innerblocks-wrap\">\n<div id=\"wp-block-themeisle-blocks-advanced-column-b88567c1\" class=\"wp-block-themeisle-blocks-advanced-column\"><\/div>\n\n\n\n<div id=\"wp-block-themeisle-blocks-advanced-column-13b3dceb\" class=\"wp-block-themeisle-blocks-advanced-column\"><\/div>\n\n\n\n<div id=\"wp-block-themeisle-blocks-advanced-column-84510b54\" class=\"wp-block-themeisle-blocks-advanced-column\"><\/div>\n<\/div><\/div>\n<\/div>\n<\/div><\/div>\n","protected":false},"excerpt":{"rendered":"","protected":false},"author":1,"featured_media":1618,"parent":0,"menu_order":0,"comment_status":"closed","ping_status":"closed","template":"","meta":{"_tec_requires_first_save":true,"_uag_custom_page_level_css":"","neve_meta_sidebar":"","neve_meta_container":"","neve_meta_enable_content_width":"","neve_meta_content_width":0,"neve_meta_title_alignment":"","neve_meta_author_avatar":"","neve_post_elements_order":"","neve_meta_disable_header":"","neve_meta_disable_footer":"","neve_meta_disable_title":"","_EventAllDay":false,"_EventTimezone":"","_EventStartDate":"","_EventEndDate":"","_EventStartDateUTC":"","_EventEndDateUTC":"","_EventShowMap":false,"_EventShowMapLink":false,"_EventURL":"","_EventCost":"","_EventCostDescription":"","_EventCurrencySymbol":"","_EventCurrencyCode":"","_EventCurrencyPosition":"","_EventDateTimeSeparator":"","_EventTimeRangeSeparator":"","_EventOrganizerID":[],"_EventVenueID":[],"_OrganizerEmail":"","_OrganizerPhone":"","_OrganizerWebsite":"","_VenueAddress":"","_VenueCity":"","_VenueCountry":"","_VenueProvince":"","_VenueState":"","_VenueZip":"","_VenuePhone":"","_VenueURL":"","_VenueStateProvince":"","_VenueLat":"","_VenueLng":"","_VenueShowMap":false,"_VenueShowMapLink":false,"_tribe_blocks_recurrence_rules":"","_tribe_blocks_recurrence_description":"","_tribe_blocks_recurrence_exclusions":"","_themeisle_gutenberg_block_has_review":false,"footnotes":""},"class_list":["post-117","page","type-page","status-publish","has-post-thumbnail","hentry"],"uagb_featured_image_src":{"full":["https:\/\/ugsel-finistere.org\/wp-content\/uploads\/2025\/04\/20240524_091441-scaled-e1746039561618.jpg",1178,206,false],"thumbnail":["https:\/\/ugsel-finistere.org\/wp-content\/uploads\/2025\/04\/20240524_091441-scaled-e1746039561618-150x150.jpg",150,150,true],"medium":["https:\/\/ugsel-finistere.org\/wp-content\/uploads\/2025\/04\/20240524_091441-scaled-e1746039561618-300x52.jpg",300,52,true],"medium_large":["https:\/\/ugsel-finistere.org\/wp-content\/uploads\/2025\/04\/20240524_091441-scaled-e1746039561618-768x134.jpg",768,134,true],"large":["https:\/\/ugsel-finistere.org\/wp-content\/uploads\/2025\/04\/20240524_091441-scaled-e1746039561618-1024x179.jpg",1024,179,true],"1536x1536":["https:\/\/ugsel-finistere.org\/wp-content\/uploads\/2025\/04\/20240524_091441-1536x1152.jpg",1536,1152,true],"2048x2048":["https:\/\/ugsel-finistere.org\/wp-content\/uploads\/2025\/04\/20240524_091441-2048x1536.jpg",2048,1536,true],"neve-blog":["https:\/\/ugsel-finistere.org\/wp-content\/uploads\/2025\/04\/20240524_091441-scaled-e1746039561618-930x206.jpg",930,206,true]},"uagb_author_info":{"display_name":"ugsel29","author_link":"https:\/\/ugsel-finistere.org\/index.php\/author\/ugsel29\/"},"uagb_comment_info":0,"uagb_excerpt":null,"_links":{"self":[{"href":"https:\/\/ugsel-finistere.org\/index.php\/wp-json\/wp\/v2\/pages\/117","targetHints":{"allow":["GET"]}}],"collection":[{"href":"https:\/\/ugsel-finistere.org\/index.php\/wp-json\/wp\/v2\/pages"}],"about":[{"href":"https:\/\/ugsel-finistere.org\/index.php\/wp-json\/wp\/v2\/types\/page"}],"author":[{"embeddable":true,"href":"https:\/\/ugsel-finistere.org\/index.php\/wp-json\/wp\/v2\/users\/1"}],"replies":[{"embeddable":true,"href":"https:\/\/ugsel-finistere.org\/index.php\/wp-json\/wp\/v2\/comments?post=117"}],"version-history":[{"count":253,"href":"https:\/\/ugsel-finistere.org\/index.php\/wp-json\/wp\/v2\/pages\/117\/revisions"}],"predecessor-version":[{"id":5606,"href":"https:\/\/ugsel-finistere.org\/index.php\/wp-json\/wp\/v2\/pages\/117\/revisions\/5606"}],"wp:featuredmedia":[{"embeddable":true,"href":"https:\/\/ugsel-finistere.org\/index.php\/wp-json\/wp\/v2\/media\/1618"}],"wp:attachment":[{"href":"https:\/\/ugsel-finistere.org\/index.php\/wp-json\/wp\/v2\/media?parent=117"}],"curies":[{"name":"wp","href":"https:\/\/api.w.org\/{rel}","templated":true}]}}