{"id":121,"date":"2025-01-31T14:54:15","date_gmt":"2025-01-31T13:54:15","guid":{"rendered":"https:\/\/www.futur.ugsel-finistere.org\/futur.ugsel-finistere.org\/?page_id=121"},"modified":"2026-01-14T15:21:22","modified_gmt":"2026-01-14T14:21:22","slug":"sante-prevention","status":"publish","type":"page","link":"https:\/\/ugsel-finistere.org\/index.php\/sante-prevention\/","title":{"rendered":"Sant\u00e9 Pr\u00e9vention"},"content":{"rendered":"\n<div id=\"wp-block-themeisle-blocks-advanced-columns-d738bad6\" class=\"wp-block-themeisle-blocks-advanced-columns alignfull has-1-columns has-desktop-equal-layout has-tablet-equal-layout has-mobile-collapsedRows-layout has-vertical-center ticss-c00aadba\"><div class=\"wp-block-themeisle-blocks-advanced-columns-overlay\"><\/div><div class=\"innerblocks-wrap\">\n<div id=\"wp-block-themeisle-blocks-advanced-column-bbd8db2b\" class=\"wp-block-themeisle-blocks-advanced-column\">\n<div id=\"wp-block-themeisle-blocks-advanced-columns-7f744968\" class=\"wp-block-themeisle-blocks-advanced-columns has-3-columns has-desktop-equal-layout has-tablet-equal-layout has-mobile-collapsedRows-layout has-vertical-top\"><div class=\"wp-block-themeisle-blocks-advanced-columns-overlay\"><\/div><div class=\"innerblocks-wrap\">\n<div id=\"wp-block-themeisle-blocks-advanced-column-1430d2f1\" class=\"wp-block-themeisle-blocks-advanced-column\">\n<div id=\"wp-block-themeisle-blocks-flip-123c6ebb\" class=\"wp-block-themeisle-blocks-flip anim flipX-rev has-dark-front-bg has-dark-back-bg\"><div class=\"o-flip-inner\"><div class=\"o-flip-front\"><div class=\"o-flip-content\"><img decoding=\"async\" class=\"o-img\" src=\"https:\/\/ugsel-finistere.org\/wp-content\/uploads\/2025\/05\/AFFICHE-APS-scaled-e1747238233908.jpg\" srcset=\"https:\/\/ugsel-finistere.org\/wp-content\/uploads\/2025\/05\/AFFICHE-APS-scaled-e1747238233908.jpg\" alt=\"\"\/><h3>Apprendre \u00e0 Porter Secours (APS)<\/h3><p><\/p><\/div><\/div><div class=\"o-flip-back\">\n<p style=\"font-size:0px\">7<\/p>\n\n\n\n<p class=\"has-text-align-center\" style=\"font-size:16px\">Formation et ressources destin\u00e9es aux professeurs des \u00e9coles<\/p>\n\n\n\n<div class=\"wp-block-buttons is-content-justification-center is-layout-flex wp-container-core-buttons-is-layout-16018d1d wp-block-buttons-is-layout-flex\">\n<div class=\"wp-block-button has-custom-width wp-block-button__width-75 is-style-primary\"><a class=\"wp-block-button__link wp-element-button\" href=\"https:\/\/ugsel-finistere.org\/index.php\/sante_aps\/\" style=\"border-radius:20px\">infos<\/a><\/div>\n<\/div>\n<\/div><\/div><\/div>\n<\/div>\n\n\n\n<div id=\"wp-block-themeisle-blocks-advanced-column-4b138e01\" class=\"wp-block-themeisle-blocks-advanced-column\">\n<div id=\"wp-block-themeisle-blocks-flip-2c636530\" class=\"wp-block-themeisle-blocks-flip anim flipX-rev has-dark-front-bg has-dark-back-bg\"><div class=\"o-flip-inner\"><div class=\"o-flip-front\"><div class=\"o-flip-content\"><img decoding=\"async\" class=\"o-img\" src=\"https:\/\/ugsel-finistere.org\/wp-content\/uploads\/2025\/02\/IMG-20240908-WA0010.jpg\" srcset=\"https:\/\/ugsel-finistere.org\/wp-content\/uploads\/2025\/02\/IMG-20240908-WA0010.jpg\" alt=\"\"\/><h3>Premiers Secours Citoyens (PSC)<\/h3><p><\/p><\/div><\/div><div class=\"o-flip-back\">\n<p style=\"font-size:0px\">a<\/p>\n\n\n\n<p><\/p>\n\n\n\n<p><\/p>\n\n\n\n<p class=\"has-text-align-center\" style=\"font-size:16px\">Formation pour les professeurs et personnel \u00e9tablissements scolaires<\/p>\n\n\n\n<div class=\"wp-block-buttons is-content-justification-center is-layout-flex wp-container-core-buttons-is-layout-16018d1d wp-block-buttons-is-layout-flex\">\n<div class=\"wp-block-button has-custom-width wp-block-button__width-75 is-style-primary\"><a class=\"wp-block-button__link wp-element-button\" href=\"https:\/\/ugsel-finistere.org\/index.php\/sante_psc\/\" style=\"border-radius:20px\">Infos<\/a><\/div>\n<\/div>\n<\/div><\/div><\/div>\n<\/div>\n\n\n\n<div id=\"wp-block-themeisle-blocks-advanced-column-eefc33b9\" class=\"wp-block-themeisle-blocks-advanced-column\">\n<div id=\"wp-block-themeisle-blocks-flip-6323a328\" class=\"wp-block-themeisle-blocks-flip anim flipX-rev has-light-front-bg has-light-back-bg\"><div class=\"o-flip-inner\"><div class=\"o-flip-front\"><div class=\"o-flip-content\"><img decoding=\"async\" class=\"o-img\" src=\"https:\/\/ugsel-finistere.org\/wp-content\/uploads\/2025\/02\/92e5aab4-7269-4366-b326-629776e1525d.jpg\" srcset=\"https:\/\/ugsel-finistere.org\/wp-content\/uploads\/2025\/02\/92e5aab4-7269-4366-b326-629776e1525d.jpg\" alt=\"\"\/><h3>Bouger <\/h3><p><\/p><\/div><\/div><div class=\"o-flip-back\">\n<p style=\"font-size:0px\">a<\/p>\n\n\n\n<p style=\"font-size:14px\">Ressources pour bouger de la maternelle au lyc\u00e9e<\/p>\n\n\n\n<div class=\"wp-block-buttons is-content-justification-center is-layout-flex wp-container-core-buttons-is-layout-16018d1d wp-block-buttons-is-layout-flex\">\n<div class=\"wp-block-button has-custom-width wp-block-button__width-75 is-style-primary\"><a class=\"wp-block-button__link wp-element-button\" href=\"https:\/\/ugsel-finistere.org\/index.php\/sante_bouger\/\" style=\"border-radius:20px\">Infos<\/a><\/div>\n<\/div>\n<\/div><\/div><\/div>\n<\/div>\n<\/div><\/div>\n<\/div>\n<\/div><\/div>\n\n\n\n<div class=\"wp-block-uagb-container uagb-block-4777894b alignfull uagb-is-root-container\"><div class=\"uagb-container-inner-blocks-wrap\">\n<figure class=\"wp-block-embed is-type-video is-provider-vimeo wp-block-embed-vimeo wp-embed-aspect-16-9 wp-has-aspect-ratio\"><div class=\"wp-block-embed__wrapper\">\n<div class=\"nv-iframe-embed\"><iframe loading=\"lazy\" title=\"Le sport ... c&#039;est du bonheur !\" src=\"https:\/\/player.vimeo.com\/video\/276224094?dnt=1&amp;app_id=122963\" width=\"1200\" height=\"675\" frameborder=\"0\" allow=\"autoplay; fullscreen; picture-in-picture; clipboard-write; encrypted-media; web-share\" referrerpolicy=\"strict-origin-when-cross-origin\"><\/iframe><\/div>\n<\/div><\/figure>\n\n\n\n<div class=\"wp-block-uagb-container uagb-block-198d5185\">\n<div class=\"wp-block-uagb-container uagb-block-12825574\">\n<p style=\"font-size:16px\"><strong>\u00abLa politique de sant\u00e9 \u00e0 l&rsquo;\u00e9cole se d\u00e9finit selon trois axes: l&rsquo;\u00e9ducation, la pr\u00e9vention et la protection \u00bb&nbsp;<\/strong><\/p>\n\n\n\n<p style=\"font-size:16px\"><a href=\"http:\/\/www.education.gouv.fr\/pid285\/bulletin_officiel.html?cid_bo=97990\" target=\"_blank\" rel=\"noreferrer noopener\">Le parcours \u00e9ducatif de sant\u00e9<\/a> vise \u00e0 faire acqu\u00e9rir \u00e0 chaque \u00e9l\u00e8ve les connaissances, les comp\u00e9tences et la culture lui permettant de prendre en charge sa propre sant\u00e9 de fa\u00e7on autonome et responsable.<\/p>\n\n\n\n<p style=\"font-size:16px\">Dans son projet \u00e9ducatif <strong>l\u2019Ugsel Finist\u00e8re<\/strong> souhaite \u00e9largir son offre de formation et animation aux domaines de l&rsquo;\u00e9ducation \u00e0 la sant\u00e9.<\/p>\n<\/div>\n<\/div>\n<\/div><\/div>\n\n\n\n<p><\/p>\n","protected":false},"excerpt":{"rendered":"<p>\u00abLa politique de sant\u00e9 \u00e0 l&rsquo;\u00e9cole se d\u00e9finit selon trois axes: l&rsquo;\u00e9ducation, la pr\u00e9vention et la protection \u00bb&nbsp; Le parcours \u00e9ducatif de sant\u00e9 vise \u00e0 faire acqu\u00e9rir \u00e0 chaque \u00e9l\u00e8ve&hellip;&nbsp;<a href=\"https:\/\/ugsel-finistere.org\/index.php\/sante-prevention\/\" rel=\"bookmark\">Lire la suite &raquo;<span class=\"screen-reader-text\">Sant\u00e9 Pr\u00e9vention<\/span><\/a><\/p>\n","protected":false},"author":1,"featured_media":1987,"parent":0,"menu_order":0,"comment_status":"closed","ping_status":"closed","template":"","meta":{"_tec_requires_first_save":true,"_uag_custom_page_level_css":"","neve_meta_sidebar":"","neve_meta_container":"","neve_meta_enable_content_width":"","neve_meta_content_width":0,"neve_meta_title_alignment":"","neve_meta_author_avatar":"","neve_post_elements_order":"","neve_meta_disable_header":"","neve_meta_disable_footer":"","neve_meta_disable_title":"","_EventAllDay":false,"_EventTimezone":"","_EventStartDate":"","_EventEndDate":"","_EventStartDateUTC":"","_EventEndDateUTC":"","_EventShowMap":false,"_EventShowMapLink":false,"_EventURL":"","_EventCost":"","_EventCostDescription":"","_EventCurrencySymbol":"","_EventCurrencyCode":"","_EventCurrencyPosition":"","_EventDateTimeSeparator":"","_EventTimeRangeSeparator":"","_EventOrganizerID":[],"_EventVenueID":[],"_OrganizerEmail":"","_OrganizerPhone":"","_OrganizerWebsite":"","_VenueAddress":"","_VenueCity":"","_VenueCountry":"","_VenueProvince":"","_VenueState":"","_VenueZip":"","_VenuePhone":"","_VenueURL":"","_VenueStateProvince":"","_VenueLat":"","_VenueLng":"","_VenueShowMap":false,"_VenueShowMapLink":false,"_tribe_blocks_recurrence_rules":"","_tribe_blocks_recurrence_description":"","_tribe_blocks_recurrence_exclusions":"","_themeisle_gutenberg_block_has_review":false,"footnotes":""},"class_list":["post-121","page","type-page","status-publish","has-post-thumbnail","hentry"],"uagb_featured_image_src":{"full":["https:\/\/ugsel-finistere.org\/wp-content\/uploads\/2025\/05\/AFFICHE-APS-scaled-e1747240083404.jpg",1782,1026,false],"thumbnail":["https:\/\/ugsel-finistere.org\/wp-content\/uploads\/2025\/05\/AFFICHE-APS-scaled-e1747240083404-150x150.jpg",150,150,true],"medium":["https:\/\/ugsel-finistere.org\/wp-content\/uploads\/2025\/05\/AFFICHE-APS-scaled-e1747240083404-300x173.jpg",300,173,true],"medium_large":["https:\/\/ugsel-finistere.org\/wp-content\/uploads\/2025\/05\/AFFICHE-APS-scaled-e1747240083404-768x442.jpg",768,442,true],"large":["https:\/\/ugsel-finistere.org\/wp-content\/uploads\/2025\/05\/AFFICHE-APS-scaled-e1747240083404-1024x590.jpg",1024,590,true],"1536x1536":["https:\/\/ugsel-finistere.org\/wp-content\/uploads\/2025\/05\/AFFICHE-APS-scaled-e1747240083404-1536x884.jpg",1536,884,true],"2048x2048":["https:\/\/ugsel-finistere.org\/wp-content\/uploads\/2025\/05\/AFFICHE-APS-1446x2048.jpg",1446,2048,true],"neve-blog":["https:\/\/ugsel-finistere.org\/wp-content\/uploads\/2025\/05\/AFFICHE-APS-scaled-e1747240083404-930x620.jpg",930,620,true]},"uagb_author_info":{"display_name":"ugsel29","author_link":"https:\/\/ugsel-finistere.org\/index.php\/author\/ugsel29\/"},"uagb_comment_info":0,"uagb_excerpt":"\u00abLa politique de sant\u00e9 \u00e0 l&rsquo;\u00e9cole se d\u00e9finit selon trois axes: l&rsquo;\u00e9ducation, la pr\u00e9vention et la protection \u00bb&nbsp; Le parcours \u00e9ducatif de sant\u00e9 vise \u00e0 faire acqu\u00e9rir \u00e0 chaque \u00e9l\u00e8ve&hellip;&nbsp;Lire la suite &raquo;Sant\u00e9 Pr\u00e9vention","_links":{"self":[{"href":"https:\/\/ugsel-finistere.org\/index.php\/wp-json\/wp\/v2\/pages\/121","targetHints":{"allow":["GET"]}}],"collection":[{"href":"https:\/\/ugsel-finistere.org\/index.php\/wp-json\/wp\/v2\/pages"}],"about":[{"href":"https:\/\/ugsel-finistere.org\/index.php\/wp-json\/wp\/v2\/types\/page"}],"author":[{"embeddable":true,"href":"https:\/\/ugsel-finistere.org\/index.php\/wp-json\/wp\/v2\/users\/1"}],"replies":[{"embeddable":true,"href":"https:\/\/ugsel-finistere.org\/index.php\/wp-json\/wp\/v2\/comments?post=121"}],"version-history":[{"count":35,"href":"https:\/\/ugsel-finistere.org\/index.php\/wp-json\/wp\/v2\/pages\/121\/revisions"}],"predecessor-version":[{"id":5285,"href":"https:\/\/ugsel-finistere.org\/index.php\/wp-json\/wp\/v2\/pages\/121\/revisions\/5285"}],"wp:featuredmedia":[{"embeddable":true,"href":"https:\/\/ugsel-finistere.org\/index.php\/wp-json\/wp\/v2\/media\/1987"}],"wp:attachment":[{"href":"https:\/\/ugsel-finistere.org\/index.php\/wp-json\/wp\/v2\/media?parent=121"}],"curies":[{"name":"wp","href":"https:\/\/api.w.org\/{rel}","templated":true}]}}