{"id":1235,"date":"2025-03-03T19:20:29","date_gmt":"2025-03-03T18:20:29","guid":{"rendered":"https:\/\/www.futur.ugsel-finistere.org\/futur.ugsel-finistere.org\/?page_id=1235"},"modified":"2026-03-25T16:58:15","modified_gmt":"2026-03-25T15:58:15","slug":"1d-rp-jeux-des-familles","status":"publish","type":"page","link":"https:\/\/ugsel-finistere.org\/index.php\/1d-rp-jeux-des-familles\/","title":{"rendered":"1D-RP-jeux des familles"},"content":{"rendered":"\n<div class=\"wp-block-uagb-advanced-heading uagb-block-63a35819\"><h3 class=\"uagb-heading-text\"><strong>Courir vite et m\u00e9moriser<\/strong><\/h3><\/div>\n\n\n\n<div class=\"wp-block-columns is-layout-flex wp-container-core-columns-is-layout-9d6595d7 wp-block-columns-is-layout-flex\">\n<div class=\"wp-block-column is-layout-flow wp-block-column-is-layout-flow\" style=\"flex-basis:100%\">\n<div id=\"wp-block-themeisle-blocks-advanced-columns-5858bdac\" class=\"wp-block-themeisle-blocks-advanced-columns has-2-columns has-desktop-oneTwo-layout has-tablet-equal-layout has-mobile-collapsedRows-layout has-vertical-unset has-light-bg\"><div class=\"wp-block-themeisle-blocks-advanced-columns-overlay\"><\/div><div class=\"innerblocks-wrap\">\n<div id=\"wp-block-themeisle-blocks-advanced-column-5d6e42d0\" class=\"wp-block-themeisle-blocks-advanced-column\">\n<p style=\"font-size:14px\"><br><\/p>\n\n\n\n<p style=\"font-size:14px\"><strong>Mat\u00e9riel :<\/strong><\/p>\n\n\n\n<p style=\"font-size:14px\"><br>Plots ou objets qui peuvent \u00eatre recouverts et retourn\u00e9s<\/p>\n\n\n\n<p style=\"font-size:14px\"><br>Plateaux de familles (au minimum 1 par famille sportive),<\/p>\n\n\n\n<p style=\"font-size:14px\"><br>Images correspondantes aux plateaux<\/p>\n<\/div>\n\n\n\n<div id=\"wp-block-themeisle-blocks-advanced-column-70046a40\" class=\"wp-block-themeisle-blocks-advanced-column\">\n<p><\/p>\n\n\n\n<p style=\"font-size:14px\"><strong>D\u00e9roulement :<\/strong> <\/p>\n\n\n\n<ul style=\"font-size:14px\" class=\"wp-block-list\">\n<li>Attribuer une famille (1 sport ou autre th\u00e9matique) par \u00e9quipe. Chaque \u00e9quipe prend le temps d&rsquo;observer son plateau d&rsquo;images.<\/li>\n\n\n\n<li>Placer autant de c\u00f4nes que d&rsquo;images sur la cour, assez \u00e9loign\u00e9s les uns des autres.<br>R\u00e9partir les cartes de chaque famille sous des plots diff\u00e9rents.<\/li>\n\n\n\n<li>Au signal, 1 membre de chaque \u00e9quipe court soulever un plot.<br>&#8211; Si la carte correspond \u00e0 sa famille, il la rapporte et la d\u00e9pose sur son plateau de jeu.<br>&#8211; Si la carte ne correspond pas \u00e0 sa famille, il repose le plot, revient taper dans la main du joueur suivant qui s\u2019\u00e9lance \u00e0 son tour.<br><\/li>\n\n\n\n<li>Un enfant ne peut soulever qu\u2019un plot par course.<br><\/li>\n\n\n\n<li>Adapter les distances \u00e0 l\u2019\u00e2ge des enfants.<br><\/li>\n\n\n\n<li>6 enfants maximum par \u00e9quipe : plus, les enfants attendant leur tour trop longtemps.<br><\/li>\n\n\n\n<li>Un plot sans carte doit \u00eatre laiss\u00e9 retourn\u00e9.<br><\/li>\n\n\n\n<li style=\"font-size:14px\"><strong>L&rsquo;\u00e9quipe qui gagne est celle qui arrive la 1\u00e8re \u00e0 r\u00e9unir toutes ses cartes sur son plateau.<\/strong><\/li>\n<\/ul>\n<\/div>\n<\/div><\/div>\n<\/div>\n<\/div>\n\n\n\n<blockquote class=\"wp-block-quote is-layout-flow wp-block-quote-is-layout-flow\">\n<div class=\"wp-block-uagb-container uagb-block-a2396d72 alignfull uagb-is-root-container\"><div class=\"uagb-container-inner-blocks-wrap\"><\/div><\/div>\n<\/blockquote>\n\n\n\n<p><\/p>\n\n\n\n<div class=\"wp-block-uagb-container uagb-block-0a80aa2a alignfull uagb-is-root-container\"><div class=\"uagb-container-inner-blocks-wrap\">\n<div class=\"wp-block-uagb-container uagb-block-56f457d4\">\n<div class=\"wp-block-uagb-image uagb-block-4823ae63 wp-block-uagb-image--layout-default wp-block-uagb-image--effect-static wp-block-uagb-image--align-none\"><figure class=\"wp-block-uagb-image__figure\"><a class=\"\" href=\"https:\/\/ecbzh-my.sharepoint.com\/:f:\/g\/personal\/ugsel29_enseignement-catholique_bzh\/IgAlJUhuCv7NT6dVX5pNJt-5AXTcmzA9-SWcuzBoixbIp7g?e=MwJla1\" target=\"_blank\" rel=\"noreferrer noopener\"><img decoding=\"async\" srcset=\"https:\/\/ugsel-finistere.org\/wp-content\/uploads\/2025\/03\/jeu-des-familles-APS-f50a00.svg ,https:\/\/ugsel-finistere.org\/wp-content\/uploads\/2025\/03\/jeu-des-familles-APS-f50a00.svg 780w, https:\/\/ugsel-finistere.org\/wp-content\/uploads\/2025\/03\/jeu-des-familles-APS-f50a00.svg 360w\" sizes=\"auto, (max-width: 480px) 150px\" src=\"https:\/\/ugsel-finistere.org\/wp-content\/uploads\/2025\/03\/jeu-des-familles-APS-f50a00.svg\" alt=\"\" class=\"uag-image-1236\" width=\"250\" height=\"89\" title=\"jeu des familles APS\" loading=\"lazy\" role=\"img\"\/><\/a><\/figure><\/div>\n<\/div>\n\n\n\n<div class=\"wp-block-uagb-container uagb-block-a9d7e06f\">\n<div class=\"wp-block-uagb-image uagb-block-f8a6b48c wp-block-uagb-image--layout-default wp-block-uagb-image--effect-static wp-block-uagb-image--align-none\"><figure class=\"wp-block-uagb-image__figure\"><a class=\"\" href=\"https:\/\/ecbzh-my.sharepoint.com\/:f:\/g\/personal\/ugsel29_enseignement-catholique_bzh\/IgDIFHs2iQLeR6PYGxNrqgG6ATOioTQz604mHzompIgEMuA?e=PSjhj6\" target=\"_blank\" rel=\"noreferrer noopener\"><img decoding=\"async\" srcset=\"https:\/\/ugsel-finistere.org\/wp-content\/uploads\/2025\/03\/jeu-des-familles-math.-9b1a1e.svg ,https:\/\/ugsel-finistere.org\/wp-content\/uploads\/2025\/03\/jeu-des-familles-math.-9b1a1e.svg 780w, https:\/\/ugsel-finistere.org\/wp-content\/uploads\/2025\/03\/jeu-des-familles-math.-9b1a1e.svg 360w\" sizes=\"auto, (max-width: 480px) 150px\" src=\"https:\/\/ugsel-finistere.org\/wp-content\/uploads\/2025\/03\/jeu-des-familles-math.-9b1a1e.svg\" alt=\"\" class=\"uag-image-1237\" width=\"250\" height=\"89\" title=\"jeu des familles math...\" loading=\"lazy\" role=\"img\"\/><\/a><\/figure><\/div>\n<\/div>\n\n\n\n<div class=\"wp-block-uagb-container uagb-block-cb9a0871\">\n<div class=\"wp-block-uagb-image uagb-block-873d0ffa wp-block-uagb-image--layout-default wp-block-uagb-image--effect-static wp-block-uagb-image--align-none\"><figure class=\"wp-block-uagb-image__figure\"><a class=\"\" href=\"https:\/\/ecbzh-my.sharepoint.com\/:f:\/g\/personal\/ugsel29_enseignement-catholique_bzh\/IgCSiikNucSaQ5apfVuVMb3fARQXHtOID2YQLaeoisSPcpw?e=vNUueJ\" target=\"_blank\" rel=\"noreferrer noopener\"><img decoding=\"async\" srcset=\"https:\/\/ugsel-finistere.org\/wp-content\/uploads\/2025\/03\/jeu-des-familles-sports-intrus-6050a7.svg ,https:\/\/ugsel-finistere.org\/wp-content\/uploads\/2025\/03\/jeu-des-familles-sports-intrus-6050a7.svg 780w, https:\/\/ugsel-finistere.org\/wp-content\/uploads\/2025\/03\/jeu-des-familles-sports-intrus-6050a7.svg 360w\" sizes=\"auto, (max-width: 480px) 150px\" src=\"https:\/\/ugsel-finistere.org\/wp-content\/uploads\/2025\/03\/jeu-des-familles-sports-intrus-6050a7.svg\" alt=\"\" class=\"uag-image-1241\" width=\"250\" height=\"89\" title=\"jeu des familles sports intrus\" loading=\"lazy\" role=\"img\"\/><\/a><\/figure><\/div>\n<\/div>\n\n\n\n<div class=\"wp-block-uagb-container uagb-block-2247f5f5\">\n<div class=\"wp-block-uagb-image uagb-block-4a9f135a wp-block-uagb-image--layout-default wp-block-uagb-image--effect-static wp-block-uagb-image--align-none\"><figure class=\"wp-block-uagb-image__figure\"><a class=\"\" href=\"https:\/\/ecbzh-my.sharepoint.com\/:f:\/g\/personal\/ugsel29_enseignement-catholique_bzh\/IgCagVBsdf6zSpu34HhGwCodAYjjkdJIVtU8vrfDjEWEGVY?e=48grEH\" target=\"_blank\" rel=\"noreferrer noopener\"><img decoding=\"async\" srcset=\"https:\/\/ugsel-finistere.org\/wp-content\/uploads\/2025\/03\/jeu-des-familles-amitie-80aa5e.svg ,https:\/\/ugsel-finistere.org\/wp-content\/uploads\/2025\/03\/jeu-des-familles-amitie-80aa5e.svg 780w, https:\/\/ugsel-finistere.org\/wp-content\/uploads\/2025\/03\/jeu-des-familles-amitie-80aa5e.svg 360w\" sizes=\"auto, (max-width: 480px) 150px\" src=\"https:\/\/ugsel-finistere.org\/wp-content\/uploads\/2025\/03\/jeu-des-familles-amitie-80aa5e.svg\" alt=\"\" class=\"uag-image-1244\" width=\"250\" height=\"89\" title=\"jeu des familles amiti\u00e9\" loading=\"lazy\" role=\"img\"\/><\/a><\/figure><\/div>\n<\/div>\n<\/div><\/div>\n\n\n\n<div class=\"wp-block-uagb-container uagb-block-126c5536 alignfull uagb-is-root-container\"><div class=\"uagb-container-inner-blocks-wrap\">\n<div class=\"wp-block-uagb-container uagb-block-e333c7db\">\n<div class=\"wp-block-uagb-image uagb-block-8f9e2175 wp-block-uagb-image--layout-default wp-block-uagb-image--effect-static wp-block-uagb-image--align-none\"><figure class=\"wp-block-uagb-image__figure\"><a class=\"\" href=\"https:\/\/ecbzh-my.sharepoint.com\/:f:\/g\/personal\/ugsel29_enseignement-catholique_bzh\/IgAUtpG1ferjRKSXEWqHEXpsAZtIuWs8Q0JCHw-H9RXcI_4?e=pTIbIo\" target=\"_blank\" rel=\"noreferrer noopener\"><img decoding=\"async\" srcset=\"https:\/\/ugsel-finistere.org\/wp-content\/uploads\/2025\/03\/jeu-des-familles-les-emotions-e963ef.svg ,https:\/\/ugsel-finistere.org\/wp-content\/uploads\/2025\/03\/jeu-des-familles-les-emotions-e963ef.svg 780w, https:\/\/ugsel-finistere.org\/wp-content\/uploads\/2025\/03\/jeu-des-familles-les-emotions-e963ef.svg 360w\" sizes=\"auto, (max-width: 480px) 150px\" src=\"https:\/\/ugsel-finistere.org\/wp-content\/uploads\/2025\/03\/jeu-des-familles-les-emotions-e963ef.svg\" alt=\"\" class=\"uag-image-1246\" width=\"250\" height=\"89\" title=\"jeu des familles les \u00e9motions\" loading=\"lazy\" role=\"img\"\/><\/a><\/figure><\/div>\n<\/div>\n\n\n\n<div class=\"wp-block-uagb-container uagb-block-3931b536\">\n<div class=\"wp-block-uagb-image uagb-block-c820310c wp-block-uagb-image--layout-default wp-block-uagb-image--effect-static wp-block-uagb-image--align-none\"><figure class=\"wp-block-uagb-image__figure\"><a class=\"\" href=\"https:\/\/ecbzh-my.sharepoint.com\/:f:\/g\/personal\/ugsel29_enseignement-catholique_bzh\/IgD0rU6UrYRASpJkE4aSNVR4AcRESPTcMa1SjdJnOZC7tfc?e=DTdqIM\" target=\"_blank\" rel=\"noreferrer noopener\"><img decoding=\"async\" srcset=\"https:\/\/ugsel-finistere.org\/wp-content\/uploads\/2025\/03\/jeu-des-familles-le-cirque-03e9ac.svg ,https:\/\/ugsel-finistere.org\/wp-content\/uploads\/2025\/03\/jeu-des-familles-le-cirque-03e9ac.svg 780w, https:\/\/ugsel-finistere.org\/wp-content\/uploads\/2025\/03\/jeu-des-familles-le-cirque-03e9ac.svg 360w\" sizes=\"auto, (max-width: 480px) 150px\" src=\"https:\/\/ugsel-finistere.org\/wp-content\/uploads\/2025\/03\/jeu-des-familles-le-cirque-03e9ac.svg\" alt=\"\" class=\"uag-image-1249\" width=\"250\" height=\"89\" title=\"jeu des familles le cirque\" loading=\"lazy\" role=\"img\"\/><\/a><\/figure><\/div>\n<\/div>\n\n\n\n<div class=\"wp-block-uagb-container uagb-block-0a16698e\">\n<div class=\"wp-block-uagb-image uagb-block-b3fdd2ec wp-block-uagb-image--layout-default wp-block-uagb-image--effect-static wp-block-uagb-image--align-none\"><figure class=\"wp-block-uagb-image__figure\"><a class=\"\" href=\"https:\/\/ecbzh-my.sharepoint.com\/:f:\/g\/personal\/ugsel29_enseignement-catholique_bzh\/IgDhVOTHMT2kTrzQnnZxPJbZARd2WieA8SeTtMgJ5cy4rlA?e=pBJMbK\" target=\"_blank\" rel=\"noreferrer noopener\"><img decoding=\"async\" srcset=\"https:\/\/ugsel-finistere.org\/wp-content\/uploads\/2025\/03\/jeu-des-familles-les-poubelles-160d6c.svg ,https:\/\/ugsel-finistere.org\/wp-content\/uploads\/2025\/03\/jeu-des-familles-les-poubelles-160d6c.svg 780w, https:\/\/ugsel-finistere.org\/wp-content\/uploads\/2025\/03\/jeu-des-familles-les-poubelles-160d6c.svg 360w\" sizes=\"auto, (max-width: 480px) 150px\" src=\"https:\/\/ugsel-finistere.org\/wp-content\/uploads\/2025\/03\/jeu-des-familles-les-poubelles-160d6c.svg\" alt=\"\" class=\"uag-image-1253\" width=\"250\" height=\"89\" title=\"jeu des familles les poubelles\" loading=\"lazy\" role=\"img\"\/><\/a><\/figure><\/div>\n<\/div>\n\n\n\n<div class=\"wp-block-uagb-container uagb-block-1275107d\"><\/div>\n<\/div><\/div>\n\n\n\n<p><\/p>\n","protected":false},"excerpt":{"rendered":"<p>Courir vite et m\u00e9moriser<\/p>\n","protected":false},"author":2,"featured_media":0,"parent":0,"menu_order":0,"comment_status":"closed","ping_status":"closed","template":"","meta":{"_tec_requires_first_save":true,"_uag_custom_page_level_css":"","neve_meta_sidebar":"","neve_meta_container":"","neve_meta_enable_content_width":"","neve_meta_content_width":0,"neve_meta_title_alignment":"","neve_meta_author_avatar":"","neve_post_elements_order":"","neve_meta_disable_header":"","neve_meta_disable_footer":"","neve_meta_disable_title":"","_EventAllDay":false,"_EventTimezone":"","_EventStartDate":"","_EventEndDate":"","_EventStartDateUTC":"","_EventEndDateUTC":"","_EventShowMap":false,"_EventShowMapLink":false,"_EventURL":"","_EventCost":"","_EventCostDescription":"","_EventCurrencySymbol":"","_EventCurrencyCode":"","_EventCurrencyPosition":"","_EventDateTimeSeparator":"","_EventTimeRangeSeparator":"","_EventOrganizerID":[],"_EventVenueID":[],"_OrganizerEmail":"","_OrganizerPhone":"","_OrganizerWebsite":"","_VenueAddress":"","_VenueCity":"","_VenueCountry":"","_VenueProvince":"","_VenueState":"","_VenueZip":"","_VenuePhone":"","_VenueURL":"","_VenueStateProvince":"","_VenueLat":"","_VenueLng":"","_VenueShowMap":false,"_VenueShowMapLink":false,"_tribe_blocks_recurrence_rules":"","_tribe_blocks_recurrence_description":"","_tribe_blocks_recurrence_exclusions":"","_themeisle_gutenberg_block_has_review":false,"footnotes":""},"class_list":["post-1235","page","type-page","status-publish","hentry"],"uagb_featured_image_src":{"full":false,"thumbnail":false,"medium":false,"medium_large":false,"large":false,"1536x1536":false,"2048x2048":false,"neve-blog":false},"uagb_author_info":{"display_name":"Manue","author_link":"https:\/\/ugsel-finistere.org\/index.php\/author\/manue\/"},"uagb_comment_info":0,"uagb_excerpt":"Courir vite et m\u00e9moriser","_links":{"self":[{"href":"https:\/\/ugsel-finistere.org\/index.php\/wp-json\/wp\/v2\/pages\/1235","targetHints":{"allow":["GET"]}}],"collection":[{"href":"https:\/\/ugsel-finistere.org\/index.php\/wp-json\/wp\/v2\/pages"}],"about":[{"href":"https:\/\/ugsel-finistere.org\/index.php\/wp-json\/wp\/v2\/types\/page"}],"author":[{"embeddable":true,"href":"https:\/\/ugsel-finistere.org\/index.php\/wp-json\/wp\/v2\/users\/2"}],"replies":[{"embeddable":true,"href":"https:\/\/ugsel-finistere.org\/index.php\/wp-json\/wp\/v2\/comments?post=1235"}],"version-history":[{"count":27,"href":"https:\/\/ugsel-finistere.org\/index.php\/wp-json\/wp\/v2\/pages\/1235\/revisions"}],"predecessor-version":[{"id":6097,"href":"https:\/\/ugsel-finistere.org\/index.php\/wp-json\/wp\/v2\/pages\/1235\/revisions\/6097"}],"wp:attachment":[{"href":"https:\/\/ugsel-finistere.org\/index.php\/wp-json\/wp\/v2\/media?parent=1235"}],"curies":[{"name":"wp","href":"https:\/\/api.w.org\/{rel}","templated":true}]}}