{"id":213,"date":"2025-02-05T14:53:33","date_gmt":"2025-02-05T13:53:33","guid":{"rendered":"https:\/\/www.futur.ugsel-finistere.org\/futur.ugsel-finistere.org\/?page_id=213"},"modified":"2026-05-05T09:10:40","modified_gmt":"2026-05-05T07:10:40","slug":"ugselnet","status":"publish","type":"page","link":"https:\/\/ugsel-finistere.org\/index.php\/ugselnet\/","title":{"rendered":"Ugselnet"},"content":{"rendered":"\n<figure class=\"wp-block-image size-full is-resized\"><a href=\"https:\/\/ugselnet.org\/ugsel\/\" target=\"_blank\" rel=\" noreferrer noopener\"><img loading=\"lazy\" decoding=\"async\" width=\"100\" height=\"98\" src=\"https:\/\/ugsel-finistere.org\/wp-content\/uploads\/2025\/05\/logo_usport-bdfe4b848e16f1206bc5e982a7640e3a9f6cafd0399350cdc0720791ca70c433-1.png\" alt=\"\" class=\"wp-image-2305\" style=\"width:95px;height:auto\"\/><\/a><\/figure>\n\n\n\n<p><\/p>\n\n\n\n<p class=\"has-nv-dark-bg-color has-custom-3-background-color has-text-color has-background has-link-color wp-elements-cadfd4f33d592216d8f444d7d7866c95\"><strong>Inscriptions en ligne ouvertes en ce moment via USPORT :<\/strong><\/p>\n\n\n\n<ul class=\"wp-block-list has-custom-3-background-color has-background\">\n<li><strong>GYMNASTIQUE<\/strong> : d\u00e9partemental honneur f\u00e9minin du 13 mai \u00e0 St Pol de L\u00e9on jusqu&rsquo;au mercredi 6 mai &#8211; 23h00<\/li>\n<\/ul>\n\n\n\n<div class=\"wp-block-uagb-image alignleft uagb-block-c1dccc62 wp-block-uagb-image--layout-default wp-block-uagb-image--effect-static wp-block-uagb-image--align-left\"><figure class=\"wp-block-uagb-image__figure\"><a class=\"\" href=\"https:\/\/ugselnet.org\/\" target=\"_blank\" rel=\"noreferrer noopener\"><img decoding=\"async\" srcset=\"https:\/\/ugsel-finistere.org\/wp-content\/uploads\/2025\/04\/logoUgselNet.png ,https:\/\/ugsel-finistere.org\/wp-content\/uploads\/2025\/04\/logoUgselNet.png 780w, https:\/\/ugsel-finistere.org\/wp-content\/uploads\/2025\/04\/logoUgselNet.png 360w\" sizes=\"auto, (max-width: 480px) 150px\" src=\"https:\/\/ugsel-finistere.org\/wp-content\/uploads\/2025\/04\/logoUgselNet.png\" alt=\"\" class=\"uag-image-1848\" width=\"91\" height=\"91\" title=\"logoUgselNet\" loading=\"lazy\" role=\"img\"\/><\/a><\/figure><\/div>\n\n\n\n<h4 class=\"wp-block-heading\"><strong>Conditions g\u00e9n\u00e9rales d&rsquo;utilisation et engagement de confidentialit\u00e9<\/strong> : <\/h4>\n\n\n\n<ul class=\"wp-block-list\">\n<li><a href=\"https:\/\/www.ugsel.org\/sites\/default\/files\/pages\/pdf\/ugsel_acceptation%20CGU_V2.3_Ugselnet-Usport%20240921.pdf\" target=\"_blank\" rel=\"noreferrer noopener\">Ugselnet &#8211; Usport <\/a><\/li>\n\n\n\n<li><a href=\"https:\/\/www.ugsel.org\/sites\/default\/files\/pages\/pdf\/ugsel_acceptation%20CGU_V2.1_Ucompetition.pdf\" target=\"_blank\" rel=\"noreferrer noopener\">Ugselnet &#8211; Ucomp\u00e9tition<\/a><\/li>\n<\/ul>\n\n\n\n<p><strong>Utilisation des applications :<\/strong><\/p>\n\n\n\n<p><a href=\"https:\/\/ugselnat.sharepoint.com\/sites\/animationsportive\/Documents%20partages\/Forms\/AllItems.aspx?id=%2Fsites%2Fanimationsportive%2FDocuments%20partages%2FDOSSIERS%20AS%2FAPPLICATIONS%2FMODES%20D%E2%80%99EMPLOI%20ET%20TUTORIELS%2F2022%20GUIDES%20UGSELNET%20USPORT%20UCOMPETITIONS&amp;p=true&amp;ga=1\" target=\"_blank\" rel=\"noreferrer noopener\">Tutos d&rsquo;utilisation Ugselnet &#8211; Usport &#8211; Ucompetition (2022)<\/a><\/p>\n\n\n\n<p><a href=\"https:\/\/ucompetitions.ovh\/setup\/setup_UCompetitions_1.0.59.10.exe\" target=\"_blank\" rel=\"noreferrer noopener\">T\u00e9l\u00e9charger Ucomp\u00e9tition<\/a><\/p>\n\n\n\n<p><\/p>\n\n\n\n<p><\/p>\n\n\n\n<p><\/p>\n","protected":false},"excerpt":{"rendered":"<p>Inscriptions en ligne ouvertes en ce moment via USPORT : Conditions g\u00e9n\u00e9rales d&rsquo;utilisation et engagement de confidentialit\u00e9 : Utilisation des applications : Tutos d&rsquo;utilisation Ugselnet &#8211; Usport &#8211; Ucompetition (2022)&hellip;&nbsp;<a href=\"https:\/\/ugsel-finistere.org\/index.php\/ugselnet\/\" rel=\"bookmark\">Lire la suite &raquo;<span class=\"screen-reader-text\">Ugselnet<\/span><\/a><\/p>\n","protected":false},"author":1,"featured_media":270,"parent":0,"menu_order":0,"comment_status":"closed","ping_status":"closed","template":"","meta":{"_tec_requires_first_save":true,"_uag_custom_page_level_css":"","neve_meta_sidebar":"","neve_meta_container":"","neve_meta_enable_content_width":"","neve_meta_content_width":0,"neve_meta_title_alignment":"","neve_meta_author_avatar":"","neve_post_elements_order":"","neve_meta_disable_header":"off","neve_meta_disable_footer":"","neve_meta_disable_title":"off","_EventAllDay":false,"_EventTimezone":"","_EventStartDate":"","_EventEndDate":"","_EventStartDateUTC":"","_EventEndDateUTC":"","_EventShowMap":false,"_EventShowMapLink":false,"_EventURL":"","_EventCost":"","_EventCostDescription":"","_EventCurrencySymbol":"","_EventCurrencyCode":"","_EventCurrencyPosition":"","_EventDateTimeSeparator":"","_EventTimeRangeSeparator":"","_EventOrganizerID":[],"_EventVenueID":[],"_OrganizerEmail":"","_OrganizerPhone":"","_OrganizerWebsite":"","_VenueAddress":"","_VenueCity":"","_VenueCountry":"","_VenueProvince":"","_VenueState":"","_VenueZip":"","_VenuePhone":"","_VenueURL":"","_VenueStateProvince":"","_VenueLat":"","_VenueLng":"","_VenueShowMap":false,"_VenueShowMapLink":false,"_tribe_blocks_recurrence_rules":"","_tribe_blocks_recurrence_description":"","_tribe_blocks_recurrence_exclusions":"","_themeisle_gutenberg_block_has_review":false,"footnotes":""},"class_list":["post-213","page","type-page","status-publish","has-post-thumbnail","hentry"],"uagb_featured_image_src":{"full":["https:\/\/ugsel-finistere.org\/wp-content\/uploads\/2025\/02\/ga8e5a9100375b1ea0192d5cb2d8dec0efcfeac4172c4f0c7941fe4ac156aa0e534591b283fe6e9e923af84a4b594371868e795e3d155c96b579a524d76527c2c_1280-2440252.jpg",1280,853,false],"thumbnail":["https:\/\/ugsel-finistere.org\/wp-content\/uploads\/2025\/02\/ga8e5a9100375b1ea0192d5cb2d8dec0efcfeac4172c4f0c7941fe4ac156aa0e534591b283fe6e9e923af84a4b594371868e795e3d155c96b579a524d76527c2c_1280-2440252-150x150.jpg",150,150,true],"medium":["https:\/\/ugsel-finistere.org\/wp-content\/uploads\/2025\/02\/ga8e5a9100375b1ea0192d5cb2d8dec0efcfeac4172c4f0c7941fe4ac156aa0e534591b283fe6e9e923af84a4b594371868e795e3d155c96b579a524d76527c2c_1280-2440252-300x200.jpg",300,200,true],"medium_large":["https:\/\/ugsel-finistere.org\/wp-content\/uploads\/2025\/02\/ga8e5a9100375b1ea0192d5cb2d8dec0efcfeac4172c4f0c7941fe4ac156aa0e534591b283fe6e9e923af84a4b594371868e795e3d155c96b579a524d76527c2c_1280-2440252-768x512.jpg",768,512,true],"large":["https:\/\/ugsel-finistere.org\/wp-content\/uploads\/2025\/02\/ga8e5a9100375b1ea0192d5cb2d8dec0efcfeac4172c4f0c7941fe4ac156aa0e534591b283fe6e9e923af84a4b594371868e795e3d155c96b579a524d76527c2c_1280-2440252-1024x682.jpg",1024,682,true],"1536x1536":["https:\/\/ugsel-finistere.org\/wp-content\/uploads\/2025\/02\/ga8e5a9100375b1ea0192d5cb2d8dec0efcfeac4172c4f0c7941fe4ac156aa0e534591b283fe6e9e923af84a4b594371868e795e3d155c96b579a524d76527c2c_1280-2440252.jpg",1280,853,false],"2048x2048":["https:\/\/ugsel-finistere.org\/wp-content\/uploads\/2025\/02\/ga8e5a9100375b1ea0192d5cb2d8dec0efcfeac4172c4f0c7941fe4ac156aa0e534591b283fe6e9e923af84a4b594371868e795e3d155c96b579a524d76527c2c_1280-2440252.jpg",1280,853,false],"neve-blog":["https:\/\/ugsel-finistere.org\/wp-content\/uploads\/2025\/02\/ga8e5a9100375b1ea0192d5cb2d8dec0efcfeac4172c4f0c7941fe4ac156aa0e534591b283fe6e9e923af84a4b594371868e795e3d155c96b579a524d76527c2c_1280-2440252-930x620.jpg",930,620,true]},"uagb_author_info":{"display_name":"ugsel29","author_link":"https:\/\/ugsel-finistere.org\/index.php\/author\/ugsel29\/"},"uagb_comment_info":0,"uagb_excerpt":"Inscriptions en ligne ouvertes en ce moment via USPORT : Conditions g\u00e9n\u00e9rales d&rsquo;utilisation et engagement de confidentialit\u00e9 : Utilisation des applications : Tutos d&rsquo;utilisation Ugselnet &#8211; Usport &#8211; Ucompetition (2022)&hellip;&nbsp;Lire la suite &raquo;Ugselnet","_links":{"self":[{"href":"https:\/\/ugsel-finistere.org\/index.php\/wp-json\/wp\/v2\/pages\/213","targetHints":{"allow":["GET"]}}],"collection":[{"href":"https:\/\/ugsel-finistere.org\/index.php\/wp-json\/wp\/v2\/pages"}],"about":[{"href":"https:\/\/ugsel-finistere.org\/index.php\/wp-json\/wp\/v2\/types\/page"}],"author":[{"embeddable":true,"href":"https:\/\/ugsel-finistere.org\/index.php\/wp-json\/wp\/v2\/users\/1"}],"replies":[{"embeddable":true,"href":"https:\/\/ugsel-finistere.org\/index.php\/wp-json\/wp\/v2\/comments?post=213"}],"version-history":[{"count":82,"href":"https:\/\/ugsel-finistere.org\/index.php\/wp-json\/wp\/v2\/pages\/213\/revisions"}],"predecessor-version":[{"id":6193,"href":"https:\/\/ugsel-finistere.org\/index.php\/wp-json\/wp\/v2\/pages\/213\/revisions\/6193"}],"wp:featuredmedia":[{"embeddable":true,"href":"https:\/\/ugsel-finistere.org\/index.php\/wp-json\/wp\/v2\/media\/270"}],"wp:attachment":[{"href":"https:\/\/ugsel-finistere.org\/index.php\/wp-json\/wp\/v2\/media?parent=213"}],"curies":[{"name":"wp","href":"https:\/\/api.w.org\/{rel}","templated":true}]}}