{"id":2887,"date":"2025-06-19T16:54:54","date_gmt":"2025-06-19T14:54:54","guid":{"rendered":"https:\/\/www.futur.ugsel-finistere.org\/futur.ugsel-finistere.org\/?page_id=2887"},"modified":"2025-11-28T10:54:37","modified_gmt":"2025-11-28T09:54:37","slug":"documents-generaux","status":"publish","type":"page","link":"https:\/\/ugsel-finistere.org\/index.php\/documents-generaux\/","title":{"rendered":"Documents g\u00e9n\u00e9raux 2nd degr\u00e9"},"content":{"rendered":"\n<p><\/p>\n\n\n\n<div id=\"wp-block-themeisle-blocks-button-group-f7fabce2\" class=\"wp-block-themeisle-blocks-button-group wp-block-buttons\">\n<div id=\"wp-block-themeisle-blocks-button-1c8f4f48\" class=\"wp-block-themeisle-blocks-button wp-block-button\"><a href=\"https:\/\/ugselnet.org\/docs\/usport\/ANNEXE_3_Honorabilite_Demande_licence_v040725.pdf\" target=\"_blank\" rel=\"noopener noreferrer\" class=\"wp-block-button__link\"><span>Attestation d&rsquo;honorabilit\u00e9 &#8211; licence encadrant<\/span><\/a><\/div>\n\n\n\n<div id=\"wp-block-themeisle-blocks-button-0cbd98e3\" class=\"wp-block-themeisle-blocks-button wp-block-button\"><a href=\"https:\/\/ecbzh-my.sharepoint.com\/:b:\/g\/personal\/helene_sousset_enseignement-catholique_bzh\/EdI9eRcoiF5AqD5PHdXAP-ABb8UzkgPFUCD8xYjjc4wLLQ?e=WgZxyj\" target=\"_blank\" rel=\"noopener noreferrer\" class=\"wp-block-button__link\"><span>Autorisation parentale<\/span><\/a><\/div>\n\n\n\n<div id=\"wp-block-themeisle-blocks-button-43561cc7\" class=\"wp-block-themeisle-blocks-button wp-block-button\"><a href=\"https:\/\/ecbzh-my.sharepoint.com\/:b:\/g\/personal\/helene_sousset_enseignement-catholique_bzh\/ESymL0TyCItEtv-Lb64OgmwB6SOUz_wO4yXnPl5-f7W9Pg?e=jsLnb3\" target=\"_blank\" rel=\"noopener noreferrer\" class=\"wp-block-button__link\"><span>Transmission de responsabilit\u00e9<\/span><\/a><\/div>\n<\/div>\n\n\n\n<p><\/p>\n","protected":false},"excerpt":{"rendered":"","protected":false},"author":1,"featured_media":0,"parent":0,"menu_order":0,"comment_status":"closed","ping_status":"closed","template":"","meta":{"_tec_requires_first_save":true,"_uag_custom_page_level_css":"","neve_meta_sidebar":"","neve_meta_container":"default","neve_meta_enable_content_width":"","neve_meta_content_width":0,"neve_meta_title_alignment":"","neve_meta_author_avatar":"","neve_post_elements_order":"","neve_meta_disable_header":"off","neve_meta_disable_footer":"","neve_meta_disable_title":"off","_EventAllDay":false,"_EventTimezone":"","_EventStartDate":"","_EventEndDate":"","_EventStartDateUTC":"","_EventEndDateUTC":"","_EventShowMap":false,"_EventShowMapLink":false,"_EventURL":"","_EventCost":"","_EventCostDescription":"","_EventCurrencySymbol":"","_EventCurrencyCode":"","_EventCurrencyPosition":"","_EventDateTimeSeparator":"","_EventTimeRangeSeparator":"","_EventOrganizerID":[],"_EventVenueID":[],"_OrganizerEmail":"","_OrganizerPhone":"","_OrganizerWebsite":"","_VenueAddress":"","_VenueCity":"","_VenueCountry":"","_VenueProvince":"","_VenueState":"","_VenueZip":"","_VenuePhone":"","_VenueURL":"","_VenueStateProvince":"","_VenueLat":"","_VenueLng":"","_VenueShowMap":false,"_VenueShowMapLink":false,"_tribe_blocks_recurrence_rules":"","_tribe_blocks_recurrence_description":"","_tribe_blocks_recurrence_exclusions":"","_themeisle_gutenberg_block_has_review":false,"footnotes":""},"class_list":["post-2887","page","type-page","status-publish","hentry"],"uagb_featured_image_src":{"full":false,"thumbnail":false,"medium":false,"medium_large":false,"large":false,"1536x1536":false,"2048x2048":false,"neve-blog":false},"uagb_author_info":{"display_name":"ugsel29","author_link":"https:\/\/ugsel-finistere.org\/index.php\/author\/ugsel29\/"},"uagb_comment_info":0,"uagb_excerpt":null,"_links":{"self":[{"href":"https:\/\/ugsel-finistere.org\/index.php\/wp-json\/wp\/v2\/pages\/2887","targetHints":{"allow":["GET"]}}],"collection":[{"href":"https:\/\/ugsel-finistere.org\/index.php\/wp-json\/wp\/v2\/pages"}],"about":[{"href":"https:\/\/ugsel-finistere.org\/index.php\/wp-json\/wp\/v2\/types\/page"}],"author":[{"embeddable":true,"href":"https:\/\/ugsel-finistere.org\/index.php\/wp-json\/wp\/v2\/users\/1"}],"replies":[{"embeddable":true,"href":"https:\/\/ugsel-finistere.org\/index.php\/wp-json\/wp\/v2\/comments?post=2887"}],"version-history":[{"count":13,"href":"https:\/\/ugsel-finistere.org\/index.php\/wp-json\/wp\/v2\/pages\/2887\/revisions"}],"predecessor-version":[{"id":4639,"href":"https:\/\/ugsel-finistere.org\/index.php\/wp-json\/wp\/v2\/pages\/2887\/revisions\/4639"}],"wp:attachment":[{"href":"https:\/\/ugsel-finistere.org\/index.php\/wp-json\/wp\/v2\/media?parent=2887"}],"curies":[{"name":"wp","href":"https:\/\/api.w.org\/{rel}","templated":true}]}}