{"id":3211,"date":"2025-08-28T14:52:47","date_gmt":"2025-08-28T12:52:47","guid":{"rendered":"https:\/\/www.futur.ugsel-finistere.org\/futur.ugsel-finistere.org\/?page_id=3211"},"modified":"2025-11-21T16:20:49","modified_gmt":"2025-11-21T15:20:49","slug":"1d-natation-a-lecole-reglementation","status":"publish","type":"page","link":"https:\/\/ugsel-finistere.org\/index.php\/1d-natation-a-lecole-reglementation\/","title":{"rendered":"1D-natation \u00e0 l&rsquo;\u00e9cole r\u00e9glementation"},"content":{"rendered":"\n<section id=\"wp-block-themeisle-blocks-advanced-columns-e0e1ab2e\" class=\"wp-block-themeisle-blocks-advanced-columns alignfull has-3-columns has-desktop-equal-layout has-tablet-equal-layout has-mobile-collapsedRows-layout has-vertical-flex-start ticss-7b5eb70a\"><div class=\"wp-block-themeisle-blocks-advanced-columns-overlay\"><\/div><div class=\"innerblocks-wrap\">\n<div id=\"wp-block-themeisle-blocks-advanced-column-2489d76c\" class=\"wp-block-themeisle-blocks-advanced-column has-light-bg\">\n<h3 id=\"wp-block-themeisle-blocks-advanced-heading-e30ccf77\" class=\"wp-block-themeisle-blocks-advanced-heading wp-block-themeisle-blocks-advanced-heading-e30ccf77\">Textes officiels<\/h3>\n\n\n\n<span id=\"wp-block-themeisle-blocks-advanced-heading-01f7ed6b\" class=\"wp-block-themeisle-blocks-advanced-heading wp-block-themeisle-blocks-advanced-heading-01f7ed6b\"><\/span>\n\n\n\n<p id=\"wp-block-themeisle-blocks-advanced-heading-fe18de7e\" class=\"wp-block-themeisle-blocks-advanced-heading wp-block-themeisle-blocks-advanced-heading-fe18de7e\"><em>.<\/em><\/p>\n\n\n\n<div id=\"wp-block-themeisle-blocks-icon-list-fb8b7e9c\" class=\"wp-block-themeisle-blocks-icon-list\">\n<div id=\"wp-block-themeisle-blocks-icon-list-item-f341b063\" class=\"wp-block-themeisle-blocks-icon-list-item\"><i class=\"fas fa-check wp-block-themeisle-blocks-icon-list-item-icon\"><\/i><p class=\"wp-block-themeisle-blocks-icon-list-item-content\"><a href=\"https:\/\/ddec22.asso.fr\/wp-content\/uploads\/2022\/05\/note-de-service-du-28-2-2022-MENJS-enseignement-natation-scolaire.pdf\">Note de service du 28-2-2022 MENJS enseignement natation scolaire<\/a><\/p><\/div>\n\n\n\n<div id=\"wp-block-themeisle-blocks-icon-list-item-1c648ab6\" class=\"wp-block-themeisle-blocks-icon-list-item\"><i class=\"fas fa-check wp-block-themeisle-blocks-icon-list-item-icon\"><\/i><p class=\"wp-block-themeisle-blocks-icon-list-item-content\"><a href=\"https:\/\/ddec22.asso.fr\/wp-content\/uploads\/2022\/05\/Arrete-28-fevrier-2022-ATTESTATION-DU-SAVOIR-NAGER-EN-SECURITE.pdf\">Arr\u00eat\u00e9 28 f\u00e9vrier 2022 ATTESTATION DU SAVOIR NAGER EN SECURITE<\/a><\/p><\/div>\n<\/div>\n\n\n\n<div style=\"height:24px\" aria-hidden=\"true\" class=\"wp-block-spacer\"><\/div>\n\n\n\n<div class=\"wp-block-buttons is-vertical is-content-justification-center is-layout-flex wp-container-core-buttons-is-layout-cc3cdef1 wp-block-buttons-is-layout-flex\"><\/div>\n<\/div>\n\n\n\n<div id=\"wp-block-themeisle-blocks-advanced-column-1d8eda9a\" class=\"wp-block-themeisle-blocks-advanced-column has-light-bg\">\n<h4 id=\"wp-block-themeisle-blocks-advanced-heading-d0b17147\" class=\"wp-block-themeisle-blocks-advanced-heading wp-block-themeisle-blocks-advanced-heading-d0b17147\">Ressources tests \u00e9l\u00e8ves<\/h4>\n\n\n\n<span id=\"wp-block-themeisle-blocks-advanced-heading-2cb9c0c1\" class=\"wp-block-themeisle-blocks-advanced-heading wp-block-themeisle-blocks-advanced-heading-2cb9c0c1\"><\/span>\n\n\n\n<p id=\"wp-block-themeisle-blocks-advanced-heading-204eb0ff\" class=\"wp-block-themeisle-blocks-advanced-heading wp-block-themeisle-blocks-advanced-heading-204eb0ff\"><em>.<\/em><\/p>\n\n\n\n<div id=\"wp-block-themeisle-blocks-icon-list-9b7b555a\" class=\"wp-block-themeisle-blocks-icon-list\">\n<div id=\"wp-block-themeisle-blocks-icon-list-item-cbba42dd\" class=\"wp-block-themeisle-blocks-icon-list-item\"><i class=\"fas fa-check wp-block-themeisle-blocks-icon-list-item-icon\"><\/i><p class=\"wp-block-themeisle-blocks-icon-list-item-content\"><a href=\"https:\/\/ecbzh-my.sharepoint.com\/:b:\/g\/personal\/emmanuelle_coupe_enseignement-catholique_bzh\/EZFMqGrX3T1CsAIBJlyjdSQBxRI0eXA_6sH3yRx57cJsPA?e=DLWGuw\">Test PASS-NAUTIQUE Fiche r\u00e9sultats<\/a><\/p><\/div>\n\n\n\n<div id=\"wp-block-themeisle-blocks-icon-list-item-0e13eb6d\" class=\"wp-block-themeisle-blocks-icon-list-item\"><i class=\"fas fa-check wp-block-themeisle-blocks-icon-list-item-icon\"><\/i><p class=\"wp-block-themeisle-blocks-icon-list-item-content\"><a href=\"https:\/\/ecbzh-my.sharepoint.com\/:b:\/g\/personal\/emmanuelle_coupe_enseignement-catholique_bzh\/EfZRBRf-DcFMvwQ2vrg-EWwB0za196btXrC_wJFAlfDUUw?e=QTJqIo\">Certificat PASS-NAUTIQUE<\/a><\/p><\/div>\n\n\n\n<div id=\"wp-block-themeisle-blocks-icon-list-item-0978a2f2\" class=\"wp-block-themeisle-blocks-icon-list-item\"><i class=\"fas fa-check wp-block-themeisle-blocks-icon-list-item-icon\"><\/i><p class=\"wp-block-themeisle-blocks-icon-list-item-content\"><a href=\"https:\/\/ecbzh-my.sharepoint.com\/:b:\/g\/personal\/emmanuelle_coupe_enseignement-catholique_bzh\/EbfTFE_x98JJnALS99lplCkBFrzQvgsPnEqz-9Vr3KFJfg?e=dl1xQe\">Test SAVOIR NAGER EN SECURITE Fiche resultats<\/a><\/p><\/div>\n\n\n\n<div id=\"wp-block-themeisle-blocks-icon-list-item-3bfe72ca\" class=\"wp-block-themeisle-blocks-icon-list-item\"><i class=\"fas fa-check wp-block-themeisle-blocks-icon-list-item-icon\"><\/i><p class=\"wp-block-themeisle-blocks-icon-list-item-content\"><a href=\"https:\/\/ecbzh-my.sharepoint.com\/:b:\/g\/personal\/emmanuelle_coupe_enseignement-catholique_bzh\/EXypIk7bjkBPtG5FKbjWbvoBFeTXGnj5Zel8XudVjeEM4g?e=ZWV8bp\">Attestation SAVOIR NAGER EN SECURITE (ASNS)<\/a><\/p><\/div>\n<\/div>\n\n\n\n<div style=\"height:24px\" aria-hidden=\"true\" class=\"wp-block-spacer\"><\/div>\n\n\n\n<div class=\"wp-block-buttons is-vertical is-content-justification-center is-layout-flex wp-container-core-buttons-is-layout-cc3cdef1 wp-block-buttons-is-layout-flex\"><\/div>\n<\/div>\n\n\n\n<div id=\"wp-block-themeisle-blocks-advanced-column-5ec1b431\" class=\"wp-block-themeisle-blocks-advanced-column has-light-bg\">\n<h4 id=\"wp-block-themeisle-blocks-advanced-heading-1b583679\" class=\"wp-block-themeisle-blocks-advanced-heading wp-block-themeisle-blocks-advanced-heading-1b583679\">R\u00e9glementation encadrement et ressources agr\u00e9ment<\/h4>\n\n\n\n<span id=\"wp-block-themeisle-blocks-advanced-heading-0900d0a0\" class=\"wp-block-themeisle-blocks-advanced-heading wp-block-themeisle-blocks-advanced-heading-0900d0a0\"><\/span>\n\n\n\n<span id=\"wp-block-themeisle-blocks-advanced-heading-0900d0a0\" class=\"wp-block-themeisle-blocks-advanced-heading wp-block-themeisle-blocks-advanced-heading-0900d0a0\"><\/span>\n\n\n\n<p id=\"wp-block-themeisle-blocks-advanced-heading-37a60882\" class=\"wp-block-themeisle-blocks-advanced-heading wp-block-themeisle-blocks-advanced-heading-37a60882\"><em>.<\/em><\/p>\n\n\n\n<div id=\"wp-block-themeisle-blocks-icon-list-fe63aaa0\" class=\"wp-block-themeisle-blocks-icon-list\">\n<div id=\"wp-block-themeisle-blocks-icon-list-item-7f568d02\" class=\"wp-block-themeisle-blocks-icon-list-item\"><i class=\"fas fa-check wp-block-themeisle-blocks-icon-list-item-icon\"><\/i><p class=\"wp-block-themeisle-blocks-icon-list-item-content\"><a href=\"https:\/\/ecbzh-my.sharepoint.com\/:b:\/g\/personal\/emmanuelle_coupe_enseignement-catholique_bzh\/ETn7XvEst9NAln2uXB7nBdIBVPUK__POrBuiuMKJGWR6NA?e=HNTbOY\">Natation encadrement s\u00e9ances<\/a> (document Ugsel 22)<\/p><\/div>\n\n\n\n<div id=\"wp-block-themeisle-blocks-icon-list-item-c9a92d6d\" class=\"wp-block-themeisle-blocks-icon-list-item\"><i class=\"fas fa-check wp-block-themeisle-blocks-icon-list-item-icon\"><\/i><p class=\"wp-block-themeisle-blocks-icon-list-item-content\"><a href=\"https:\/\/ecbzh-my.sharepoint.com\/:b:\/g\/personal\/emmanuelle_coupe_enseignement-catholique_bzh\/EaikG7kRydxNlYJZvD3uTS4BeiWrNwJXHOrmKpHrzdOEkg?e=386TS2\">Natation l&rsquo;essentiel pour encadrants<\/a> (document Ugsel 22)<\/p><\/div>\n\n\n\n<div id=\"wp-block-themeisle-blocks-icon-list-item-87a2534c\" class=\"wp-block-themeisle-blocks-icon-list-item\"><i class=\"fas fa-check wp-block-themeisle-blocks-icon-list-item-icon\"><\/i><p class=\"wp-block-themeisle-blocks-icon-list-item-content\"><a href=\"https:\/\/ecbzh-my.sharepoint.com\/:b:\/g\/personal\/emmanuelle_coupe_enseignement-catholique_bzh\/Ecb8XtOl5DxCs4J6Wx3yTqkBmtdTLMSiComeXsPiebaxeg?e=BpPGhX\">Natation agr\u00e9ment intervenant b\u00e9n\u00e9vole<\/a><\/p><\/div>\n\n\n\n<div id=\"wp-block-themeisle-blocks-icon-list-item-a6cee827\" class=\"wp-block-themeisle-blocks-icon-list-item\"><i class=\"fas fa-check wp-block-themeisle-blocks-icon-list-item-icon\"><\/i><p class=\"wp-block-themeisle-blocks-icon-list-item-content\"><a href=\"https:\/\/ecbzh-my.sharepoint.com\/:b:\/g\/personal\/emmanuelle_coupe_enseignement-catholique_bzh\/EX5lARw7KHxMj18aGv1xw1kB80bhY7SewMUVxCDaQHSCfw?e=84Enx7\">Natation attestation nominative passage test b\u00e9n\u00e9vole<\/a><\/p><\/div>\n<\/div>\n\n\n\n<div style=\"height:24px\" aria-hidden=\"true\" class=\"wp-block-spacer\"><\/div>\n\n\n\n<div class=\"wp-block-buttons is-vertical is-content-justification-center is-layout-flex wp-container-core-buttons-is-layout-cc3cdef1 wp-block-buttons-is-layout-flex\"><\/div>\n<\/div>\n<\/div><\/section>\n\n\n\n<section id=\"wp-block-themeisle-blocks-advanced-columns-4f47c3f0\" class=\"wp-block-themeisle-blocks-advanced-columns alignfull has-1-columns has-desktop-equal-layout has-tablet-equal-layout has-mobile-collapsedRows-layout has-vertical-flex-start ticss-7b5eb70a\"><div class=\"wp-block-themeisle-blocks-advanced-columns-overlay\"><\/div><div class=\"innerblocks-wrap\">\n<div id=\"wp-block-themeisle-blocks-advanced-column-d06e6278\" class=\"wp-block-themeisle-blocks-advanced-column has-light-bg\">\n<h4 id=\"wp-block-themeisle-blocks-advanced-heading-77d003a2\" class=\"wp-block-themeisle-blocks-advanced-heading wp-block-themeisle-blocks-advanced-heading-77d003a2\">L&rsquo;Aisance Aquatique (pour les non-nageurs de 4 \u00e0 6 ans)<\/h4>\n\n\n\n<div id=\"wp-block-themeisle-blocks-advanced-columns-1d99fc66\" class=\"wp-block-themeisle-blocks-advanced-columns has-2-columns has-desktop-equal-layout has-tablet-equal-layout has-mobile-collapsedRows-layout has-vertical-unset\"><div class=\"wp-block-themeisle-blocks-advanced-columns-overlay\"><\/div><div class=\"innerblocks-wrap\">\n<div id=\"wp-block-themeisle-blocks-advanced-column-871994d0\" class=\"wp-block-themeisle-blocks-advanced-column\">\n<div id=\"wp-block-themeisle-blocks-icon-list-5472a7e1\" class=\"wp-block-themeisle-blocks-icon-list\">\n<div id=\"wp-block-themeisle-blocks-icon-list-item-85c29e97\" class=\"wp-block-themeisle-blocks-icon-list-item\"><i class=\"fas fa-check wp-block-themeisle-blocks-icon-list-item-icon\"><\/i><p class=\"wp-block-themeisle-blocks-icon-list-item-content\"><a href=\"https:\/\/ddec22.asso.fr\/wp-content\/uploads\/2022\/05\/note-de-service-du-28-2-2022-MENJS-enseignement-natation-scolaire.pdf\" target=\"_blank\" rel=\"noreferrer noopener\">Note de service du 28-2-2022 MENJS enseignement natation scolaire<\/a><\/p><\/div>\n\n\n\n<div id=\"wp-block-themeisle-blocks-icon-list-item-fc1349bf\" class=\"wp-block-themeisle-blocks-icon-list-item\"><i class=\"fas fa-check wp-block-themeisle-blocks-icon-list-item-icon\"><\/i><p class=\"wp-block-themeisle-blocks-icon-list-item-content\"><a href=\"https:\/\/ecbzh-my.sharepoint.com\/:b:\/g\/personal\/ugsel29_enseignement-catholique_bzh\/IQDaiHHRCJO0Q6_G5fSYFjEcARtAPUhWDqmOJHyrHFFfrcY?e=fXmP1P\" target=\"_blank\" rel=\"noreferrer noopener\">Fondements de l&rsquo;Aisance Aquatique<\/a><\/p><\/div>\n<\/div>\n<\/div>\n\n\n\n<div id=\"wp-block-themeisle-blocks-advanced-column-133dede9\" class=\"wp-block-themeisle-blocks-advanced-column\">\n<figure class=\"wp-block-video aligncenter\"><video height=\"360\" style=\"aspect-ratio: 640 \/ 360;\" width=\"640\" controls poster=\"https:\/\/ugsel-finistere.org\/wp-content\/uploads\/2025\/11\/aisance-aquatique.png\" src=\"https:\/\/ugsel-finistere.org\/wp-content\/uploads\/2025\/11\/Laisance-aquatique-en-classe-bleue-ou-en-stage-bleu-1.mp4\" playsinline><\/video><\/figure>\n<\/div>\n<\/div><\/div>\n\n\n\n<div style=\"height:24px\" aria-hidden=\"true\" class=\"wp-block-spacer\"><\/div>\n\n\n\n<div class=\"wp-block-buttons is-vertical is-content-justification-center is-layout-flex wp-container-core-buttons-is-layout-cc3cdef1 wp-block-buttons-is-layout-flex\"><\/div>\n<\/div>\n<\/div><\/section>\n\n\n\n<div class=\"wp-block-uagb-buttons uagb-buttons__outer-wrap uagb-btn__default-btn uagb-btn-tablet__default-btn uagb-btn-mobile__default-btn uagb-block-e3d92b54\"><div class=\"uagb-buttons__wrap uagb-buttons-layout-wrap \">\n<div class=\"wp-block-uagb-buttons-child uagb-buttons__outer-wrap uagb-block-a740cdb0 wp-block-button\"><div class=\"uagb-button__wrapper\"><a class=\"uagb-buttons-repeater wp-block-button__link\" aria-label=\"\" href=\"https:\/\/ugsel-finistere.org\/index.php\/1d_rp_natation\/\" rel=\"follow noopener\" target=\"_blank\" role=\"button\"><div class=\"uagb-button__link\">Lien vers les ressources p\u00e9dagogiques <\/div><\/a><\/div><\/div>\n<\/div><\/div>\n","protected":false},"excerpt":{"rendered":"","protected":false},"author":2,"featured_media":3202,"parent":0,"menu_order":0,"comment_status":"closed","ping_status":"closed","template":"","meta":{"_tec_requires_first_save":true,"_uag_custom_page_level_css":"","neve_meta_sidebar":"","neve_meta_container":"","neve_meta_enable_content_width":"","neve_meta_content_width":0,"neve_meta_title_alignment":"","neve_meta_author_avatar":"","neve_post_elements_order":"","neve_meta_disable_header":"","neve_meta_disable_footer":"","neve_meta_disable_title":"","_EventAllDay":false,"_EventTimezone":"","_EventStartDate":"","_EventEndDate":"","_EventStartDateUTC":"","_EventEndDateUTC":"","_EventShowMap":false,"_EventShowMapLink":false,"_EventURL":"","_EventCost":"","_EventCostDescription":"","_EventCurrencySymbol":"","_EventCurrencyCode":"","_EventCurrencyPosition":"","_EventDateTimeSeparator":"","_EventTimeRangeSeparator":"","_EventOrganizerID":[],"_EventVenueID":[],"_OrganizerEmail":"","_OrganizerPhone":"","_OrganizerWebsite":"","_VenueAddress":"","_VenueCity":"","_VenueCountry":"","_VenueProvince":"","_VenueState":"","_VenueZip":"","_VenuePhone":"","_VenueURL":"","_VenueStateProvince":"","_VenueLat":"","_VenueLng":"","_VenueShowMap":false,"_VenueShowMapLink":false,"_tribe_blocks_recurrence_rules":"","_tribe_blocks_recurrence_description":"","_tribe_blocks_recurrence_exclusions":"","_themeisle_gutenberg_block_has_review":false,"footnotes":""},"class_list":["post-3211","page","type-page","status-publish","has-post-thumbnail","hentry"],"uagb_featured_image_src":{"full":["https:\/\/ugsel-finistere.org\/wp-content\/uploads\/2025\/08\/natation.png",342,227,false],"thumbnail":["https:\/\/ugsel-finistere.org\/wp-content\/uploads\/2025\/08\/natation-150x150.png",150,150,true],"medium":["https:\/\/ugsel-finistere.org\/wp-content\/uploads\/2025\/08\/natation-300x199.png",300,199,true],"medium_large":["https:\/\/ugsel-finistere.org\/wp-content\/uploads\/2025\/08\/natation.png",342,227,false],"large":["https:\/\/ugsel-finistere.org\/wp-content\/uploads\/2025\/08\/natation.png",342,227,false],"1536x1536":["https:\/\/ugsel-finistere.org\/wp-content\/uploads\/2025\/08\/natation.png",342,227,false],"2048x2048":["https:\/\/ugsel-finistere.org\/wp-content\/uploads\/2025\/08\/natation.png",342,227,false],"neve-blog":["https:\/\/ugsel-finistere.org\/wp-content\/uploads\/2025\/08\/natation.png",342,227,false]},"uagb_author_info":{"display_name":"Manue","author_link":"https:\/\/ugsel-finistere.org\/index.php\/author\/manue\/"},"uagb_comment_info":0,"uagb_excerpt":null,"_links":{"self":[{"href":"https:\/\/ugsel-finistere.org\/index.php\/wp-json\/wp\/v2\/pages\/3211","targetHints":{"allow":["GET"]}}],"collection":[{"href":"https:\/\/ugsel-finistere.org\/index.php\/wp-json\/wp\/v2\/pages"}],"about":[{"href":"https:\/\/ugsel-finistere.org\/index.php\/wp-json\/wp\/v2\/types\/page"}],"author":[{"embeddable":true,"href":"https:\/\/ugsel-finistere.org\/index.php\/wp-json\/wp\/v2\/users\/2"}],"replies":[{"embeddable":true,"href":"https:\/\/ugsel-finistere.org\/index.php\/wp-json\/wp\/v2\/comments?post=3211"}],"version-history":[{"count":10,"href":"https:\/\/ugsel-finistere.org\/index.php\/wp-json\/wp\/v2\/pages\/3211\/revisions"}],"predecessor-version":[{"id":4584,"href":"https:\/\/ugsel-finistere.org\/index.php\/wp-json\/wp\/v2\/pages\/3211\/revisions\/4584"}],"wp:featuredmedia":[{"embeddable":true,"href":"https:\/\/ugsel-finistere.org\/index.php\/wp-json\/wp\/v2\/media\/3202"}],"wp:attachment":[{"href":"https:\/\/ugsel-finistere.org\/index.php\/wp-json\/wp\/v2\/media?parent=3211"}],"curies":[{"name":"wp","href":"https:\/\/api.w.org\/{rel}","templated":true}]}}