{"id":326,"date":"2025-02-07T15:15:34","date_gmt":"2025-02-07T14:15:34","guid":{"rendered":"https:\/\/www.futur.ugsel-finistere.org\/futur.ugsel-finistere.org\/?page_id=326"},"modified":"2025-10-07T14:39:04","modified_gmt":"2025-10-07T12:39:04","slug":"1d_rencontres-sportives","status":"publish","type":"page","link":"https:\/\/ugsel-finistere.org\/index.php\/1d_rencontres-sportives\/","title":{"rendered":"1D_rencontres sportives"},"content":{"rendered":"\n<div id=\"wp-block-themeisle-blocks-advanced-columns-b8454fcc\" class=\"wp-block-themeisle-blocks-advanced-columns has-2-columns has-desktop-twoOne-layout has-tablet-equal-layout has-mobile-collapsedRows-layout has-vertical-unset\"><div class=\"wp-block-themeisle-blocks-advanced-columns-overlay\"><\/div><div class=\"innerblocks-wrap\">\n<div id=\"wp-block-themeisle-blocks-advanced-column-cceef62b\" class=\"wp-block-themeisle-blocks-advanced-column\">\n<figure style=\"padding-top:var(--wp--preset--spacing--50);padding-right:var(--wp--preset--spacing--50);padding-bottom:var(--wp--preset--spacing--50);padding-left:var(--wp--preset--spacing--50)\" class=\"wp-block-video\"><video height=\"1080\" style=\"aspect-ratio: 1920 \/ 1080;\" width=\"1920\" controls poster=\"https:\/\/ugsel-finistere.org\/wp-content\/uploads\/2025\/07\/JD-C2-couverture.png\" src=\"https:\/\/ugsel-finistere.org\/wp-content\/uploads\/2025\/07\/JD-C2-2026.mp4\"><\/video><\/figure>\n\n\n\n<div id=\"wp-block-themeisle-blocks-button-group-505e1eaa\" class=\"wp-block-themeisle-blocks-button-group wp-block-buttons align-right-desktop\">\n<div id=\"wp-block-themeisle-blocks-button-ebbcecaf\" class=\"wp-block-themeisle-blocks-button wp-block-button\"><a href=\"https:\/\/forms.office.com\/e\/Lvj5DKX5fN\" target=\"_blank\" rel=\"noopener noreferrer\" class=\"wp-block-button__link\"><span>Formulaire d&rsquo;inscription<\/span><\/a><\/div>\n\n\n\n<div id=\"wp-block-themeisle-blocks-button-73617c27\" class=\"wp-block-themeisle-blocks-button wp-block-button\"><a href=\"https:\/\/ecbzh-my.sharepoint.com\/:b:\/g\/personal\/emmanuelle_coupe_enseignement-catholique_bzh\/EehxDXHVzaVFgiRKX1MuOcUBCOr1itE7-J5K8Y4zhI-WIA?e=E5qxye\" target=\"_self\" rel=\"noopener noreferrer\" class=\"wp-block-button__link\"><span>liste des classes inscrites<\/span><\/a><\/div>\n\n\n\n<div id=\"wp-block-themeisle-blocks-button-9e37aec6\" class=\"wp-block-themeisle-blocks-button wp-block-button\"><a href=\"https:\/\/ecbzh-my.sharepoint.com\/:b:\/g\/personal\/emmanuelle_coupe_enseignement-catholique_bzh\/EaXaNtFcCXdCryx_Q7pwKfYBZx2nx_fnSoY-O5m78engCQ?e=wkqpEU\" target=\"_blank\" rel=\"noopener noreferrer\" class=\"wp-block-button__link\"><span>nombre et r\u00e9partition <br>par territoire des classes inscrites<\/span><\/a><\/div>\n<\/div>\n<\/div>\n\n\n\n<div id=\"wp-block-themeisle-blocks-advanced-column-5a9594cd\" class=\"wp-block-themeisle-blocks-advanced-column\">\n<div class=\"wp-block-uagb-image aligncenter uagb-block-c17b6dd3 wp-block-uagb-image--layout-default wp-block-uagb-image--effect-static wp-block-uagb-image--align-center\"><figure class=\"wp-block-uagb-image__figure\"><img decoding=\"async\" srcset=\"https:\/\/ugsel-finistere.org\/wp-content\/uploads\/2025\/07\/Ugsel-5-sens-2026-Couleur-Fond-blanc-669x1024.jpg ,https:\/\/ugsel-finistere.org\/wp-content\/uploads\/2025\/07\/Ugsel-5-sens-2026-Couleur-Fond-blanc.jpg 780w, https:\/\/ugsel-finistere.org\/wp-content\/uploads\/2025\/07\/Ugsel-5-sens-2026-Couleur-Fond-blanc.jpg 360w\" sizes=\"auto, (max-width: 480px) 150px\" src=\"https:\/\/ugsel-finistere.org\/wp-content\/uploads\/2025\/07\/Ugsel-5-sens-2026-Couleur-Fond-blanc-669x1024.jpg\" alt=\"\" class=\"uag-image-3139\" width=\"269\" height=\"412\" title=\"Ugsel - 5 sens 2026 - Couleur - Fond blanc\" loading=\"lazy\" role=\"img\"\/><\/figure><\/div>\n\n\n\n<div class=\"wp-block-uagb-buttons uagb-buttons__outer-wrap uagb-btn__default-btn uagb-btn-tablet__default-btn uagb-btn-mobile__default-btn uagb-block-14f749e4\"><div class=\"uagb-buttons__wrap uagb-buttons-layout-wrap \">\n<div class=\"wp-block-uagb-buttons-child uagb-buttons__outer-wrap uagb-block-0bcd573f wp-block-button\"><div class=\"uagb-button__wrapper\"><a class=\"uagb-buttons-repeater wp-block-button__link\" aria-label=\"\" href=\"https:\/\/padlet.com\/emmanuelle_coupe\/jeux-d-partementaux-cycle-2-fp9838wkpdxoggw7\" rel=\"follow noopener\" target=\"_blank\" role=\"button\"><div class=\"uagb-button__link\">Acc\u00e8s au padlet<\/div><\/a><\/div><\/div>\n<\/div><\/div>\n<\/div>\n<\/div><\/div>\n\n\n\n<div class=\"wp-block-uagb-advanced-heading uagb-block-48d94013\"><h3 class=\"uagb-heading-text\">Ressources rencontres des ann\u00e9es pr\u00e9c\u00e9dentes <\/h3><\/div>\n\n\n\n<div class=\"wp-block-uagb-tabs uagb-block-a41ff37d uagb-tabs__wrap uagb-tabs__hstyle1-desktop uagb-tabs__vstyle6-tablet uagb-tabs__stack1-mobile\" data-tab-active=\"0\"><ul class=\"uagb-tabs__panel uagb-tabs__align-left\" role=\"tablist\"><li class=\"uagb-tab uagb-tabs__active\" role=\"none\"><a href=\"#uagb-tabs__tab0\" class=\"uagb-tabs-list uagb-tabs__icon-position-left\" data-tab=\"0\" role=\"tab\"><div>Cycle 1<\/div><\/a><\/li><li class=\"uagb-tab \" role=\"none\"><a href=\"#uagb-tabs__tab1\" class=\"uagb-tabs-list uagb-tabs__icon-position-left\" data-tab=\"1\" role=\"tab\"><div>Cycle 2<\/div><\/a><\/li><li class=\"uagb-tab \" role=\"none\"><a href=\"#uagb-tabs__tab2\" class=\"uagb-tabs-list uagb-tabs__icon-position-left\" data-tab=\"2\" role=\"tab\"><div>Cycle 3<\/div><\/a><\/li><\/ul><div class=\"uagb-tabs__body-wrap\">\n<div class=\"wp-block-uagb-tabs-child uagb-tabs__body-container uagb-inner-tab-0\" aria-labelledby=\"uagb-tabs__tab0\">\n<p><a href=\"https:\/\/padlet.com\/ugsel29\/a-la-d-couverte-culturelle-et-sportive-des-5-continents-u3793cnde15c#z2\" data-type=\"link\" data-id=\"https:\/\/padlet.com\/ugsel29\/a-la-d-couverte-culturelle-et-sportive-des-5-continents-u3793cnde15c#z2\">2023\/2024 : A la d\u00e9couverte des 5 continents !<\/a><\/p>\n\n\n\n<p><a href=\"https:\/\/ecbzh-my.sharepoint.com\/:f:\/g\/personal\/emmanuelle_coupe_enseignement-catholique_bzh\/EqBmrZ0EytdHhYKxveun8_0BLrABkbwSBlmyGQDCN6vU1Q?e=2PNde2\" data-type=\"link\" data-id=\"https:\/\/ecbzh-my.sharepoint.com\/:f:\/g\/personal\/emmanuelle_coupe_enseignement-catholique_bzh\/EqBmrZ0EytdHhYKxveun8_0BLrABkbwSBlmyGQDCN6vU1Q?e=2PNde2\">2015 : \u00ab\u00a0un livre-un projet-une rencontre\u00a0\u00bb autour de l&rsquo;album d&rsquo;Herv\u00e9 Tullet \u00ab\u00a0un livre\u00a0\u00bb<\/a><\/p>\n<\/div>\n\n\n\n<div class=\"wp-block-uagb-tabs-child uagb-tabs__body-container uagb-inner-tab-1\" aria-labelledby=\"uagb-tabs__tab1\">\n<p><a href=\"https:\/\/ecbzh-my.sharepoint.com\/:f:\/g\/personal\/emmanuelle_coupe_enseignement-catholique_bzh\/El7IJxVQ6S9EkOU3p39a8vEB9CwzXlfDc0s_TAdLvVeqUQ?e=OaNrfQ\" data-type=\"link\" data-id=\"https:\/\/ecbzh-my.sharepoint.com\/:f:\/g\/personal\/emmanuelle_coupe_enseignement-catholique_bzh\/El7IJxVQ6S9EkOU3p39a8vEB9CwzXlfDc0s_TAdLvVeqUQ?e=OaNrfQ\">2019 &#8211; Grands- jeux &#8211; orientation &#8211; jeux de relais<\/a><\/p>\n\n\n\n<p><a href=\"https:\/\/ecbzh-my.sharepoint.com\/:f:\/g\/personal\/emmanuelle_coupe_enseignement-catholique_bzh\/EtydM1-Z_8dFs1dEx8XxBAcBxaVhWSgBWKQoWFbPWbBPLA?e=ta6Hf7\" data-type=\"link\" data-id=\"https:\/\/ecbzh-my.sharepoint.com\/:f:\/g\/personal\/emmanuelle_coupe_enseignement-catholique_bzh\/EtydM1-Z_8dFs1dEx8XxBAcBxaVhWSgBWKQoWFbPWbBPLA?e=ta6Hf7\">2016 &#8211; Vive la r\u00e9cr\u00e9 !<\/a><\/p>\n\n\n\n<p><a href=\"https:\/\/ecbzh-my.sharepoint.com\/:f:\/g\/personal\/emmanuelle_coupe_enseignement-catholique_bzh\/EhiDz_FX2hVJn73f7nXN8s0Bl2_-ll4cqPy8j5nWBBVp8A?e=26gmAp\" data-type=\"link\" data-id=\"https:\/\/ecbzh-my.sharepoint.com\/:f:\/g\/personal\/emmanuelle_coupe_enseignement-catholique_bzh\/EhiDz_FX2hVJn73f7nXN8s0Bl2_-ll4cqPy8j5nWBBVp8A?e=26gmAp\">2013 &#8211; jeu ici-toi ailleurs (en accompagnement de la boite de jeu)<\/a><\/p>\n<\/div>\n\n\n\n<div class=\"wp-block-uagb-tabs-child uagb-tabs__body-container uagb-inner-tab-2\" aria-labelledby=\"uagb-tabs__tab2\">\n<p><a href=\"https:\/\/www.ugsel35.fr\/jeux-regionaux\/jeux-regionaux-2024\/\" data-type=\"link\" data-id=\"https:\/\/www.ugsel35.fr\/jeux-regionaux\/jeux-regionaux-2024\/\">2024 &#8211; Jeux r\u00e9gionaux- \u00ab\u00a0Yalla !\u00a0\u00bb \u00e0 Rennes (35)<\/a><\/p>\n\n\n\n<p><a href=\"https:\/\/view.genially.com\/615c4ac88f037e0dcc089b48\/interactive-content-ressources-jeux-regionaux-2022\" data-type=\"link\" data-id=\"https:\/\/view.genially.com\/615c4ac88f037e0dcc089b48\/interactive-content-ressources-jeux-regionaux-2022\">2022 &#8211; Jeux r\u00e9gionaux- \u00ab\u00a0Devenir citoyen\u00a0\u00bb \u00e0 Ergu\u00e9-Gab\u00e9ric (29)<\/a><\/p>\n\n\n\n<p>2019 &#8211; Jeux r\u00e9gionaux &#8211; \u00ab\u00a0Natur&rsquo;Art\u00a0\u00bb \u00e0 Bignan (56)<\/p>\n\n\n\n<p><a href=\"https:\/\/ecbzh-my.sharepoint.com\/:f:\/g\/personal\/emmanuelle_coupe_enseignement-catholique_bzh\/EpjHLsZbM45OjhPG_S9vzDUB6lWYSKZLXw96SKtofDrneA?e=lI5Lwq\" data-type=\"link\" data-id=\"https:\/\/ecbzh-my.sharepoint.com\/:f:\/g\/personal\/emmanuelle_coupe_enseignement-catholique_bzh\/EpjHLsZbM45OjhPG_S9vzDUB6lWYSKZLXw96SKtofDrneA?e=lI5Lwq\">2017 &#8211; projet rando<\/a><\/p>\n<\/div>\n<\/div><\/div>\n\n\n\n<p><\/p>\n","protected":false},"excerpt":{"rendered":"<p>Ressources rencontres des ann\u00e9es pr\u00e9c\u00e9dentes<\/p>\n","protected":false},"author":2,"featured_media":260,"parent":0,"menu_order":0,"comment_status":"closed","ping_status":"closed","template":"","meta":{"_tec_requires_first_save":true,"_uag_custom_page_level_css":"","neve_meta_sidebar":"","neve_meta_container":"","neve_meta_enable_content_width":"","neve_meta_content_width":0,"neve_meta_title_alignment":"","neve_meta_author_avatar":"","neve_post_elements_order":"","neve_meta_disable_header":"","neve_meta_disable_footer":"","neve_meta_disable_title":"","_EventAllDay":false,"_EventTimezone":"","_EventStartDate":"","_EventEndDate":"","_EventStartDateUTC":"","_EventEndDateUTC":"","_EventShowMap":false,"_EventShowMapLink":false,"_EventURL":"","_EventCost":"","_EventCostDescription":"","_EventCurrencySymbol":"","_EventCurrencyCode":"","_EventCurrencyPosition":"","_EventDateTimeSeparator":"","_EventTimeRangeSeparator":"","_EventOrganizerID":[],"_EventVenueID":[],"_OrganizerEmail":"","_OrganizerPhone":"","_OrganizerWebsite":"","_VenueAddress":"","_VenueCity":"","_VenueCountry":"","_VenueProvince":"","_VenueState":"","_VenueZip":"","_VenuePhone":"","_VenueURL":"","_VenueStateProvince":"","_VenueLat":"","_VenueLng":"","_VenueShowMap":false,"_VenueShowMapLink":false,"_tribe_blocks_recurrence_rules":"","_tribe_blocks_recurrence_description":"","_tribe_blocks_recurrence_exclusions":"","_themeisle_gutenberg_block_has_review":false,"footnotes":""},"class_list":["post-326","page","type-page","status-publish","has-post-thumbnail","hentry"],"uagb_featured_image_src":{"full":["https:\/\/ugsel-finistere.org\/wp-content\/uploads\/2025\/02\/tvc5imo5pxk-e1738770905955.jpg",1024,467,false],"thumbnail":["https:\/\/ugsel-finistere.org\/wp-content\/uploads\/2025\/02\/tvc5imo5pxk-e1738770905955-150x150.jpg",150,150,true],"medium":["https:\/\/ugsel-finistere.org\/wp-content\/uploads\/2025\/02\/tvc5imo5pxk-e1738770905955-300x137.jpg",300,137,true],"medium_large":["https:\/\/ugsel-finistere.org\/wp-content\/uploads\/2025\/02\/tvc5imo5pxk-e1738770905955-768x350.jpg",768,350,true],"large":["https:\/\/ugsel-finistere.org\/wp-content\/uploads\/2025\/02\/tvc5imo5pxk-1024x709.jpg",1024,709,true],"1536x1536":["https:\/\/ugsel-finistere.org\/wp-content\/uploads\/2025\/02\/tvc5imo5pxk-1536x1064.jpg",1536,1064,true],"2048x2048":["https:\/\/ugsel-finistere.org\/wp-content\/uploads\/2025\/02\/tvc5imo5pxk-e1738770905955.jpg",1024,467,false],"neve-blog":["https:\/\/ugsel-finistere.org\/wp-content\/uploads\/2025\/02\/tvc5imo5pxk-e1738770905955-930x467.jpg",930,467,true]},"uagb_author_info":{"display_name":"Manue","author_link":"https:\/\/ugsel-finistere.org\/index.php\/author\/manue\/"},"uagb_comment_info":0,"uagb_excerpt":"Ressources rencontres des ann\u00e9es pr\u00e9c\u00e9dentes","_links":{"self":[{"href":"https:\/\/ugsel-finistere.org\/index.php\/wp-json\/wp\/v2\/pages\/326","targetHints":{"allow":["GET"]}}],"collection":[{"href":"https:\/\/ugsel-finistere.org\/index.php\/wp-json\/wp\/v2\/pages"}],"about":[{"href":"https:\/\/ugsel-finistere.org\/index.php\/wp-json\/wp\/v2\/types\/page"}],"author":[{"embeddable":true,"href":"https:\/\/ugsel-finistere.org\/index.php\/wp-json\/wp\/v2\/users\/2"}],"replies":[{"embeddable":true,"href":"https:\/\/ugsel-finistere.org\/index.php\/wp-json\/wp\/v2\/comments?post=326"}],"version-history":[{"count":35,"href":"https:\/\/ugsel-finistere.org\/index.php\/wp-json\/wp\/v2\/pages\/326\/revisions"}],"predecessor-version":[{"id":4081,"href":"https:\/\/ugsel-finistere.org\/index.php\/wp-json\/wp\/v2\/pages\/326\/revisions\/4081"}],"wp:featuredmedia":[{"embeddable":true,"href":"https:\/\/ugsel-finistere.org\/index.php\/wp-json\/wp\/v2\/media\/260"}],"wp:attachment":[{"href":"https:\/\/ugsel-finistere.org\/index.php\/wp-json\/wp\/v2\/media?parent=326"}],"curies":[{"name":"wp","href":"https:\/\/api.w.org\/{rel}","templated":true}]}}