{"id":334,"date":"2025-02-07T15:18:45","date_gmt":"2025-02-07T14:18:45","guid":{"rendered":"https:\/\/www.futur.ugsel-finistere.org\/futur.ugsel-finistere.org\/?page_id=334"},"modified":"2026-01-20T15:17:04","modified_gmt":"2026-01-20T14:17:04","slug":"1d_territoires","status":"publish","type":"page","link":"https:\/\/ugsel-finistere.org\/index.php\/1d_territoires\/","title":{"rendered":"1D_territoires"},"content":{"rendered":"\n<div class=\"wp-block-uagb-advanced-heading uagb-block-01df2c1a\"><h2 class=\"uagb-heading-text\">Film de pr\u00e9sentation de l&rsquo;UGSEL<\/h2><\/div>\n\n\n\n<div class=\"wp-block-uagb-container uagb-block-c5e503b0 alignfull uagb-is-root-container\"><div class=\"uagb-container-inner-blocks-wrap\">\n<div class=\"wp-block-uagb-container uagb-block-46d22ca9\">\n<figure class=\"wp-block-embed is-type-video is-provider-vimeo wp-block-embed-vimeo wp-embed-aspect-16-9 wp-has-aspect-ratio\"><div class=\"wp-block-embed__wrapper\">\n<div class=\"nv-iframe-embed\"><iframe loading=\"lazy\" title=\"\u00c9duquer ... tout un sport!\" src=\"https:\/\/player.vimeo.com\/video\/113998633?dnt=1&amp;app_id=122963\" width=\"1200\" height=\"675\" frameborder=\"0\" allow=\"autoplay; fullscreen; picture-in-picture; clipboard-write; encrypted-media; web-share\" referrerpolicy=\"strict-origin-when-cross-origin\"><\/iframe><\/div>\n<\/div><\/figure>\n<\/div>\n\n\n\n<div class=\"wp-block-uagb-container uagb-block-7062d4d6\">\n<p class=\"has-text-align-center\"><strong>F\u00e9d\u00e9rer, \u00e9changer, animer, organiser, relayer, voici le r\u00f4le des enseignants r\u00e9f\u00e9rents en EPS\/UGSEL de votre territoire !<\/strong><\/p>\n<\/div>\n<\/div><\/div>\n\n\n\n<p><\/p>\n\n\n\n\n\n<div class=\"wp-block-uagb-container uagb-block-cpb9vbgb alignfull uagb-is-root-container\"><div class=\"uagb-container-inner-blocks-wrap\">\n<div class=\"wp-block-uagb-container uagb-block-ks6asspz\">\n<div class=\"wp-block-uagb-info-box uagb-block-gea4i3rs uagb-infobox__content-wrap  uagb-infobox-icon-above-title uagb-infobox-image-valign-top\"><div class=\"uagb-ifb-content\"><div class=\"uagb-ifb-title-wrap\"><h3 class=\"uagb-ifb-title\">Carte et liste des enseignants r\u00e9f\u00e9rent EPS 1D\/UGSEL par territoire<\/h3><\/div><\/div><\/div>\n\n\n\n<div class=\"wp-block-uagb-buttons uagb-buttons__outer-wrap uagb-btn__default-btn uagb-btn-tablet__default-btn uagb-btn-mobile__default-btn uagb-block-oeu0zney\"><div class=\"uagb-buttons__wrap uagb-buttons-layout-wrap \">\n<div class=\"wp-block-uagb-buttons-child uagb-buttons__outer-wrap uagb-block-j5pwvaot wp-block-button\"><div class=\"uagb-button__wrapper\"><a class=\"uagb-buttons-repeater wp-block-button__link\" aria-label=\"\" href=\"#\" rel=\"follow noopener\" target=\"_self\" role=\"button\"><div class=\"uagb-button__link\">Infos<\/div><span class=\"uagb-button__icon uagb-button__icon-position-after\"><svg xmlns=\"https:\/\/www.w3.org\/2000\/svg\" viewBox=\"0 0 320 512\" aria-hidden=\"true\" focussable=\"false\"><path d=\"M96 480c-8.188 0-16.38-3.125-22.62-9.375c-12.5-12.5-12.5-32.75 0-45.25L242.8 256L73.38 86.63c-12.5-12.5-12.5-32.75 0-45.25s32.75-12.5 45.25 0l192 192c12.5 12.5 12.5 32.75 0 45.25l-192 192C112.4 476.9 104.2 480 96 480z\"><\/path><\/svg><\/span><\/a><\/div><\/div>\n<\/div><\/div>\n<a class=\"spectra-container-link-overlay\" rel=\"noopener\" target=\"_blank\" href=\"https:\/\/www.canva.com\/design\/DAG1-HU13xE\/-uWs8cLqiBwoHl_VjBtYZw\/view\"> <\/a><\/div>\n\n\n\n<div class=\"wp-block-uagb-container uagb-block-sjqvajbn\">\n<div class=\"wp-block-uagb-info-box uagb-block-nuz4yhhf uagb-infobox__content-wrap  uagb-infobox-icon-above-title uagb-infobox-image-valign-top\"><div class=\"uagb-ifb-content\"><div class=\"uagb-ifb-title-wrap\"><h3 class=\"uagb-ifb-title\">r\u00f4le des enseignants r\u00e9f\u00e9rents EPS 1D\/UGSEL de territoire<\/h3><\/div><\/div><\/div>\n\n\n\n<div class=\"wp-block-uagb-buttons uagb-buttons__outer-wrap uagb-btn__default-btn uagb-btn-tablet__default-btn uagb-btn-mobile__default-btn uagb-block-dmt4azpn\"><div class=\"uagb-buttons__wrap uagb-buttons-layout-wrap \">\n<div class=\"wp-block-uagb-buttons-child uagb-buttons__outer-wrap uagb-block-swqhtfbh wp-block-button\"><div class=\"uagb-button__wrapper\"><a class=\"uagb-buttons-repeater wp-block-button__link\" aria-label=\"\" href=\"#\" rel=\"follow noopener\" target=\"_self\" role=\"button\"><div class=\"uagb-button__link\">Infos<\/div><span class=\"uagb-button__icon uagb-button__icon-position-after\"><svg xmlns=\"https:\/\/www.w3.org\/2000\/svg\" viewBox=\"0 0 320 512\" aria-hidden=\"true\" focussable=\"false\"><path d=\"M96 480c-8.188 0-16.38-3.125-22.62-9.375c-12.5-12.5-12.5-32.75 0-45.25L242.8 256L73.38 86.63c-12.5-12.5-12.5-32.75 0-45.25s32.75-12.5 45.25 0l192 192c12.5 12.5 12.5 32.75 0 45.25l-192 192C112.4 476.9 104.2 480 96 480z\"><\/path><\/svg><\/span><\/a><\/div><\/div>\n<\/div><\/div>\n<a class=\"spectra-container-link-overlay\" rel=\"noopener\" target=\"_blank\" href=\"https:\/\/ugsel-finistere.org\/index.php\/1d-role-enseignant-referent\/\"> <\/a><\/div>\n\n\n\n<div class=\"wp-block-uagb-container uagb-block-pyeeljd2\">\n<div class=\"wp-block-uagb-info-box uagb-block-pggo3e3e uagb-infobox__content-wrap  uagb-infobox-icon-above-title uagb-infobox-image-valign-top\"><div class=\"uagb-ifb-content\"><div class=\"uagb-ifb-title-wrap\"><h3 class=\"uagb-ifb-title\">ressources pour organiser une rencontre sportive en 1er Degr\u00e9 <br> <\/h3><\/div><\/div><\/div>\n\n\n\n<div class=\"wp-block-uagb-buttons uagb-buttons__outer-wrap uagb-btn__default-btn uagb-btn-tablet__default-btn uagb-btn-mobile__default-btn uagb-block-sfq5mkmm\"><div class=\"uagb-buttons__wrap uagb-buttons-layout-wrap \">\n<div class=\"wp-block-uagb-buttons-child uagb-buttons__outer-wrap uagb-block-n8kbapwx wp-block-button\"><div class=\"uagb-button__wrapper\"><a class=\"uagb-buttons-repeater wp-block-button__link\" aria-label=\"\" href=\"#\" rel=\"follow noopener\" target=\"_self\" role=\"button\"><div class=\"uagb-button__link\">Infos<\/div><span class=\"uagb-button__icon uagb-button__icon-position-after\"><svg xmlns=\"https:\/\/www.w3.org\/2000\/svg\" viewBox=\"0 0 320 512\" aria-hidden=\"true\" focussable=\"false\"><path d=\"M96 480c-8.188 0-16.38-3.125-22.62-9.375c-12.5-12.5-12.5-32.75 0-45.25L242.8 256L73.38 86.63c-12.5-12.5-12.5-32.75 0-45.25s32.75-12.5 45.25 0l192 192c12.5 12.5 12.5 32.75 0 45.25l-192 192C112.4 476.9 104.2 480 96 480z\"><\/path><\/svg><\/span><\/a><\/div><\/div>\n<\/div><\/div>\n<a class=\"spectra-container-link-overlay\" rel=\"noopener\" target=\"_blank\" href=\"https:\/\/ugsel-finistere.org\/index.php\/1d_rencontres-sportives\/\"> <\/a><\/div>\n\n\n\n<div class=\"wp-block-uagb-container uagb-block-87290c50\">\n<div class=\"wp-block-uagb-info-box uagb-block-c5e931d9 uagb-infobox__content-wrap  uagb-infobox-icon-above-title uagb-infobox-image-valign-top\"><div class=\"uagb-ifb-content\"><div class=\"uagb-ifb-title-wrap\"><h3 class=\"uagb-ifb-title\">Dynamique sportive et \u00e9ducative dans les territoires<br> <\/h3><\/div><\/div><\/div>\n\n\n\n<div class=\"wp-block-uagb-buttons uagb-buttons__outer-wrap uagb-btn__default-btn uagb-btn-tablet__default-btn uagb-btn-mobile__default-btn uagb-block-207e5e29\"><div class=\"uagb-buttons__wrap uagb-buttons-layout-wrap \">\n<div class=\"wp-block-uagb-buttons-child uagb-buttons__outer-wrap uagb-block-39e30892 wp-block-button\"><div class=\"uagb-button__wrapper\"><a class=\"uagb-buttons-repeater wp-block-button__link\" aria-label=\"\" href=\"#\" rel=\"follow noopener\" target=\"_self\" role=\"button\"><div class=\"uagb-button__link\">Infos<\/div><span class=\"uagb-button__icon uagb-button__icon-position-after\"><svg xmlns=\"https:\/\/www.w3.org\/2000\/svg\" viewBox=\"0 0 320 512\" aria-hidden=\"true\" focussable=\"false\"><path d=\"M96 480c-8.188 0-16.38-3.125-22.62-9.375c-12.5-12.5-12.5-32.75 0-45.25L242.8 256L73.38 86.63c-12.5-12.5-12.5-32.75 0-45.25s32.75-12.5 45.25 0l192 192c12.5 12.5 12.5 32.75 0 45.25l-192 192C112.4 476.9 104.2 480 96 480z\"><\/path><\/svg><\/span><\/a><\/div><\/div>\n<\/div><\/div>\n<a class=\"spectra-container-link-overlay\" rel=\"noopener\" target=\"_blank\" href=\"https:\/\/ugsel-finistere.org\/index.php\/dynamique-territoires\/\"> <\/a><\/div>\n<\/div><\/div>\n","protected":false},"excerpt":{"rendered":"<p>Film de pr\u00e9sentation de l&rsquo;UGSEL F\u00e9d\u00e9rer, \u00e9changer, animer, organiser, relayer, voici le r\u00f4le des enseignants r\u00e9f\u00e9rents en EPS\/UGSEL de votre territoire !<\/p>\n","protected":false},"author":2,"featured_media":310,"parent":0,"menu_order":0,"comment_status":"closed","ping_status":"closed","template":"","meta":{"_tec_requires_first_save":true,"_uag_custom_page_level_css":"","neve_meta_sidebar":"","neve_meta_container":"","neve_meta_enable_content_width":"","neve_meta_content_width":0,"neve_meta_title_alignment":"","neve_meta_author_avatar":"","neve_post_elements_order":"","neve_meta_disable_header":"","neve_meta_disable_footer":"","neve_meta_disable_title":"","_EventAllDay":false,"_EventTimezone":"","_EventStartDate":"","_EventEndDate":"","_EventStartDateUTC":"","_EventEndDateUTC":"","_EventShowMap":false,"_EventShowMapLink":false,"_EventURL":"","_EventCost":"","_EventCostDescription":"","_EventCurrencySymbol":"","_EventCurrencyCode":"","_EventCurrencyPosition":"","_EventDateTimeSeparator":"","_EventTimeRangeSeparator":"","_EventOrganizerID":[],"_EventVenueID":[],"_OrganizerEmail":"","_OrganizerPhone":"","_OrganizerWebsite":"","_VenueAddress":"","_VenueCity":"","_VenueCountry":"","_VenueProvince":"","_VenueState":"","_VenueZip":"","_VenuePhone":"","_VenueURL":"","_VenueStateProvince":"","_VenueLat":"","_VenueLng":"","_VenueShowMap":false,"_VenueShowMapLink":false,"_tribe_blocks_recurrence_rules":"","_tribe_blocks_recurrence_description":"","_tribe_blocks_recurrence_exclusions":"","_themeisle_gutenberg_block_has_review":false,"footnotes":""},"class_list":["post-334","page","type-page","status-publish","has-post-thumbnail","hentry"],"uagb_featured_image_src":{"full":["https:\/\/ugsel-finistere.org\/wp-content\/uploads\/2025\/02\/finistere.png",685,776,false],"thumbnail":["https:\/\/ugsel-finistere.org\/wp-content\/uploads\/2025\/02\/finistere-150x150.png",150,150,true],"medium":["https:\/\/ugsel-finistere.org\/wp-content\/uploads\/2025\/02\/finistere-265x300.png",265,300,true],"medium_large":["https:\/\/ugsel-finistere.org\/wp-content\/uploads\/2025\/02\/finistere.png",685,776,false],"large":["https:\/\/ugsel-finistere.org\/wp-content\/uploads\/2025\/02\/finistere.png",685,776,false],"1536x1536":["https:\/\/ugsel-finistere.org\/wp-content\/uploads\/2025\/02\/finistere.png",685,776,false],"2048x2048":["https:\/\/ugsel-finistere.org\/wp-content\/uploads\/2025\/02\/finistere.png",685,776,false],"neve-blog":["https:\/\/ugsel-finistere.org\/wp-content\/uploads\/2025\/02\/finistere-685x620.png",685,620,true]},"uagb_author_info":{"display_name":"Manue","author_link":"https:\/\/ugsel-finistere.org\/index.php\/author\/manue\/"},"uagb_comment_info":0,"uagb_excerpt":"Film de pr\u00e9sentation de l&rsquo;UGSEL F\u00e9d\u00e9rer, \u00e9changer, animer, organiser, relayer, voici le r\u00f4le des enseignants r\u00e9f\u00e9rents en EPS\/UGSEL de votre territoire !","_links":{"self":[{"href":"https:\/\/ugsel-finistere.org\/index.php\/wp-json\/wp\/v2\/pages\/334","targetHints":{"allow":["GET"]}}],"collection":[{"href":"https:\/\/ugsel-finistere.org\/index.php\/wp-json\/wp\/v2\/pages"}],"about":[{"href":"https:\/\/ugsel-finistere.org\/index.php\/wp-json\/wp\/v2\/types\/page"}],"author":[{"embeddable":true,"href":"https:\/\/ugsel-finistere.org\/index.php\/wp-json\/wp\/v2\/users\/2"}],"replies":[{"embeddable":true,"href":"https:\/\/ugsel-finistere.org\/index.php\/wp-json\/wp\/v2\/comments?post=334"}],"version-history":[{"count":21,"href":"https:\/\/ugsel-finistere.org\/index.php\/wp-json\/wp\/v2\/pages\/334\/revisions"}],"predecessor-version":[{"id":5617,"href":"https:\/\/ugsel-finistere.org\/index.php\/wp-json\/wp\/v2\/pages\/334\/revisions\/5617"}],"wp:featuredmedia":[{"embeddable":true,"href":"https:\/\/ugsel-finistere.org\/index.php\/wp-json\/wp\/v2\/media\/310"}],"wp:attachment":[{"href":"https:\/\/ugsel-finistere.org\/index.php\/wp-json\/wp\/v2\/media?parent=334"}],"curies":[{"name":"wp","href":"https:\/\/api.w.org\/{rel}","templated":true}]}}