{"id":336,"date":"2025-02-07T15:19:20","date_gmt":"2025-02-07T14:19:20","guid":{"rendered":"https:\/\/www.futur.ugsel-finistere.org\/futur.ugsel-finistere.org\/?page_id=336"},"modified":"2025-11-17T15:05:07","modified_gmt":"2025-11-17T14:05:07","slug":"1d_animation-ecole","status":"publish","type":"page","link":"https:\/\/ugsel-finistere.org\/index.php\/1d_animation-ecole\/","title":{"rendered":"1D_animation \u00e9cole"},"content":{"rendered":"\n<section id=\"wp-block-themeisle-blocks-advanced-columns-e0e1ab2e\" class=\"wp-block-themeisle-blocks-advanced-columns alignfull has-3-columns has-desktop-equal-layout has-tablet-equal-layout has-mobile-collapsedRows-layout has-vertical-flex-start ticss-7b5eb70a\"><div class=\"wp-block-themeisle-blocks-advanced-columns-overlay\"><\/div><div class=\"innerblocks-wrap\">\n<div id=\"wp-block-themeisle-blocks-advanced-column-2489d76c\" class=\"wp-block-themeisle-blocks-advanced-column has-light-bg\">\n<h4 id=\"wp-block-themeisle-blocks-advanced-heading-e30ccf77\" class=\"wp-block-themeisle-blocks-advanced-heading wp-block-themeisle-blocks-advanced-heading-e30ccf77\">Animation aupr\u00e8s des \u00e9l\u00e8ves<\/h4>\n\n\n\n<span id=\"wp-block-themeisle-blocks-advanced-heading-01f7ed6b\" class=\"wp-block-themeisle-blocks-advanced-heading wp-block-themeisle-blocks-advanced-heading-01f7ed6b\"><\/span>\n\n\n\n<p id=\"wp-block-themeisle-blocks-advanced-heading-fe18de7e\" class=\"wp-block-themeisle-blocks-advanced-heading wp-block-themeisle-blocks-advanced-heading-fe18de7e\"><em>Nos animateurs sportifs vous proposent de co-animer 4 s\u00e9ances d&rsquo;EPS durant un cycle de travail avec les enfants.<\/em><\/p>\n\n\n\n<div id=\"wp-block-themeisle-blocks-icon-list-fb8b7e9c\" class=\"wp-block-themeisle-blocks-icon-list\">\n<div id=\"wp-block-themeisle-blocks-icon-list-item-f341b063\" class=\"wp-block-themeisle-blocks-icon-list-item\"><i class=\"fas fa-check wp-block-themeisle-blocks-icon-list-item-icon\"><\/i><p class=\"wp-block-themeisle-blocks-icon-list-item-content\">3 \u00e0 4 classes par \u00e9cole <\/p><\/div>\n\n\n\n<div id=\"wp-block-themeisle-blocks-icon-list-item-78a49dfc\" class=\"wp-block-themeisle-blocks-icon-list-item\"><i class=\"fas fa-check wp-block-themeisle-blocks-icon-list-item-icon\"><\/i><p class=\"wp-block-themeisle-blocks-icon-list-item-content\">4 s\u00e9ances par classe<\/p><\/div>\n\n\n\n<div id=\"wp-block-themeisle-blocks-icon-list-item-8216d9b3\" class=\"wp-block-themeisle-blocks-icon-list-item\"><i class=\"fas fa-check wp-block-themeisle-blocks-icon-list-item-icon\"><\/i><p class=\"wp-block-themeisle-blocks-icon-list-item-content\">choix d&rsquo;activit\u00e9s physiques <\/p><\/div>\n\n\n\n<div id=\"wp-block-themeisle-blocks-icon-list-item-1c648ab6\" class=\"wp-block-themeisle-blocks-icon-list-item\"><i class=\"fas fa-check wp-block-themeisle-blocks-icon-list-item-icon\"><\/i><p class=\"wp-block-themeisle-blocks-icon-list-item-content\">possibilit\u00e9 de mat\u00e9riel \u00e0 disposition pour la dur\u00e9e du cycle.<\/p><\/div>\n<\/div>\n\n\n\n<div style=\"height:24px\" aria-hidden=\"true\" class=\"wp-block-spacer\"><\/div>\n\n\n\n<p class=\"has-text-align-center has-custom-1-color has-custom-3-background-color has-text-color has-background has-link-color has-small-font-size wp-elements-dc31b922f9192a0bda8d5446aab53a6e\">Planning complet pour 2025\/2026<\/p>\n\n\n\n<p class=\"has-text-align-center has-custom-1-color has-custom-3-background-color has-text-color has-background has-link-color has-small-font-size wp-elements-68aba873b862f071e06431275483e52c\">Le formulaire de demande pour 2026\/2027 sera ouvert en juin 2026.<\/p>\n\n\n\n<div class=\"wp-block-buttons is-vertical is-content-justification-center is-layout-flex wp-container-core-buttons-is-layout-cc3cdef1 wp-block-buttons-is-layout-flex\">\n<div class=\"wp-block-button has-custom-width wp-block-button__width-100 is-style-primary\"><a class=\"wp-block-button__link has-custom-font-size wp-element-button\" style=\"border-radius:5px;font-size:16px\">Formulaire de demande<\/a><\/div>\n<\/div>\n<\/div>\n\n\n\n<div id=\"wp-block-themeisle-blocks-advanced-column-991b18b5\" class=\"wp-block-themeisle-blocks-advanced-column has-light-bg\">\n<h4 id=\"wp-block-themeisle-blocks-advanced-heading-6b0710bb\" class=\"wp-block-themeisle-blocks-advanced-heading wp-block-themeisle-blocks-advanced-heading-6b0710bb\">Animation sportive<\/h4>\n\n\n\n<span id=\"wp-block-themeisle-blocks-advanced-heading-0076e239\" class=\"wp-block-themeisle-blocks-advanced-heading wp-block-themeisle-blocks-advanced-heading-0076e239\"><\/span>\n\n\n\n<p id=\"wp-block-themeisle-blocks-advanced-heading-36b869e4\" class=\"wp-block-themeisle-blocks-advanced-heading wp-block-themeisle-blocks-advanced-heading-36b869e4\"><em>Nos animateurs se tiennent \u00e0 votre disposition pour <\/em>l&rsquo;animation p\u00e9dagogique autour d&rsquo;une activit\u00e9 physique \u00e0 destination des&nbsp; professeurs des \u00e9coles d&rsquo;un territoire.<\/p>\n\n\n\n<div style=\"height:24px\" aria-hidden=\"true\" class=\"wp-block-spacer\"><\/div>\n\n\n\n<p class=\"has-text-align-center has-custom-1-color has-text-color has-link-color has-small-font-size wp-elements-a4d965a5334180e7776d5803d4cfbea5\">Les demandes peuvent \u00eatre effectu\u00e9es tout au long de l&rsquo;ann\u00e9e<\/p>\n\n\n\n<div class=\"wp-block-buttons is-vertical is-content-justification-center is-layout-flex wp-container-core-buttons-is-layout-cc3cdef1 wp-block-buttons-is-layout-flex\">\n<div class=\"wp-block-button has-custom-width wp-block-button__width-100 is-style-primary\"><a class=\"wp-block-button__link has-custom-font-size wp-element-button\" href=\"https:\/\/forms.office.com\/Pages\/ResponsePage.aspx?id=Ktxskx69E02-iP8sVPcB1ZAs9PVj-0tCvFsWy-Fn7_JURUhNNjNMSksxUkxXR1lUOFg3M09ISktWTy4u\" style=\"font-size:16px\">Formulaire de demande<\/a><\/div>\n<\/div>\n<\/div>\n\n\n\n<div id=\"wp-block-themeisle-blocks-advanced-column-09158d16\" class=\"wp-block-themeisle-blocks-advanced-column ticss-3fe6b647 has-light-bg\">\n<h4 id=\"wp-block-themeisle-blocks-advanced-heading-b3766bd8\" class=\"wp-block-themeisle-blocks-advanced-heading wp-block-themeisle-blocks-advanced-heading-b3766bd8\">Aide \u00e0 la pr\u00e9paration d&rsquo;une rencontre sportive.<\/h4>\n\n\n\n<span id=\"wp-block-themeisle-blocks-advanced-heading-e601353c\" class=\"wp-block-themeisle-blocks-advanced-heading wp-block-themeisle-blocks-advanced-heading-e601353c\"><\/span>\n\n\n\n<p id=\"wp-block-themeisle-blocks-advanced-heading-39d2e261\" class=\"wp-block-themeisle-blocks-advanced-heading wp-block-themeisle-blocks-advanced-heading-39d2e261\"><em><em>En fonction du projet p\u00e9dagogique des \u00e9coles ou d&rsquo;un territoire, nos animateurs se tiennent \u00e0 votre disposition pour<\/em><\/em> vous aider \u00e0 la mise en place d&rsquo;une rencontre sportive<\/p>\n\n\n\n<div style=\"height:24px\" aria-hidden=\"true\" class=\"wp-block-spacer\"><\/div>\n\n\n\n<div class=\"wp-block-buttons is-vertical is-content-justification-center is-layout-flex wp-container-core-buttons-is-layout-cc3cdef1 wp-block-buttons-is-layout-flex\">\n<div class=\"wp-block-button has-custom-width wp-block-button__width-100 is-style-primary\"><a class=\"wp-block-button__link has-custom-font-size wp-element-button\" href=\"https:\/\/forms.office.com\/e\/rays2AxupK\" style=\"font-size:16px\">Formulaire de demande<\/a><\/div>\n<\/div>\n<\/div>\n<\/div><\/section>\n","protected":false},"excerpt":{"rendered":"","protected":false},"author":2,"featured_media":311,"parent":0,"menu_order":0,"comment_status":"closed","ping_status":"closed","template":"","meta":{"_tec_requires_first_save":true,"_uag_custom_page_level_css":"","neve_meta_sidebar":"","neve_meta_container":"","neve_meta_enable_content_width":"","neve_meta_content_width":0,"neve_meta_title_alignment":"","neve_meta_author_avatar":"","neve_post_elements_order":"","neve_meta_disable_header":"","neve_meta_disable_footer":"","neve_meta_disable_title":"","_EventAllDay":false,"_EventTimezone":"","_EventStartDate":"","_EventEndDate":"","_EventStartDateUTC":"","_EventEndDateUTC":"","_EventShowMap":false,"_EventShowMapLink":false,"_EventURL":"","_EventCost":"","_EventCostDescription":"","_EventCurrencySymbol":"","_EventCurrencyCode":"","_EventCurrencyPosition":"","_EventDateTimeSeparator":"","_EventTimeRangeSeparator":"","_EventOrganizerID":[],"_EventVenueID":[],"_OrganizerEmail":"","_OrganizerPhone":"","_OrganizerWebsite":"","_VenueAddress":"","_VenueCity":"","_VenueCountry":"","_VenueProvince":"","_VenueState":"","_VenueZip":"","_VenuePhone":"","_VenueURL":"","_VenueStateProvince":"","_VenueLat":"","_VenueLng":"","_VenueShowMap":false,"_VenueShowMapLink":false,"_tribe_blocks_recurrence_rules":"","_tribe_blocks_recurrence_description":"","_tribe_blocks_recurrence_exclusions":"","_themeisle_gutenberg_block_has_review":false,"footnotes":""},"class_list":["post-336","page","type-page","status-publish","has-post-thumbnail","hentry"],"uagb_featured_image_src":{"full":["https:\/\/ugsel-finistere.org\/wp-content\/uploads\/2025\/02\/IMG-20241217-WA0022-edited.jpg",738,738,false],"thumbnail":["https:\/\/ugsel-finistere.org\/wp-content\/uploads\/2025\/02\/IMG-20241217-WA0022-edited-150x150.jpg",150,150,true],"medium":["https:\/\/ugsel-finistere.org\/wp-content\/uploads\/2025\/02\/IMG-20241217-WA0022-edited-300x300.jpg",300,300,true],"medium_large":["https:\/\/ugsel-finistere.org\/wp-content\/uploads\/2025\/02\/IMG-20241217-WA0022-edited.jpg",738,738,false],"large":["https:\/\/ugsel-finistere.org\/wp-content\/uploads\/2025\/02\/IMG-20241217-WA0022-edited.jpg",738,738,false],"1536x1536":["https:\/\/ugsel-finistere.org\/wp-content\/uploads\/2025\/02\/IMG-20241217-WA0022-edited.jpg",738,738,false],"2048x2048":["https:\/\/ugsel-finistere.org\/wp-content\/uploads\/2025\/02\/IMG-20241217-WA0022-edited.jpg",738,738,false],"neve-blog":["https:\/\/ugsel-finistere.org\/wp-content\/uploads\/2025\/02\/IMG-20241217-WA0022-edited-738x620.jpg",738,620,true]},"uagb_author_info":{"display_name":"Manue","author_link":"https:\/\/ugsel-finistere.org\/index.php\/author\/manue\/"},"uagb_comment_info":0,"uagb_excerpt":null,"_links":{"self":[{"href":"https:\/\/ugsel-finistere.org\/index.php\/wp-json\/wp\/v2\/pages\/336","targetHints":{"allow":["GET"]}}],"collection":[{"href":"https:\/\/ugsel-finistere.org\/index.php\/wp-json\/wp\/v2\/pages"}],"about":[{"href":"https:\/\/ugsel-finistere.org\/index.php\/wp-json\/wp\/v2\/types\/page"}],"author":[{"embeddable":true,"href":"https:\/\/ugsel-finistere.org\/index.php\/wp-json\/wp\/v2\/users\/2"}],"replies":[{"embeddable":true,"href":"https:\/\/ugsel-finistere.org\/index.php\/wp-json\/wp\/v2\/comments?post=336"}],"version-history":[{"count":17,"href":"https:\/\/ugsel-finistere.org\/index.php\/wp-json\/wp\/v2\/pages\/336\/revisions"}],"predecessor-version":[{"id":4413,"href":"https:\/\/ugsel-finistere.org\/index.php\/wp-json\/wp\/v2\/pages\/336\/revisions\/4413"}],"wp:featuredmedia":[{"embeddable":true,"href":"https:\/\/ugsel-finistere.org\/index.php\/wp-json\/wp\/v2\/media\/311"}],"wp:attachment":[{"href":"https:\/\/ugsel-finistere.org\/index.php\/wp-json\/wp\/v2\/media?parent=336"}],"curies":[{"name":"wp","href":"https:\/\/api.w.org\/{rel}","templated":true}]}}