{"id":338,"date":"2025-02-07T15:20:04","date_gmt":"2025-02-07T14:20:04","guid":{"rendered":"https:\/\/www.futur.ugsel-finistere.org\/futur.ugsel-finistere.org\/?page_id=338"},"modified":"2026-01-14T13:31:35","modified_gmt":"2026-01-14T12:31:35","slug":"1d_formations","status":"publish","type":"page","link":"https:\/\/ugsel-finistere.org\/index.php\/1d_formations\/","title":{"rendered":"1D_formations"},"content":{"rendered":"\n<div class=\"wp-block-uagb-container uagb-block-e4sdj6zj alignfull uagb-is-root-container\"><div class=\"uagb-container-inner-blocks-wrap\">\n<div class=\"wp-block-uagb-container uagb-block-cpb9vbgb\">\n<div class=\"wp-block-uagb-container uagb-block-ks6asspz\">\n<div class=\"wp-block-uagb-info-box uagb-block-gea4i3rs uagb-infobox__content-wrap  uagb-infobox-icon-above-title uagb-infobox-image-valign-top\"><div class=\"uagb-ifb-content\"><div class=\"uagb-ifb-title-wrap\"><h3 class=\"uagb-ifb-title\">Animation en concertation \u00e9cole ou territoire<\/h3><\/div><\/div><\/div>\n\n\n\n<div class=\"wp-block-uagb-buttons uagb-buttons__outer-wrap uagb-btn__default-btn uagb-btn-tablet__default-btn uagb-btn-mobile__default-btn uagb-block-oeu0zney\"><div class=\"uagb-buttons__wrap uagb-buttons-layout-wrap \">\n<div class=\"wp-block-uagb-buttons-child uagb-buttons__outer-wrap uagb-block-j5pwvaot wp-block-button\"><div class=\"uagb-button__wrapper\"><a class=\"uagb-buttons-repeater wp-block-button__link\" aria-label=\"\" href=\"#\" rel=\"follow noopener\" target=\"_self\" role=\"button\"><div class=\"uagb-button__link\">Infos<\/div><span class=\"uagb-button__icon uagb-button__icon-position-after\"><svg xmlns=\"https:\/\/www.w3.org\/2000\/svg\" viewBox=\"0 0 320 512\" aria-hidden=\"true\" focussable=\"false\"><path d=\"M96 480c-8.188 0-16.38-3.125-22.62-9.375c-12.5-12.5-12.5-32.75 0-45.25L242.8 256L73.38 86.63c-12.5-12.5-12.5-32.75 0-45.25s32.75-12.5 45.25 0l192 192c12.5 12.5 12.5 32.75 0 45.25l-192 192C112.4 476.9 104.2 480 96 480z\"><\/path><\/svg><\/span><\/a><\/div><\/div>\n<\/div><\/div>\n<a class=\"spectra-container-link-overlay\" rel=\"noopener\" href=\"#wp-block-themeisle-blocks-advanced-columns-e0e1ab2e\"> <\/a><\/div>\n\n\n\n<div class=\"wp-block-uagb-container uagb-block-sjqvajbn\">\n<div class=\"wp-block-uagb-info-box uagb-block-nuz4yhhf uagb-infobox__content-wrap  uagb-infobox-icon-above-title uagb-infobox-image-valign-top\"><div class=\"uagb-ifb-content\"><div class=\"uagb-ifb-title-wrap\"><h3 class=\"uagb-ifb-title\">Catalogue d&rsquo;animations des UGSEL bretonnes<\/h3><\/div><\/div><\/div>\n\n\n\n<div class=\"wp-block-uagb-buttons uagb-buttons__outer-wrap uagb-btn__default-btn uagb-btn-tablet__default-btn uagb-btn-mobile__default-btn uagb-block-dmt4azpn\"><div class=\"uagb-buttons__wrap uagb-buttons-layout-wrap \">\n<div class=\"wp-block-uagb-buttons-child uagb-buttons__outer-wrap uagb-block-swqhtfbh wp-block-button\"><div class=\"uagb-button__wrapper\"><a class=\"uagb-buttons-repeater wp-block-button__link\" aria-label=\"\" href=\"#\" rel=\"follow noopener\" target=\"_self\" role=\"button\"><div class=\"uagb-button__link\">Infos<\/div><span class=\"uagb-button__icon uagb-button__icon-position-after\"><svg xmlns=\"https:\/\/www.w3.org\/2000\/svg\" viewBox=\"0 0 320 512\" aria-hidden=\"true\" focussable=\"false\"><path d=\"M96 480c-8.188 0-16.38-3.125-22.62-9.375c-12.5-12.5-12.5-32.75 0-45.25L242.8 256L73.38 86.63c-12.5-12.5-12.5-32.75 0-45.25s32.75-12.5 45.25 0l192 192c12.5 12.5 12.5 32.75 0 45.25l-192 192C112.4 476.9 104.2 480 96 480z\"><\/path><\/svg><\/span><\/a><\/div><\/div>\n<\/div><\/div>\n<a class=\"spectra-container-link-overlay\" rel=\"noopener\" href=\"#wp-block-themeisle-blocks-advanced-columns-e0e1ab2e\"> <\/a><\/div>\n\n\n\n<div class=\"wp-block-uagb-container uagb-block-pyeeljd2\">\n<div class=\"wp-block-uagb-info-box uagb-block-pggo3e3e uagb-infobox__content-wrap  uagb-infobox-icon-above-title uagb-infobox-image-valign-top\"><div class=\"uagb-ifb-content\"><div class=\"uagb-ifb-title-wrap\"><h3 class=\"uagb-ifb-title\">Formations EPS FORMIRIS BRETAGNE<br> <\/h3><\/div><\/div><\/div>\n\n\n\n<div class=\"wp-block-uagb-buttons uagb-buttons__outer-wrap uagb-btn__default-btn uagb-btn-tablet__default-btn uagb-btn-mobile__default-btn uagb-block-sfq5mkmm\"><div class=\"uagb-buttons__wrap uagb-buttons-layout-wrap \">\n<div class=\"wp-block-uagb-buttons-child uagb-buttons__outer-wrap uagb-block-n8kbapwx wp-block-button\"><div class=\"uagb-button__wrapper\"><a class=\"uagb-buttons-repeater wp-block-button__link\" aria-label=\"\" href=\"#\" rel=\"follow noopener\" target=\"_self\" role=\"button\"><div class=\"uagb-button__link\">Infos<\/div><span class=\"uagb-button__icon uagb-button__icon-position-after\"><svg xmlns=\"https:\/\/www.w3.org\/2000\/svg\" viewBox=\"0 0 320 512\" aria-hidden=\"true\" focussable=\"false\"><path d=\"M96 480c-8.188 0-16.38-3.125-22.62-9.375c-12.5-12.5-12.5-32.75 0-45.25L242.8 256L73.38 86.63c-12.5-12.5-12.5-32.75 0-45.25s32.75-12.5 45.25 0l192 192c12.5 12.5 12.5 32.75 0 45.25l-192 192C112.4 476.9 104.2 480 96 480z\"><\/path><\/svg><\/span><\/a><\/div><\/div>\n<\/div><\/div>\n<a class=\"spectra-container-link-overlay\" rel=\"noopener\" href=\"#wp-block-themeisle-blocks-advanced-columns-a972f32a\"> <\/a><\/div>\n\n\n\n<div class=\"wp-block-uagb-container uagb-block-5b58262f\">\n<div class=\"wp-block-uagb-info-box uagb-block-2222716d uagb-infobox__content-wrap  uagb-infobox-icon-above-title uagb-infobox-image-valign-top\"><div class=\"uagb-ifb-content\"><div class=\"uagb-ifb-title-wrap\"><h3 class=\"uagb-ifb-title\">Formations EPS <br>UGSEL NATIONALE<br><br><\/h3><\/div><\/div><\/div>\n\n\n\n<div class=\"wp-block-uagb-buttons uagb-buttons__outer-wrap uagb-btn__default-btn uagb-btn-tablet__default-btn uagb-btn-mobile__default-btn uagb-block-34f0d498\"><div class=\"uagb-buttons__wrap uagb-buttons-layout-wrap \">\n<div class=\"wp-block-uagb-buttons-child uagb-buttons__outer-wrap uagb-block-7aa802ba wp-block-button\"><div class=\"uagb-button__wrapper\"><a class=\"uagb-buttons-repeater wp-block-button__link\" aria-label=\"\" href=\"#\" rel=\"follow noopener\" target=\"_self\" role=\"button\"><div class=\"uagb-button__link\">Infos<\/div><span class=\"uagb-button__icon uagb-button__icon-position-after\"><svg xmlns=\"https:\/\/www.w3.org\/2000\/svg\" viewBox=\"0 0 320 512\" aria-hidden=\"true\" focussable=\"false\"><path d=\"M96 480c-8.188 0-16.38-3.125-22.62-9.375c-12.5-12.5-12.5-32.75 0-45.25L242.8 256L73.38 86.63c-12.5-12.5-12.5-32.75 0-45.25s32.75-12.5 45.25 0l192 192c12.5 12.5 12.5 32.75 0 45.25l-192 192C112.4 476.9 104.2 480 96 480z\"><\/path><\/svg><\/span><\/a><\/div><\/div>\n<\/div><\/div>\n<a class=\"spectra-container-link-overlay\" rel=\"noopener\" href=\"#wp-block-themeisle-blocks-advanced-columns-a972f32a\"> <\/a><\/div>\n<\/div>\n<\/div><\/div>\n\n\n\n<section id=\"wp-block-themeisle-blocks-advanced-columns-e0e1ab2e\" class=\"wp-block-themeisle-blocks-advanced-columns alignfull has-2-columns has-desktop-equal-layout has-tablet-equal-layout has-mobile-collapsedRows-layout has-vertical-flex-start ticss-7b5eb70a\"><div class=\"wp-block-themeisle-blocks-advanced-columns-overlay\"><\/div><div class=\"innerblocks-wrap\">\n<div id=\"wp-block-themeisle-blocks-advanced-column-2489d76c\" class=\"wp-block-themeisle-blocks-advanced-column has-light-bg\">\n<h4 id=\"wp-block-themeisle-blocks-advanced-heading-e30ccf77\" class=\"wp-block-themeisle-blocks-advanced-heading wp-block-themeisle-blocks-advanced-heading-e30ccf77\">Animation sportive d\u00e9partementale \u00e0 la demande d&rsquo;un territoire<\/h4>\n\n\n\n<span id=\"wp-block-themeisle-blocks-advanced-heading-01f7ed6b\" class=\"wp-block-themeisle-blocks-advanced-heading wp-block-themeisle-blocks-advanced-heading-01f7ed6b\"><\/span>\n\n\n\n<p id=\"wp-block-themeisle-blocks-advanced-heading-fe18de7e\" class=\"wp-block-themeisle-blocks-advanced-heading wp-block-themeisle-blocks-advanced-heading-fe18de7e\"><em><em>Nos animateurs se tiennent \u00e0 votre disposition pour&nbsp;<\/em>l\u2019animation p\u00e9dagogique autour d\u2019une activit\u00e9 physique \u00e0 destination des&nbsp; professeurs des \u00e9coles d\u2019un territoire.<\/em><\/p>\n\n\n\n<div style=\"height:24px\" aria-hidden=\"true\" class=\"wp-block-spacer\"><\/div>\n\n\n\n<div class=\"wp-block-buttons is-vertical is-content-justification-center is-layout-flex wp-container-core-buttons-is-layout-cc3cdef1 wp-block-buttons-is-layout-flex\">\n<div class=\"wp-block-button has-custom-width wp-block-button__width-100 is-style-primary\"><a class=\"wp-block-button__link has-custom-font-size wp-element-button\" href=\"https:\/\/forms.office.com\/Pages\/ResponsePage.aspx?id=Ktxskx69E02-iP8sVPcB1ZAs9PVj-0tCvFsWy-Fn7_JURUhNNjNMSksxUkxXR1lUOFg3M09ISktWTy4u\" style=\"font-size:16px\" target=\"_blank\" rel=\"noreferrer noopener\">Formulaire de demande<\/a><\/div>\n<\/div>\n<\/div>\n\n\n\n<div id=\"wp-block-themeisle-blocks-advanced-column-991b18b5\" class=\"wp-block-themeisle-blocks-advanced-column has-light-bg\">\n<h4 id=\"wp-block-themeisle-blocks-advanced-heading-6b0710bb\" class=\"wp-block-themeisle-blocks-advanced-heading wp-block-themeisle-blocks-advanced-heading-6b0710bb\">Animations sportives <\/h4>\n\n\n\n<span id=\"wp-block-themeisle-blocks-advanced-heading-0076e239\" class=\"wp-block-themeisle-blocks-advanced-heading wp-block-themeisle-blocks-advanced-heading-0076e239\"><\/span>\n\n\n\n<p id=\"wp-block-themeisle-blocks-advanced-heading-36b869e4\" class=\"wp-block-themeisle-blocks-advanced-heading wp-block-themeisle-blocks-advanced-heading-36b869e4\"><em>Propositions des UGSEL de Bretagne<\/em><\/p>\n\n\n\n<div id=\"wp-block-themeisle-blocks-icon-list-bb80b9c5\" class=\"wp-block-themeisle-blocks-icon-list\">\n<div id=\"wp-block-themeisle-blocks-icon-list-item-5b63d0c2\" class=\"wp-block-themeisle-blocks-icon-list-item\"><i class=\"fas fa-check wp-block-themeisle-blocks-icon-list-item-icon\"><\/i><p class=\"wp-block-themeisle-blocks-icon-list-item-content\">Tennis \u00e0 l&rsquo;\u00e9cole d\u00e8s la MS <\/p><\/div>\n\n\n\n<div id=\"wp-block-themeisle-blocks-icon-list-item-d8f34323\" class=\"wp-block-themeisle-blocks-icon-list-item\"><i class=\"fas fa-check wp-block-themeisle-blocks-icon-list-item-icon\"><\/i><p class=\"wp-block-themeisle-blocks-icon-list-item-content\">football ga\u00eblique <\/p><\/div>\n\n\n\n<div id=\"wp-block-themeisle-blocks-icon-list-item-8d23254a\" class=\"wp-block-themeisle-blocks-icon-list-item\"><i class=\"fas fa-check wp-block-themeisle-blocks-icon-list-item-icon\"><\/i><p class=\"wp-block-themeisle-blocks-icon-list-item-content\">Je sais nager <\/p><\/div>\n\n\n\n<div id=\"wp-block-themeisle-blocks-icon-list-item-73ae5db8\" class=\"wp-block-themeisle-blocks-icon-list-item\"><i class=\"fas fa-check wp-block-themeisle-blocks-icon-list-item-icon\"><\/i><p class=\"wp-block-themeisle-blocks-icon-list-item-content\">Netzball <\/p><\/div>\n\n\n\n<div id=\"wp-block-themeisle-blocks-icon-list-item-274c8853\" class=\"wp-block-themeisle-blocks-icon-list-item\"><i class=\"fas fa-check wp-block-themeisle-blocks-icon-list-item-icon\"><\/i><p class=\"wp-block-themeisle-blocks-icon-list-item-content\">&#8230;<\/p><\/div>\n<\/div>\n\n\n\n<p><\/p>\n\n\n\n<div class=\"wp-block-buttons is-vertical is-content-justification-center is-layout-flex wp-container-core-buttons-is-layout-cc3cdef1 wp-block-buttons-is-layout-flex\">\n<div class=\"wp-block-button has-custom-width wp-block-button__width-100 is-style-primary\"><a class=\"wp-block-button__link has-custom-font-size wp-element-button\" href=\"https:\/\/www.ugsel-bretagne.org\/animations\/animations-ugsel-pour-les-enseignants-bretons-2\/\" style=\"font-size:16px\" target=\"_blank\" rel=\"noreferrer noopener\">Catalogue des animations<\/a><\/div>\n<\/div>\n<\/div>\n<\/div><\/section>\n\n\n\n<section id=\"wp-block-themeisle-blocks-advanced-columns-a972f32a\" class=\"wp-block-themeisle-blocks-advanced-columns alignfull has-2-columns has-desktop-equal-layout has-tablet-equal-layout has-mobile-collapsedRows-layout has-vertical-flex-start ticss-7b5eb70a\"><div class=\"wp-block-themeisle-blocks-advanced-columns-overlay\"><\/div><div class=\"innerblocks-wrap\">\n<div id=\"wp-block-themeisle-blocks-advanced-column-a3664f71\" class=\"wp-block-themeisle-blocks-advanced-column ticss-3fe6b647 has-light-bg\">\n<h4 id=\"wp-block-themeisle-blocks-advanced-heading-bffc34cb\" class=\"wp-block-themeisle-blocks-advanced-heading wp-block-themeisle-blocks-advanced-heading-bffc34cb\">Formations Formiris Bretagne<\/h4>\n\n\n\n<span id=\"wp-block-themeisle-blocks-advanced-heading-7337504a\" class=\"wp-block-themeisle-blocks-advanced-heading wp-block-themeisle-blocks-advanced-heading-7337504a\"><\/span>\n\n\n\n<p id=\"wp-block-themeisle-blocks-advanced-heading-024dd091\" class=\"wp-block-themeisle-blocks-advanced-heading wp-block-themeisle-blocks-advanced-heading-024dd091\"><em>Formations pour les enseignants du 1er Degr\u00e9<\/em><\/p>\n\n\n\n<div id=\"wp-block-themeisle-blocks-accordion-41892c19\" class=\"wp-block-themeisle-blocks-accordion exclusive icon-first has-icon has-open-icon has-light-title-bg\">\n<details class=\"wp-block-themeisle-blocks-accordion-item\"><summary class=\"wp-block-themeisle-blocks-accordion-item__title\"><div>L&rsquo;activit\u00e9 physique \u00e0 l&rsquo;\u00e9cole maternelle<\/div><\/summary><div class=\"wp-block-themeisle-blocks-accordion-item__content\">\n<p style=\"font-size:16px\">du 16 au 17\/02\/2006 \u00e0 Arradon (56)<\/p>\n\n\n\n<p style=\"font-size:16px\"><strong><u>Objectifs p\u00e9dagogiques:<\/u><\/strong><\/p>\n\n\n\n<p style=\"font-size:16px\">Concevoir une programmation et une progression en coh\u00e9rence avec l\u2019\u00e9volution des apprentissages moteurs de l\u2019enfant de 2 \u00e0 6 ans.<\/p>\n\n\n\n<p style=\"font-size:16px\">Construire et mettre en \u0153uvre des situations d\u2019apprentissages pour r\u00e9pondre aux objectifs des programmes et aux enjeux psycho-moteurs et neurobiologiques du jeune enfant.<\/p>\n<\/div><\/details>\n\n\n\n<details class=\"wp-block-themeisle-blocks-accordion-item\"><summary class=\"wp-block-themeisle-blocks-accordion-item__title\"><div>Pratiques corporelles de bien-\u00eatre pour mieux apprendre et mieux g\u00e9rer sa classe<\/div><\/summary><div class=\"wp-block-themeisle-blocks-accordion-item__content\">\n<p style=\"font-size:16px\">du 20 au 21\/10\/2025 \u00e0 Saint-Brieuc (22)<\/p>\n\n\n\n<figure style=\"font-size:16px\" class=\"wp-block-table\"><table class=\"has-fixed-layout\"><tbody><tr><td><strong><u>Objectifs p\u00e9dagogiques<\/u><\/strong><br>Comprendre et s\u2019approprier les conditions favorables \u00e0 la mise en \u0153uvre de pratiques corporelles de bien-\u00eatre, exp\u00e9rimenter des exercices adapt\u00e9s \u00e0 tous les niveaux de la PS au CM2, et les int\u00e9grer de mani\u00e8re innovante dans la classe (pauses actives, 30 minutes d\u2019APQ) afin de favoriser des apprentissages sereins et un climat de classe positif.<\/td><\/tr><\/tbody><\/table><\/figure>\n<\/div><\/details>\n\n\n\n<details class=\"wp-block-themeisle-blocks-accordion-item\"><summary class=\"wp-block-themeisle-blocks-accordion-item__title\"><div>Des 30 minutes d\u2019APQ vers l\u2019EPS<\/div><\/summary><div class=\"wp-block-themeisle-blocks-accordion-item__content\">\n<p style=\"font-size:16px\"><em>Cette formation peut \u00eatre mise en place \u00e0 la demande d&rsquo;une \u00e9quipe, sous la forme d&rsquo;une formation collective d&rsquo;\u00e9tablissement ou de r\u00e9seau d&rsquo;\u00e9tablissements 1er degr\u00e9<\/em><\/p>\n\n\n\n<ul class=\"wp-block-list\">\n<li style=\"font-size:16px\">Sensibiliser les \u00e9l\u00e8ves aux bienfaits et \u00e0 la n\u00e9cessit\u00e9 de l\u2019Activit\u00e9 Physique Quotidienne<\/li>\n\n\n\n<li style=\"font-size:16px\">Mettre en \u0153uvre des situations d\u2019EPS en lien avec les programmes scolaires en entrant par le jeu avec peu de mat\u00e9riel<\/li>\n<\/ul>\n<\/div><\/details>\n\n\n\n<details class=\"wp-block-themeisle-blocks-accordion-item\"><summary class=\"wp-block-themeisle-blocks-accordion-item__title\"><div>Formation initiale de formateur PSC<\/div><\/summary><div class=\"wp-block-themeisle-blocks-accordion-item__content\">\n<p style=\"font-size:16px\">du 05 au 14\/01\/2026 \u00e0 Grand Champ (56)<\/p>\n\n\n\n<p style=\"font-size:16px\"><strong>Pour toute information, s\u2019adresser \u00e0 Magali Haquin (Service formation Ugsel Bretagne)&nbsp;:&nbsp;<a href=\"mailto:magali.haquin@enseignement-catholique.bzh\">magali.haquin@enseignement-catholique.bzh<\/a><\/strong><\/p>\n<\/div><\/details>\n<\/div>\n\n\n\n<div style=\"height:24px\" aria-hidden=\"true\" class=\"wp-block-spacer\"><\/div>\n\n\n\n<div class=\"wp-block-buttons is-vertical is-content-justification-center is-layout-flex wp-container-core-buttons-is-layout-cc3cdef1 wp-block-buttons-is-layout-flex\">\n<div class=\"wp-block-button has-custom-width wp-block-button__width-100 is-style-primary\"><a class=\"wp-block-button__link has-custom-font-size wp-element-button\" href=\"https:\/\/www.ugsel-bretagne.org\/formations\/plan-de-formation-2\/\" style=\"font-size:16px\" target=\"_blank\" rel=\"noreferrer noopener\">Infos et inscription<\/a><\/div>\n<\/div>\n<\/div>\n\n\n\n<div id=\"wp-block-themeisle-blocks-advanced-column-68624cbc\" class=\"wp-block-themeisle-blocks-advanced-column has-light-bg\">\n<h4 id=\"wp-block-themeisle-blocks-advanced-heading-04592837\" class=\"wp-block-themeisle-blocks-advanced-heading wp-block-themeisle-blocks-advanced-heading-04592837\">Formations UGSEL NATIONALE <\/h4>\n\n\n\n<span id=\"wp-block-themeisle-blocks-advanced-heading-36dbbdb8\" class=\"wp-block-themeisle-blocks-advanced-heading wp-block-themeisle-blocks-advanced-heading-36dbbdb8\"><\/span>\n\n\n\n<p id=\"wp-block-themeisle-blocks-advanced-heading-f5f98e56\" class=\"wp-block-themeisle-blocks-advanced-heading wp-block-themeisle-blocks-advanced-heading-f5f98e56\"><em>catalogue de formations<\/em><\/p>\n\n\n\n<div id=\"wp-block-themeisle-blocks-icon-list-b6b85e75\" class=\"wp-block-themeisle-blocks-icon-list\">\n<div id=\"wp-block-themeisle-blocks-icon-list-item-1e97df00\" class=\"wp-block-themeisle-blocks-icon-list-item\"><i class=\"fas fa-check wp-block-themeisle-blocks-icon-list-item-icon\"><\/i><p class=\"wp-block-themeisle-blocks-icon-list-item-content\">EPS 1D<\/p><\/div>\n\n\n\n<div id=\"wp-block-themeisle-blocks-icon-list-item-43303dc8\" class=\"wp-block-themeisle-blocks-icon-list-item\"><i class=\"fas fa-check wp-block-themeisle-blocks-icon-list-item-icon\"><\/i><p class=\"wp-block-themeisle-blocks-icon-list-item-content\">pr\u00e9vention sant\u00e9 bien-\u00eatre<\/p><\/div>\n\n\n\n<div id=\"wp-block-themeisle-blocks-icon-list-item-755f9f09\" class=\"wp-block-themeisle-blocks-icon-list-item\"><i class=\"fas fa-check wp-block-themeisle-blocks-icon-list-item-icon\"><\/i><p class=\"wp-block-themeisle-blocks-icon-list-item-content\">premiers secours<\/p><\/div>\n<\/div>\n\n\n\n<p><\/p>\n\n\n\n<div class=\"wp-block-buttons is-vertical is-content-justification-center is-layout-flex wp-container-core-buttons-is-layout-cc3cdef1 wp-block-buttons-is-layout-flex\">\n<div class=\"wp-block-button has-custom-width wp-block-button__width-100 is-style-primary\"><a class=\"wp-block-button__link has-custom-font-size wp-element-button\" href=\"https:\/\/www.ugsel.org\/formation\/\" style=\"font-size:16px\" target=\"_blank\" rel=\"noreferrer noopener\">lien vers le catalogue de formations <\/a><\/div>\n<\/div>\n<\/div>\n<\/div><\/section>\n\n\n\n<p><\/p>\n\n\n\n<p><\/p>\n","protected":false},"excerpt":{"rendered":"","protected":false},"author":2,"featured_media":312,"parent":0,"menu_order":0,"comment_status":"closed","ping_status":"closed","template":"","meta":{"_tec_requires_first_save":true,"_uag_custom_page_level_css":"","neve_meta_sidebar":"","neve_meta_container":"","neve_meta_enable_content_width":"","neve_meta_content_width":0,"neve_meta_title_alignment":"","neve_meta_author_avatar":"","neve_post_elements_order":"","neve_meta_disable_header":"","neve_meta_disable_footer":"","neve_meta_disable_title":"","_EventAllDay":false,"_EventTimezone":"","_EventStartDate":"","_EventEndDate":"","_EventStartDateUTC":"","_EventEndDateUTC":"","_EventShowMap":false,"_EventShowMapLink":false,"_EventURL":"","_EventCost":"","_EventCostDescription":"","_EventCurrencySymbol":"","_EventCurrencyCode":"","_EventCurrencyPosition":"","_EventDateTimeSeparator":"","_EventTimeRangeSeparator":"","_EventOrganizerID":[],"_EventVenueID":[],"_OrganizerEmail":"","_OrganizerPhone":"","_OrganizerWebsite":"","_VenueAddress":"","_VenueCity":"","_VenueCountry":"","_VenueProvince":"","_VenueState":"","_VenueZip":"","_VenuePhone":"","_VenueURL":"","_VenueStateProvince":"","_VenueLat":"","_VenueLng":"","_VenueShowMap":false,"_VenueShowMapLink":false,"_tribe_blocks_recurrence_rules":"","_tribe_blocks_recurrence_description":"","_tribe_blocks_recurrence_exclusions":"","_themeisle_gutenberg_block_has_review":false,"footnotes":""},"class_list":["post-338","page","type-page","status-publish","has-post-thumbnail","hentry"],"uagb_featured_image_src":{"full":["https:\/\/ugsel-finistere.org\/wp-content\/uploads\/2025\/02\/IMG-20240908-WA0010.jpg",1600,1200,false],"thumbnail":["https:\/\/ugsel-finistere.org\/wp-content\/uploads\/2025\/02\/IMG-20240908-WA0010-150x150.jpg",150,150,true],"medium":["https:\/\/ugsel-finistere.org\/wp-content\/uploads\/2025\/02\/IMG-20240908-WA0010-300x225.jpg",300,225,true],"medium_large":["https:\/\/ugsel-finistere.org\/wp-content\/uploads\/2025\/02\/IMG-20240908-WA0010-768x576.jpg",768,576,true],"large":["https:\/\/ugsel-finistere.org\/wp-content\/uploads\/2025\/02\/IMG-20240908-WA0010-1024x768.jpg",1024,768,true],"1536x1536":["https:\/\/ugsel-finistere.org\/wp-content\/uploads\/2025\/02\/IMG-20240908-WA0010-1536x1152.jpg",1536,1152,true],"2048x2048":["https:\/\/ugsel-finistere.org\/wp-content\/uploads\/2025\/02\/IMG-20240908-WA0010.jpg",1600,1200,false],"neve-blog":["https:\/\/ugsel-finistere.org\/wp-content\/uploads\/2025\/02\/IMG-20240908-WA0010-930x620.jpg",930,620,true]},"uagb_author_info":{"display_name":"Manue","author_link":"https:\/\/ugsel-finistere.org\/index.php\/author\/manue\/"},"uagb_comment_info":0,"uagb_excerpt":null,"_links":{"self":[{"href":"https:\/\/ugsel-finistere.org\/index.php\/wp-json\/wp\/v2\/pages\/338","targetHints":{"allow":["GET"]}}],"collection":[{"href":"https:\/\/ugsel-finistere.org\/index.php\/wp-json\/wp\/v2\/pages"}],"about":[{"href":"https:\/\/ugsel-finistere.org\/index.php\/wp-json\/wp\/v2\/types\/page"}],"author":[{"embeddable":true,"href":"https:\/\/ugsel-finistere.org\/index.php\/wp-json\/wp\/v2\/users\/2"}],"replies":[{"embeddable":true,"href":"https:\/\/ugsel-finistere.org\/index.php\/wp-json\/wp\/v2\/comments?post=338"}],"version-history":[{"count":62,"href":"https:\/\/ugsel-finistere.org\/index.php\/wp-json\/wp\/v2\/pages\/338\/revisions"}],"predecessor-version":[{"id":5254,"href":"https:\/\/ugsel-finistere.org\/index.php\/wp-json\/wp\/v2\/pages\/338\/revisions\/5254"}],"wp:featuredmedia":[{"embeddable":true,"href":"https:\/\/ugsel-finistere.org\/index.php\/wp-json\/wp\/v2\/media\/312"}],"wp:attachment":[{"href":"https:\/\/ugsel-finistere.org\/index.php\/wp-json\/wp\/v2\/media?parent=338"}],"curies":[{"name":"wp","href":"https:\/\/api.w.org\/{rel}","templated":true}]}}