{"id":344,"date":"2025-02-07T15:27:09","date_gmt":"2025-02-07T14:27:09","guid":{"rendered":"https:\/\/www.futur.ugsel-finistere.org\/futur.ugsel-finistere.org\/?page_id=344"},"modified":"2026-02-03T10:22:44","modified_gmt":"2026-02-03T09:22:44","slug":"1d_documents-utiles","status":"publish","type":"page","link":"https:\/\/ugsel-finistere.org\/index.php\/1d_documents-utiles\/","title":{"rendered":"1D_documents utiles"},"content":{"rendered":"\n<div id=\"wp-block-themeisle-blocks-advanced-columns-d738bad6\" class=\"wp-block-themeisle-blocks-advanced-columns alignfull has-1-columns has-desktop-equal-layout has-tablet-equal-layout has-mobile-collapsedRows-layout has-vertical-center ticss-c00aadba\"><div class=\"wp-block-themeisle-blocks-advanced-columns-overlay\"><\/div><div class=\"innerblocks-wrap\">\n<div id=\"wp-block-themeisle-blocks-advanced-column-bbd8db2b\" class=\"wp-block-themeisle-blocks-advanced-column\">\n<div id=\"wp-block-themeisle-blocks-advanced-columns-7f744968\" class=\"wp-block-themeisle-blocks-advanced-columns has-4-columns has-desktop-equal-layout has-tablet-equal-layout has-mobile-collapsedRows-layout has-vertical-top\"><div class=\"wp-block-themeisle-blocks-advanced-columns-overlay\"><\/div><div class=\"innerblocks-wrap\">\n<div id=\"wp-block-themeisle-blocks-advanced-column-1430d2f1\" class=\"wp-block-themeisle-blocks-advanced-column\">\n<div id=\"wp-block-themeisle-blocks-flip-123c6ebb\" class=\"wp-block-themeisle-blocks-flip anim flipX-rev has-dark-back-bg has-light-front-bg\"><div class=\"o-flip-inner\"><div class=\"o-flip-front\"><div class=\"o-flip-content\"><img decoding=\"async\" class=\"o-img\" src=\"https:\/\/ugsel-finistere.org\/wp-content\/uploads\/2025\/08\/rentree-2025-1D.png\" srcset=\"https:\/\/ugsel-finistere.org\/wp-content\/uploads\/2025\/08\/rentree-2025-1D.png\" alt=\"\"\/><h3>dossier de rentr\u00e9e 1D<\/h3><p><\/p><\/div><\/div><div class=\"o-flip-back\">\n<p style=\"font-size:0px\">7<\/p>\n\n\n\n<p class=\"has-text-align-center\" style=\"font-size:12px\">Pr\u00e9sentation des projets, animations, formations de l&rsquo;UGSEL et rep\u00e8res pour les APQ, la natation scolaire et le SRAV<\/p>\n\n\n\n<div class=\"wp-block-buttons is-content-justification-center is-layout-flex wp-container-core-buttons-is-layout-16018d1d wp-block-buttons-is-layout-flex\">\n<div class=\"wp-block-button has-custom-width wp-block-button__width-75 is-style-primary\"><a class=\"wp-block-button__link wp-element-button\" href=\"https:\/\/ecbzh-my.sharepoint.com\/:p:\/g\/personal\/emmanuelle_coupe_enseignement-catholique_bzh\/EZhBWrOpcMZBiISKavJIjg8BRPfYl0yDRTzwtzqfaXo37g?e=6iLSxV\" style=\"border-radius:20px\">infos<\/a><\/div>\n<\/div>\n<\/div><\/div><\/div>\n<\/div>\n\n\n\n<div id=\"wp-block-themeisle-blocks-advanced-column-4b138e01\" class=\"wp-block-themeisle-blocks-advanced-column\">\n<div id=\"wp-block-themeisle-blocks-flip-2c636530\" class=\"wp-block-themeisle-blocks-flip anim flipX-rev has-dark-front-bg has-dark-back-bg\"><div class=\"o-flip-inner\"><div class=\"o-flip-front\"><div class=\"o-flip-content\"><img decoding=\"async\" class=\"o-img\" src=\"https:\/\/ugsel-finistere.org\/wp-content\/uploads\/2025\/08\/natation.png\" srcset=\"https:\/\/ugsel-finistere.org\/wp-content\/uploads\/2025\/08\/natation.png\" alt=\"\"\/><h3>Natation \u00e0 l&rsquo;\u00e9cole<\/h3><p><\/p><\/div><\/div><div class=\"o-flip-back\">\n<p style=\"font-size:0px\">a<\/p>\n\n\n\n<p><\/p>\n\n\n\n<p><\/p>\n\n\n\n<p class=\"has-text-align-center\" style=\"font-size:16px\">r\u00e9glementation et documents pratiques \u00e0 t\u00e9l\u00e9charger<\/p>\n\n\n\n<div class=\"wp-block-buttons is-content-justification-center is-layout-flex wp-container-core-buttons-is-layout-16018d1d wp-block-buttons-is-layout-flex\">\n<div class=\"wp-block-button has-custom-width wp-block-button__width-75 is-style-primary\"><a class=\"wp-block-button__link wp-element-button\" href=\"https:\/\/ugsel-finistere.org\/index.php\/1d-natation-a-lecole-reglementation\/\" style=\"border-radius:20px\">Infos<\/a><\/div>\n<\/div>\n<\/div><\/div><\/div>\n<\/div>\n\n\n\n<div id=\"wp-block-themeisle-blocks-advanced-column-eefc33b9\" class=\"wp-block-themeisle-blocks-advanced-column\">\n<div id=\"wp-block-themeisle-blocks-flip-6323a328\" class=\"wp-block-themeisle-blocks-flip anim flipX-rev has-light-back-bg has-dark-front-bg\"><div class=\"o-flip-inner\"><div class=\"o-flip-front\"><div class=\"o-flip-content\"><img decoding=\"async\" class=\"o-img\" src=\"https:\/\/ugsel-finistere.org\/wp-content\/uploads\/2025\/08\/srav.png\" srcset=\"https:\/\/ugsel-finistere.org\/wp-content\/uploads\/2025\/08\/srav.png\" alt=\"\"\/><h3>Savoir Rouler A V\u00e9lo (SRAV)<\/h3><p><\/p><\/div><\/div><div class=\"o-flip-back\">\n<p style=\"font-size:0px\">a<\/p>\n\n\n\n<p style=\"font-size:14px\">R\u00e9glementation et documents p\u00e9dagogiques<\/p>\n\n\n\n<div class=\"wp-block-buttons is-content-justification-center is-layout-flex wp-container-core-buttons-is-layout-16018d1d wp-block-buttons-is-layout-flex\">\n<div class=\"wp-block-button has-custom-width wp-block-button__width-75 is-style-primary\"><a class=\"wp-block-button__link wp-element-button\" href=\"https:\/\/ugsel22.org\/srav\/\" style=\"border-radius:20px\" target=\"_blank\" rel=\"noreferrer noopener\">Infos<\/a><\/div>\n<\/div>\n<\/div><\/div><\/div>\n<\/div>\n\n\n\n<div id=\"wp-block-themeisle-blocks-advanced-column-6d87772b\" class=\"wp-block-themeisle-blocks-advanced-column\">\n<div id=\"wp-block-themeisle-blocks-flip-2926b538\" class=\"wp-block-themeisle-blocks-flip anim flipX-rev has-dark-front-bg has-dark-back-bg\"><div class=\"o-flip-inner\"><div class=\"o-flip-front\"><div class=\"o-flip-content\"><img decoding=\"async\" class=\"o-img\" src=\"https:\/\/ugsel-finistere.org\/wp-content\/uploads\/2025\/02\/92e5aab4-7269-4366-b326-629776e1525d.jpg\" srcset=\"https:\/\/ugsel-finistere.org\/wp-content\/uploads\/2025\/02\/92e5aab4-7269-4366-b326-629776e1525d.jpg\" alt=\"\"\/><h3>Activit\u00e9s Physiques Quotidiennes <\/h3><p><\/p><\/div><\/div><div class=\"o-flip-back\">\n<p style=\"font-size:0px\">a<\/p>\n\n\n\n<p style=\"font-size:14px\">Ressources pour bouger de la maternelle au lyc\u00e9e<\/p>\n\n\n\n<div class=\"wp-block-buttons is-content-justification-center is-layout-flex wp-container-core-buttons-is-layout-16018d1d wp-block-buttons-is-layout-flex\">\n<div class=\"wp-block-button has-custom-width wp-block-button__width-75 is-style-primary\"><a class=\"wp-block-button__link wp-element-button\" href=\"https:\/\/ugsel-finistere.org\/index.php\/sante_bouger\/\" style=\"border-radius:20px\" target=\"_blank\" rel=\"noreferrer noopener\">Infos<\/a><\/div>\n<\/div>\n<\/div><\/div><\/div>\n<\/div>\n<\/div><\/div>\n<\/div>\n<\/div><\/div>\n\n\n\n<div id=\"wp-block-themeisle-blocks-advanced-columns-e3c6e9e7\" class=\"wp-block-themeisle-blocks-advanced-columns alignfull has-1-columns has-desktop-equal-layout has-tablet-equal-layout has-mobile-collapsedRows-layout has-vertical-center ticss-c00aadba\"><div class=\"wp-block-themeisle-blocks-advanced-columns-overlay\"><\/div><div class=\"innerblocks-wrap\">\n<div id=\"wp-block-themeisle-blocks-advanced-column-b1f8ced7\" class=\"wp-block-themeisle-blocks-advanced-column\">\n<div id=\"wp-block-themeisle-blocks-advanced-columns-3dbd4172\" class=\"wp-block-themeisle-blocks-advanced-columns has-4-columns has-desktop-equal-layout has-tablet-equal-layout has-mobile-collapsedRows-layout has-vertical-top\"><div class=\"wp-block-themeisle-blocks-advanced-columns-overlay\"><\/div><div class=\"innerblocks-wrap\">\n<div id=\"wp-block-themeisle-blocks-advanced-column-77696ff9\" class=\"wp-block-themeisle-blocks-advanced-column\">\n<div id=\"wp-block-themeisle-blocks-flip-9309154d\" class=\"wp-block-themeisle-blocks-flip anim flipX-rev has-dark-front-bg has-dark-back-bg\"><div class=\"o-flip-inner\"><div class=\"o-flip-front\"><div class=\"o-flip-content\"><h3>Ressources <br>UGSEL Nationale<\/h3><p><\/p><\/div><\/div><div class=\"o-flip-back\">\n<p style=\"font-size:0px\">7<\/p>\n\n\n\n<p class=\"has-text-align-center\" style=\"font-size:16px\">dipl\u00f4mes, dossiers p\u00e9dagogiques, &#8230;<\/p>\n\n\n\n<div class=\"wp-block-buttons is-content-justification-center is-layout-flex wp-container-core-buttons-is-layout-16018d1d wp-block-buttons-is-layout-flex\">\n<div class=\"wp-block-button has-custom-width wp-block-button__width-75 is-style-primary\"><a class=\"wp-block-button__link has-text-align-center wp-element-button\" href=\"https:\/\/www.ugsel.org\/boutique\/\" style=\"border-radius:20px\" target=\"_blank\" rel=\"noreferrer noopener\">infos<\/a><\/div>\n<\/div>\n<\/div><\/div><\/div>\n<\/div>\n\n\n\n<div id=\"wp-block-themeisle-blocks-advanced-column-1f1e7985\" class=\"wp-block-themeisle-blocks-advanced-column\"><\/div>\n\n\n\n<div id=\"wp-block-themeisle-blocks-advanced-column-19f60397\" class=\"wp-block-themeisle-blocks-advanced-column\"><\/div>\n\n\n\n<div id=\"wp-block-themeisle-blocks-advanced-column-7d58934e\" class=\"wp-block-themeisle-blocks-advanced-column\"><\/div>\n<\/div><\/div>\n<\/div>\n<\/div><\/div>\n","protected":false},"excerpt":{"rendered":"","protected":false},"author":2,"featured_media":345,"parent":0,"menu_order":0,"comment_status":"closed","ping_status":"closed","template":"","meta":{"_tec_requires_first_save":true,"_uag_custom_page_level_css":"","neve_meta_sidebar":"","neve_meta_container":"","neve_meta_enable_content_width":"","neve_meta_content_width":0,"neve_meta_title_alignment":"","neve_meta_author_avatar":"","neve_post_elements_order":"","neve_meta_disable_header":"","neve_meta_disable_footer":"","neve_meta_disable_title":"","_EventAllDay":false,"_EventTimezone":"","_EventStartDate":"","_EventEndDate":"","_EventStartDateUTC":"","_EventEndDateUTC":"","_EventShowMap":false,"_EventShowMapLink":false,"_EventURL":"","_EventCost":"","_EventCostDescription":"","_EventCurrencySymbol":"","_EventCurrencyCode":"","_EventCurrencyPosition":"","_EventDateTimeSeparator":"","_EventTimeRangeSeparator":"","_EventOrganizerID":[],"_EventVenueID":[],"_OrganizerEmail":"","_OrganizerPhone":"","_OrganizerWebsite":"","_VenueAddress":"","_VenueCity":"","_VenueCountry":"","_VenueProvince":"","_VenueState":"","_VenueZip":"","_VenuePhone":"","_VenueURL":"","_VenueStateProvince":"","_VenueLat":"","_VenueLng":"","_VenueShowMap":false,"_VenueShowMapLink":false,"_tribe_blocks_recurrence_rules":"","_tribe_blocks_recurrence_description":"","_tribe_blocks_recurrence_exclusions":"","_themeisle_gutenberg_block_has_review":false,"footnotes":""},"class_list":["post-344","page","type-page","status-publish","has-post-thumbnail","hentry"],"uagb_featured_image_src":{"full":["https:\/\/ugsel-finistere.org\/wp-content\/uploads\/2025\/02\/1337907.png",1280,1221,false],"thumbnail":["https:\/\/ugsel-finistere.org\/wp-content\/uploads\/2025\/02\/1337907-150x150.png",150,150,true],"medium":["https:\/\/ugsel-finistere.org\/wp-content\/uploads\/2025\/02\/1337907-300x286.png",300,286,true],"medium_large":["https:\/\/ugsel-finistere.org\/wp-content\/uploads\/2025\/02\/1337907-768x733.png",768,733,true],"large":["https:\/\/ugsel-finistere.org\/wp-content\/uploads\/2025\/02\/1337907-1024x977.png",1024,977,true],"1536x1536":["https:\/\/ugsel-finistere.org\/wp-content\/uploads\/2025\/02\/1337907.png",1280,1221,false],"2048x2048":["https:\/\/ugsel-finistere.org\/wp-content\/uploads\/2025\/02\/1337907.png",1280,1221,false],"neve-blog":["https:\/\/ugsel-finistere.org\/wp-content\/uploads\/2025\/02\/1337907-930x620.png",930,620,true]},"uagb_author_info":{"display_name":"Manue","author_link":"https:\/\/ugsel-finistere.org\/index.php\/author\/manue\/"},"uagb_comment_info":0,"uagb_excerpt":null,"_links":{"self":[{"href":"https:\/\/ugsel-finistere.org\/index.php\/wp-json\/wp\/v2\/pages\/344","targetHints":{"allow":["GET"]}}],"collection":[{"href":"https:\/\/ugsel-finistere.org\/index.php\/wp-json\/wp\/v2\/pages"}],"about":[{"href":"https:\/\/ugsel-finistere.org\/index.php\/wp-json\/wp\/v2\/types\/page"}],"author":[{"embeddable":true,"href":"https:\/\/ugsel-finistere.org\/index.php\/wp-json\/wp\/v2\/users\/2"}],"replies":[{"embeddable":true,"href":"https:\/\/ugsel-finistere.org\/index.php\/wp-json\/wp\/v2\/comments?post=344"}],"version-history":[{"count":27,"href":"https:\/\/ugsel-finistere.org\/index.php\/wp-json\/wp\/v2\/pages\/344\/revisions"}],"predecessor-version":[{"id":5777,"href":"https:\/\/ugsel-finistere.org\/index.php\/wp-json\/wp\/v2\/pages\/344\/revisions\/5777"}],"wp:featuredmedia":[{"embeddable":true,"href":"https:\/\/ugsel-finistere.org\/index.php\/wp-json\/wp\/v2\/media\/345"}],"wp:attachment":[{"href":"https:\/\/ugsel-finistere.org\/index.php\/wp-json\/wp\/v2\/media?parent=344"}],"curies":[{"name":"wp","href":"https:\/\/api.w.org\/{rel}","templated":true}]}}