{"id":3497,"date":"2025-09-24T15:12:58","date_gmt":"2025-09-24T13:12:58","guid":{"rendered":"https:\/\/ugsel-finistere.org\/?page_id=3497"},"modified":"2025-10-03T16:16:56","modified_gmt":"2025-10-03T14:16:56","slug":"futsal-reglements","status":"publish","type":"page","link":"https:\/\/ugsel-finistere.org\/index.php\/futsal-reglements\/","title":{"rendered":"Futsal &#8211; r\u00e8glements"},"content":{"rendered":"\n<p><a href=\"https:\/\/www.ugsel.org\/sites\/default\/files\/disciplines\/pdf\/2025-2026%20%20FS%20RGLT%20SPE_0.pdf\" target=\"_blank\" rel=\"noreferrer noopener\">R\u00e8glement sp\u00e9cifique national<\/a><\/p>\n\n\n\n<p><a href=\"https:\/\/www.ugsel-bretagne.org\/wp-content\/uploads\/2025\/09\/spco_futsal_reglement.pdf\" target=\"_blank\" rel=\"noreferrer noopener\">R\u00e8glement sp\u00e9cifique r\u00e9gional<\/a><\/p>\n\n\n\n<p><a href=\"https:\/\/www.ugsel-bretagne.org\/wp-content\/uploads\/2024\/10\/spco_tableau_regles_futsal_bm.pdf\" target=\"_blank\" rel=\"noreferrer noopener\">Tableau r\u00e8gles B\/M<\/a><\/p>\n\n\n\n<p><a href=\"https:\/\/www.ugsel-bretagne.org\/wp-content\/uploads\/2024\/10\/spco_tableau_regles_futsal_cj.pdf\" target=\"_blank\" rel=\"noreferrer noopener\">Tableau r\u00e8gles C\/J<\/a><\/p>\n\n\n\n<p><\/p>\n","protected":false},"excerpt":{"rendered":"<p>R\u00e8glement sp\u00e9cifique national R\u00e8glement sp\u00e9cifique r\u00e9gional Tableau r\u00e8gles B\/M Tableau r\u00e8gles C\/J<\/p>\n","protected":false},"author":3,"featured_media":4050,"parent":0,"menu_order":0,"comment_status":"closed","ping_status":"closed","template":"","meta":{"_tec_requires_first_save":true,"_uag_custom_page_level_css":"","neve_meta_sidebar":"","neve_meta_container":"","neve_meta_enable_content_width":"","neve_meta_content_width":0,"neve_meta_title_alignment":"","neve_meta_author_avatar":"","neve_post_elements_order":"","neve_meta_disable_header":"off","neve_meta_disable_footer":"","neve_meta_disable_title":"off","_EventAllDay":false,"_EventTimezone":"","_EventStartDate":"","_EventEndDate":"","_EventStartDateUTC":"","_EventEndDateUTC":"","_EventShowMap":false,"_EventShowMapLink":false,"_EventURL":"","_EventCost":"","_EventCostDescription":"","_EventCurrencySymbol":"","_EventCurrencyCode":"","_EventCurrencyPosition":"","_EventDateTimeSeparator":"","_EventTimeRangeSeparator":"","_EventOrganizerID":[],"_EventVenueID":[],"_OrganizerEmail":"","_OrganizerPhone":"","_OrganizerWebsite":"","_VenueAddress":"","_VenueCity":"","_VenueCountry":"","_VenueProvince":"","_VenueState":"","_VenueZip":"","_VenuePhone":"","_VenueURL":"","_VenueStateProvince":"","_VenueLat":"","_VenueLng":"","_VenueShowMap":false,"_VenueShowMapLink":false,"_tribe_blocks_recurrence_rules":"","_tribe_blocks_recurrence_description":"","_tribe_blocks_recurrence_exclusions":"","_themeisle_gutenberg_block_has_review":false,"footnotes":""},"class_list":["post-3497","page","type-page","status-publish","has-post-thumbnail","hentry"],"uagb_featured_image_src":{"full":["https:\/\/ugsel-finistere.org\/wp-content\/uploads\/2025\/10\/otum-nw-_ny-e1759500945266.jpg",1600,630,false],"thumbnail":["https:\/\/ugsel-finistere.org\/wp-content\/uploads\/2025\/10\/otum-nw-_ny-e1759500945266-150x150.jpg",150,150,true],"medium":["https:\/\/ugsel-finistere.org\/wp-content\/uploads\/2025\/10\/otum-nw-_ny-e1759500945266-300x118.jpg",300,118,true],"medium_large":["https:\/\/ugsel-finistere.org\/wp-content\/uploads\/2025\/10\/otum-nw-_ny-e1759500945266-768x302.jpg",768,302,true],"large":["https:\/\/ugsel-finistere.org\/wp-content\/uploads\/2025\/10\/otum-nw-_ny-e1759500945266-1024x403.jpg",1024,403,true],"1536x1536":["https:\/\/ugsel-finistere.org\/wp-content\/uploads\/2025\/10\/otum-nw-_ny-e1759500945266-1536x605.jpg",1536,605,true],"2048x2048":["https:\/\/ugsel-finistere.org\/wp-content\/uploads\/2025\/10\/otum-nw-_ny-e1759500945266.jpg",1600,630,false],"neve-blog":["https:\/\/ugsel-finistere.org\/wp-content\/uploads\/2025\/10\/otum-nw-_ny-e1759500945266-930x620.jpg",930,620,true]},"uagb_author_info":{"display_name":"Helene","author_link":"https:\/\/ugsel-finistere.org\/index.php\/author\/helene\/"},"uagb_comment_info":0,"uagb_excerpt":"R\u00e8glement sp\u00e9cifique national R\u00e8glement sp\u00e9cifique r\u00e9gional Tableau r\u00e8gles B\/M Tableau r\u00e8gles C\/J","_links":{"self":[{"href":"https:\/\/ugsel-finistere.org\/index.php\/wp-json\/wp\/v2\/pages\/3497","targetHints":{"allow":["GET"]}}],"collection":[{"href":"https:\/\/ugsel-finistere.org\/index.php\/wp-json\/wp\/v2\/pages"}],"about":[{"href":"https:\/\/ugsel-finistere.org\/index.php\/wp-json\/wp\/v2\/types\/page"}],"author":[{"embeddable":true,"href":"https:\/\/ugsel-finistere.org\/index.php\/wp-json\/wp\/v2\/users\/3"}],"replies":[{"embeddable":true,"href":"https:\/\/ugsel-finistere.org\/index.php\/wp-json\/wp\/v2\/comments?post=3497"}],"version-history":[{"count":5,"href":"https:\/\/ugsel-finistere.org\/index.php\/wp-json\/wp\/v2\/pages\/3497\/revisions"}],"predecessor-version":[{"id":3696,"href":"https:\/\/ugsel-finistere.org\/index.php\/wp-json\/wp\/v2\/pages\/3497\/revisions\/3696"}],"wp:featuredmedia":[{"embeddable":true,"href":"https:\/\/ugsel-finistere.org\/index.php\/wp-json\/wp\/v2\/media\/4050"}],"wp:attachment":[{"href":"https:\/\/ugsel-finistere.org\/index.php\/wp-json\/wp\/v2\/media?parent=3497"}],"curies":[{"name":"wp","href":"https:\/\/api.w.org\/{rel}","templated":true}]}}