{"id":3505,"date":"2025-09-24T15:36:10","date_gmt":"2025-09-24T13:36:10","guid":{"rendered":"https:\/\/ugsel-finistere.org\/?page_id=3505"},"modified":"2025-09-24T15:37:21","modified_gmt":"2025-09-24T13:37:21","slug":"sports-co-documents-utiles-generaux","status":"publish","type":"page","link":"https:\/\/ugsel-finistere.org\/index.php\/sports-co-documents-utiles-generaux\/","title":{"rendered":"Sports collectifs &#8211; documents g\u00e9n\u00e9raux"},"content":{"rendered":"\n<p class=\"has-custom-4-color has-text-color has-link-color wp-elements-f003b9a10981b39e7bcb9a82753344df\"><strong>Extrait du r\u00e8glement national : <\/strong><\/p>\n\n\n\n<p class=\"has-custom-4-color has-text-color has-link-color wp-elements-f73fd9595e8e5554a85de685f2b7e4ac\"><strong>El\u00e8ves m\u00e9daill\u00e9s dans un championnat \u00e9lite 2025 ou finalistes dans un championnat promotionnel 2025 ==> inscription dans un championnat promotionnel 2026 INTERDITE.<\/strong> <a href=\"https:\/\/ecbzh-my.sharepoint.com\/:b:\/g\/personal\/helene_sousset_enseignement-catholique_bzh\/EQKigbpicL9AhUNnnt7KDxMBZ5H5Ce4VvJNiI3S2ElAzJA?e=4Xe7ub\" target=\"_blank\" rel=\"noreferrer noopener\">Cf. modification article 3<\/a><\/p>\n\n\n\n<p><a href=\"https:\/\/ecbzh-my.sharepoint.com\/:b:\/g\/personal\/helene_sousset_enseignement-catholique_bzh\/EXS_QdgYB9BDm5KJ-ud7MGIBT0VcqvFFDVlFLeICfX-1FQ?e=yC6mdx\" target=\"_blank\" rel=\"noreferrer noopener\">La circulaire r\u00e9gionale de rentr\u00e9e coll\u00e8ges<\/a><\/p>\n\n\n\n<p><a href=\"https:\/\/ecbzh-my.sharepoint.com\/:b:\/g\/personal\/helene_sousset_enseignement-catholique_bzh\/EdrQIN7VZylNnkpkFFt4z00BkexfzUesOE3EikTS7Sy52Q?e=IUgEhg\" target=\"_blank\" rel=\"noreferrer noopener\">La circulaire r\u00e9gionale de rentr\u00e9e lyc\u00e9es<\/a><\/p>\n\n\n\n<p><a href=\"https:\/\/www.ugsel-bretagne.org\/wp-content\/uploads\/2024\/04\/spco_livret_complet.pdf\" target=\"_blank\" rel=\"noreferrer noopener\">Le livret des sports collectifs<\/a><\/p>\n\n\n\n<p><a href=\"https:\/\/www.ugsel-bretagne.org\/wp-content\/uploads\/2025\/01\/spco_tutoriel_usport.pdf\" target=\"_blank\" rel=\"noreferrer noopener\">Le tutoriel Usport &#8211; sports collectifs<\/a><\/p>\n\n\n\n<p><\/p>\n\n\n\n<p><\/p>\n","protected":false},"excerpt":{"rendered":"<p>Extrait du r\u00e8glement national : El\u00e8ves m\u00e9daill\u00e9s dans un championnat \u00e9lite 2025 ou finalistes dans un championnat promotionnel 2025 ==> inscription dans un championnat promotionnel 2026 INTERDITE. Cf. modification article&hellip;&nbsp;<a href=\"https:\/\/ugsel-finistere.org\/index.php\/sports-co-documents-utiles-generaux\/\" rel=\"bookmark\">Lire la suite &raquo;<span class=\"screen-reader-text\">Sports collectifs &#8211; documents g\u00e9n\u00e9raux<\/span><\/a><\/p>\n","protected":false},"author":3,"featured_media":0,"parent":0,"menu_order":0,"comment_status":"closed","ping_status":"closed","template":"","meta":{"_tec_requires_first_save":true,"_uag_custom_page_level_css":"","neve_meta_sidebar":"","neve_meta_container":"","neve_meta_enable_content_width":"","neve_meta_content_width":0,"neve_meta_title_alignment":"","neve_meta_author_avatar":"","neve_post_elements_order":"","neve_meta_disable_header":"off","neve_meta_disable_footer":"","neve_meta_disable_title":"off","_EventAllDay":false,"_EventTimezone":"","_EventStartDate":"","_EventEndDate":"","_EventStartDateUTC":"","_EventEndDateUTC":"","_EventShowMap":false,"_EventShowMapLink":false,"_EventURL":"","_EventCost":"","_EventCostDescription":"","_EventCurrencySymbol":"","_EventCurrencyCode":"","_EventCurrencyPosition":"","_EventDateTimeSeparator":"","_EventTimeRangeSeparator":"","_EventOrganizerID":[],"_EventVenueID":[],"_OrganizerEmail":"","_OrganizerPhone":"","_OrganizerWebsite":"","_VenueAddress":"","_VenueCity":"","_VenueCountry":"","_VenueProvince":"","_VenueState":"","_VenueZip":"","_VenuePhone":"","_VenueURL":"","_VenueStateProvince":"","_VenueLat":"","_VenueLng":"","_VenueShowMap":false,"_VenueShowMapLink":false,"_tribe_blocks_recurrence_rules":"","_tribe_blocks_recurrence_description":"","_tribe_blocks_recurrence_exclusions":"","_themeisle_gutenberg_block_has_review":false,"footnotes":""},"class_list":["post-3505","page","type-page","status-publish","hentry"],"uagb_featured_image_src":{"full":false,"thumbnail":false,"medium":false,"medium_large":false,"large":false,"1536x1536":false,"2048x2048":false,"neve-blog":false},"uagb_author_info":{"display_name":"Helene","author_link":"https:\/\/ugsel-finistere.org\/index.php\/author\/helene\/"},"uagb_comment_info":0,"uagb_excerpt":"Extrait du r\u00e8glement national : El\u00e8ves m\u00e9daill\u00e9s dans un championnat \u00e9lite 2025 ou finalistes dans un championnat promotionnel 2025 ==> inscription dans un championnat promotionnel 2026 INTERDITE. Cf. modification article&hellip;&nbsp;Lire la suite &raquo;Sports collectifs &#8211; documents g\u00e9n\u00e9raux","_links":{"self":[{"href":"https:\/\/ugsel-finistere.org\/index.php\/wp-json\/wp\/v2\/pages\/3505","targetHints":{"allow":["GET"]}}],"collection":[{"href":"https:\/\/ugsel-finistere.org\/index.php\/wp-json\/wp\/v2\/pages"}],"about":[{"href":"https:\/\/ugsel-finistere.org\/index.php\/wp-json\/wp\/v2\/types\/page"}],"author":[{"embeddable":true,"href":"https:\/\/ugsel-finistere.org\/index.php\/wp-json\/wp\/v2\/users\/3"}],"replies":[{"embeddable":true,"href":"https:\/\/ugsel-finistere.org\/index.php\/wp-json\/wp\/v2\/comments?post=3505"}],"version-history":[{"count":2,"href":"https:\/\/ugsel-finistere.org\/index.php\/wp-json\/wp\/v2\/pages\/3505\/revisions"}],"predecessor-version":[{"id":3507,"href":"https:\/\/ugsel-finistere.org\/index.php\/wp-json\/wp\/v2\/pages\/3505\/revisions\/3507"}],"wp:attachment":[{"href":"https:\/\/ugsel-finistere.org\/index.php\/wp-json\/wp\/v2\/media?parent=3505"}],"curies":[{"name":"wp","href":"https:\/\/api.w.org\/{rel}","templated":true}]}}