{"id":4350,"date":"2025-11-12T12:21:20","date_gmt":"2025-11-12T11:21:20","guid":{"rendered":"https:\/\/ugsel-finistere.org\/?page_id=4350"},"modified":"2025-11-12T14:19:29","modified_gmt":"2025-11-12T13:19:29","slug":"1d-role-enseignant-referent","status":"publish","type":"page","link":"https:\/\/ugsel-finistere.org\/index.php\/1d-role-enseignant-referent\/","title":{"rendered":"1D r\u00f4le enseignant r\u00e9f\u00e9rent"},"content":{"rendered":"\n<p><\/p>\n\n\n\n<div id=\"wp-block-themeisle-blocks-advanced-columns-3a632c5b\" class=\"wp-block-themeisle-blocks-advanced-columns alignfull has-3-columns has-desktop-equal-layout has-tablet-equal-layout has-mobile-collapsedRows-layout has-vertical-top ticss-c00aadba\"><div class=\"wp-block-themeisle-blocks-advanced-columns-overlay\"><\/div><div class=\"innerblocks-wrap\">\n<div id=\"wp-block-themeisle-blocks-advanced-column-1afaade9\" class=\"wp-block-themeisle-blocks-advanced-column\">\n<figure class=\"wp-block-image size-full is-resized is-style-rounded\"><img loading=\"lazy\" decoding=\"async\" width=\"1152\" height=\"2048\" src=\"https:\/\/ugsel-finistere.org\/wp-content\/uploads\/2025\/11\/IMG-20250402-WA0032.jpg\" alt=\"\" class=\"wp-image-4352\" style=\"aspect-ratio:1;object-fit:cover;width:146px;height:auto\" srcset=\"https:\/\/ugsel-finistere.org\/wp-content\/uploads\/2025\/11\/IMG-20250402-WA0032.jpg 1152w, https:\/\/ugsel-finistere.org\/wp-content\/uploads\/2025\/11\/IMG-20250402-WA0032-169x300.jpg 169w, https:\/\/ugsel-finistere.org\/wp-content\/uploads\/2025\/11\/IMG-20250402-WA0032-576x1024.jpg 576w, https:\/\/ugsel-finistere.org\/wp-content\/uploads\/2025\/11\/IMG-20250402-WA0032-768x1365.jpg 768w, https:\/\/ugsel-finistere.org\/wp-content\/uploads\/2025\/11\/IMG-20250402-WA0032-864x1536.jpg 864w\" sizes=\"auto, (max-width: 1152px) 100vw, 1152px\" \/><\/figure>\n\n\n\n<h3 id=\"wp-block-themeisle-blocks-advanced-heading-dd1eb2f7\" class=\"wp-block-themeisle-blocks-advanced-heading wp-block-themeisle-blocks-advanced-heading-dd1eb2f7\">les enseignants r\u00e9f\u00e9rents en EPS &#8211; UGSEL 1er degr\u00e9<\/h3>\n\n\n\n<div class=\"wp-block-buttons is-layout-flex wp-block-buttons-is-layout-flex\">\n<div class=\"wp-block-button is-style-primary\"><a class=\"wp-block-button__link wp-element-button\" href=\"https:\/\/ugsel291d.my.canva.site\/\" target=\"_blank\" rel=\"noreferrer noopener\">Acc\u00e8s \u00e0 la liste<\/a><\/div>\n<\/div>\n<\/div>\n\n\n\n<div id=\"wp-block-themeisle-blocks-advanced-column-7ca824fc\" class=\"wp-block-themeisle-blocks-advanced-column\">\n<div class=\"wp-block-group\"><div class=\"wp-block-group__inner-container is-layout-flow wp-block-group-is-layout-flow\">\n<div id=\"wp-block-themeisle-blocks-font-awesome-icons-b054855b\" class=\"wp-block-themeisle-blocks-font-awesome-icons\"><span class=\"wp-block-themeisle-blocks-font-awesome-icons-container\"><svg xmlns=\"http:\/\/www.w3.org\/2000\/svg\" viewBox=\"0 0 1800 1800\"><line fill=\"none\" stroke=\"currentcolor\" stroke-width=\"10\" stroke-linecap=\"round\" stroke-linejoin=\"round\" stroke-miterlimit=\"10\" x1=\"904.328\" y1=\"1132.364\" x2=\"904.328\" y2=\"895.221\"><\/line><line fill=\"none\" stroke=\"currentcolor\" stroke-width=\"10\" stroke-linecap=\"round\" stroke-linejoin=\"round\" stroke-miterlimit=\"10\" x1=\"1122.56\" y1=\"1262.028\" x2=\"915.405\" y2=\"1146.604\"><\/line><line fill=\"none\" stroke=\"currentcolor\" stroke-width=\"10\" stroke-linecap=\"round\" stroke-linejoin=\"round\" stroke-miterlimit=\"10\" x1=\"686.239\" y1=\"1262.028\" x2=\"893.394\" y2=\"1146.604\"><\/line><path d=\"M974.697,512.844v-7.453c57.008-26.082,97.412-80.138,106.207-142.043 c24.032-8.717,40.98-31.933,40.98-58.221c0-22.63-12.225-42.889-31.146-53.695c1.969-6.164,3.585-12.379,4.831-18.586 c10.066-49.925-1.4-100.947-32.293-143.668c-30.385-42.033-76.063-71.018-128.615-81.617c-14.133-2.85-28.541-4.294-42.824-4.294 c-45.073,0-89.049,14.537-123.827,40.929c-35.818,27.174-60.31,65.782-68.967,108.718c-6.563,32.551-3.881,66.134,7.72,97.641 c-19.665,10.569-32.688,31.348-32.688,54.58c0,26.629,17.197,49.926,41.586,58.449c9.035,63.375,50.755,117.946,109.634,143.38 v5.885C703.003,540.551,618.678,632.024,618.678,738.92v28.549h106.436v-0.051h11.82v0.051h444.389V738.92 C1181.322,632.02,1096.998,540.551,974.697,512.844z M891.838,60.37c10.487,0,21.104,1.066,31.545,3.164 c38.423,7.75,71.671,28.738,93.623,59.098c20.469,28.305,28.713,61.591,23.443,94.254c-28.099-13.11-65.026-26.972-103.875-32.293 c-73.02-9.985-74.189-13.376-78.543-25.997l-13.939-40.344l-32.07,28.373c-3.413,3.005-29.25,25.717-59.067,50.42 c-0.821-10.957-0.134-21.943,2.067-32.853C767.147,104.033,824.688,60.37,891.838,60.37z M770.86,256.186 c20.026-16.2,39.808-32.93,54.121-45.206c19.836,17.894,50.771,22.927,103.848,30.187c36.003,4.926,71.31,19.343,96.846,32.006 v64.342c0,70.252-57.15,127.411-127.402,127.411c-70.257,0-127.412-57.159-127.412-127.411V256.186z M882.394,521.32 c11.808,1.04,23.542,0.916,35.208-0.313v17.627l-17.653,9.783l-17.554-9.753V521.32z M678.691,710.336 c13.105-63.942,69.255-117.096,146.604-138.622v0.551l74.606,41.448l74.796-41.427v-0.572 c77.361,21.526,133.515,74.692,146.611,138.647l-384.611-0.047v0.021H678.691z\"><\/path><path d=\"M376.487,1542.108v-7.458c57.009-26.082,97.414-80.139,106.208-142.039 c24.032-8.717,40.98-31.932,40.98-58.221c0-22.635-12.225-42.885-31.146-53.699c1.969-6.164,3.584-12.379,4.835-18.586 c10.062-49.921-1.406-100.942-32.293-143.668c-30.39-42.029-76.063-71.013-128.615-81.608c-14.128-2.854-28.541-4.298-42.829-4.298 c-45.072,0-89.049,14.537-123.827,40.929c-35.818,27.174-60.314,65.782-68.971,108.718c-6.559,32.551-3.877,66.139,7.724,97.641 c-19.665,10.57-32.689,31.349-32.689,54.576c0,26.633,17.198,49.93,41.583,58.449c9.035,63.375,50.755,117.947,109.638,143.385 v5.88c-122.292,27.707-206.617,119.176-206.617,226.067v28.558h106.436v-0.12h11.816v0.12h444.393v-28.558 C583.113,1661.284,498.788,1569.815,376.487,1542.108z M293.628,1089.631c10.488,0,21.105,1.065,31.545,3.172 c38.423,7.745,71.675,28.729,93.622,59.094c20.478,28.309,28.718,61.604,23.443,94.254c-28.103-13.11-65.034-26.977-103.874-32.294 c-73.02-9.985-74.189-13.38-78.548-25.996l-13.935-40.345l-32.092,28.391c-5.541,4.879-30.295,26.59-59.042,50.402 c-0.825-10.956-0.138-21.938,2.063-32.852C168.938,1133.297,226.476,1089.631,293.628,1089.631z M172.651,1285.445 c20.013-16.188,39.799-32.926,54.121-45.205c19.833,17.894,50.772,22.932,103.848,30.191c36.012,4.922,71.31,19.338,96.846,32.006 v64.342c0,70.252-57.155,127.406-127.403,127.406c-70.256,0-127.412-57.154-127.412-127.406V1285.445z M284.185,1550.584 c11.816,1.041,23.529,0.916,35.208-0.317v17.632l-17.657,9.778l-17.55-9.753V1550.584z M116.373,1739.6v0.025H80.474 c13.093-63.959,69.255-117.121,146.612-138.646v0.55l74.606,41.444l74.795-41.427v-0.567 c77.362,21.525,133.52,74.688,146.612,138.646l-384.611-0.051v0.025H116.373z\"><\/path><path d=\"M1572.91,1542.108v-7.458c57.009-26.082,97.414-80.139,106.207-142.039 c24.033-8.717,40.98-31.932,40.98-58.221c0-22.631-12.224-42.889-31.141-53.699c1.965-6.164,3.58-12.375,4.826-18.586 c10.067-49.921-1.4-100.942-32.293-143.668c-30.381-42.029-76.059-71.013-128.61-81.608c-14.129-2.854-28.537-4.298-42.833-4.298 c-45.068,0-89.045,14.537-123.822,40.929c-35.818,27.174-60.311,65.782-68.967,108.718c-6.564,32.551-3.882,66.13,7.719,97.641 c-19.664,10.57-32.688,31.349-32.688,54.576c0,26.633,17.198,49.93,41.587,58.449c9.035,63.379,50.754,117.951,109.633,143.385 v5.88c-122.296,27.707-206.621,119.176-206.621,226.067v28.558h106.436v-0.052h11.825v0.052h444.384v-28.558 C1779.531,1661.284,1695.207,1569.815,1572.91,1542.108z M1490.047,1089.631c10.488,0,21.104,1.065,31.55,3.172 c38.423,7.745,71.671,28.729,93.622,59.094c20.478,28.309,28.722,61.611,23.447,94.254c-28.103-13.11-65.033-26.977-103.883-32.294 c-73.016-9.985-74.185-13.38-78.539-26.001l-13.939-40.34l-32.151,28.442c-5.562,4.9-30.381,26.658-58.986,50.351 c-0.821-10.956-0.134-21.943,2.067-32.852C1365.36,1133.297,1422.894,1089.631,1490.047,1089.631z M1369.074,1285.445 c20.073-16.238,39.828-32.951,54.12-45.205c19.833,17.894,50.769,22.932,103.849,30.191c36.002,4.922,71.309,19.338,96.846,32.006 v64.342c0,70.252-57.15,127.406-127.403,127.406c-70.257,0-127.411-57.154-127.411-127.406V1285.445z M1480.607,1550.584 c11.803,1.041,23.533,0.912,35.203-0.317v17.632l-17.652,9.778l-17.551-9.753V1550.584z M1276.9,1739.6 c13.109-63.946,69.255-117.1,146.607-138.621v0.55l74.607,41.444l74.795-41.427v-0.567c77.37,21.521,133.52,74.688,146.612,138.646 l-384.616-0.051v0.025H1276.9z\"><\/path><\/svg><\/span><\/div>\n\n\n\n<h3 id=\"wp-block-themeisle-blocks-advanced-heading-bb84b8a8\" class=\"wp-block-themeisle-blocks-advanced-heading wp-block-themeisle-blocks-advanced-heading-bb84b8a8\">F\u00e9d\u00e9rer<\/h3>\n\n\n\n<p class=\"has-text-align-center has-small-font-size\"><strong>Ce sont les r\u00e9f\u00e9rents identifi\u00e9s du territoire MAIS ils ne sont pas seuls ! Dans chaque \u00e9cole, il y a une personne r\u00e9f\u00e9rente EPS avec qui ils pourront \u00e9changer.<\/strong><\/p>\n\n\n\n<p class=\"has-text-align-center has-small-font-size\">Les r\u00e9f\u00e9rents f\u00e9d\u00e8rent un groupe d&rsquo;enseignants du territoire afin d&rsquo;\u00e9changer sur les pratiques et animer le r\u00e9seau.<\/p>\n\n\n\n<div class=\"wp-block-group\"><div class=\"wp-block-group__inner-container is-layout-flow wp-block-group-is-layout-flow\">\n<div id=\"wp-block-themeisle-blocks-font-awesome-icons-28fdd56c\" class=\"wp-block-themeisle-blocks-font-awesome-icons\"><span class=\"wp-block-themeisle-blocks-font-awesome-icons-container\"><svg xmlns=\"http:\/\/www.w3.org\/2000\/svg\" viewBox=\"0 0 1800 1800\"><path d=\"M1094.819,1135.051l-108.863-17.528c-9.449-34.07-22.999-66.744-40.445-97.562l64.601-89.408 c8.963-12.402,7.593-29.477-3.227-40.295l-97.074-97.083c-10.828-10.832-27.9-12.188-40.297-3.227l-89.409,64.601 c-30.817-17.446-63.496-30.991-97.557-40.44L665.01,705.239c-2.435-15.106-15.472-26.212-30.774-26.212H496.934 c-15.302,0-28.339,11.105-30.774,26.212l-17.535,108.864c-34.057,9.449-66.731,22.995-97.555,40.445l-89.409-64.601 c-12.399-8.958-29.474-7.597-40.295,3.222l-97.083,97.083c-10.819,10.823-12.187,27.897-3.225,40.3l64.599,89.408 c-17.448,30.826-30.994,63.5-40.443,97.562l-108.866,17.528c-15.106,2.436-26.214,15.472-26.214,30.774v137.306 c0,15.303,11.106,28.339,26.212,30.774l108.868,17.533c9.454,34.062,22.997,66.735,40.443,97.557l-64.599,89.409 c-8.962,12.401-7.595,29.474,3.225,40.297l97.083,97.083c10.819,10.819,27.892,12.181,40.295,3.223l89.409-64.605 c30.822,17.446,63.496,30.992,97.555,40.445l17.535,108.867c2.433,15.107,15.472,26.213,30.774,26.213h137.302 c15.302,0,28.339-11.105,30.774-26.213l17.537-108.871c34.062-9.449,66.736-22.995,97.549-40.437l89.417,64.601 c12.402,8.962,29.478,7.601,40.297-3.223l97.083-97.079c10.819-10.823,12.185-27.895,3.222-40.297l-64.604-89.413 c17.446-30.813,30.991-63.487,40.445-97.557l108.868-17.533c15.105-2.436,26.212-15.472,26.212-30.774v-137.306 C1121.036,1150.522,1109.926,1137.486,1094.819,1135.051z M1058.697,1276.58l-102.915,16.576 c-12.571,2.026-22.647,11.492-25.447,23.916c-9.362,41.506-25.665,80.833-48.459,116.882c-6.806,10.767-6.375,24.591,1.083,34.914 l61.078,84.529l-59.535,59.53l-84.534-61.074c-10.323-7.457-24.147-7.888-34.909-1.083 c-36.058,22.795-75.376,39.093-116.878,48.446c-12.419,2.805-21.89,12.88-23.917,25.451l-16.576,102.92h-84.204l-16.576-102.915 c-2.026-12.571-11.495-22.646-23.916-25.447c-41.495-9.357-80.822-25.66-116.889-48.455c-10.765-6.805-24.588-6.374-34.907,1.083 l-84.525,61.074l-59.535-59.535l61.069-84.524c7.458-10.323,7.889-24.143,1.085-34.909 c-22.796-36.066-39.097-75.394-48.454-116.887c-2.803-12.424-12.878-21.89-25.45-23.916L72.474,1276.58v-84.204l102.912-16.571 c12.574-2.026,22.651-11.497,25.452-23.921c9.351-41.488,25.653-80.812,48.454-116.887c6.804-10.767,6.373-24.586-1.085-34.909 l-61.069-84.525l59.535-59.536l84.525,61.076c10.321,7.458,24.147,7.888,34.909,1.083c36.073-22.806,75.398-39.108,116.882-48.457 c12.424-2.801,21.895-12.88,23.921-25.452l16.576-102.911h84.204l16.576,102.915c2.027,12.571,11.498,22.651,23.917,25.451 c41.502,9.354,80.82,25.656,116.878,48.453c10.767,6.805,24.59,6.375,34.913-1.083l84.53-61.076l59.53,59.536l-61.073,84.53 c-7.458,10.323-7.889,24.146-1.083,34.913c22.799,36.054,39.101,75.376,48.459,116.878c2.8,12.424,12.876,21.895,25.447,23.921 l102.915,16.571V1276.58z\"><\/path><path d=\"M565.583,928.422c-168.759,0-306.052,137.293-306.052,306.052s137.293,306.053,306.052,306.053  c168.763,0,306.061-137.294,306.061-306.053S734.346,928.422,565.583,928.422z M565.583,1478.187  c-134.384,0-243.713-109.328-243.713-243.713s109.329-243.713,243.713-243.713c134.389,0,243.722,109.328,243.722,243.713  S699.972,1478.187,565.583,1478.187z\"><\/path><path d=\"M1767.072,581.748l-74.516-50.033c4.279-27.761,5.383-55.804,3.291-83.786l78.155-44.071 c13.328-7.519,19.229-23.595,13.929-37.949l-40.059-108.459c-5.301-14.359-20.233-22.725-35.248-19.79l-88.043,17.302 c-16.598-22.621-35.662-43.215-56.956-61.531l24.099-86.456c4.105-14.741-3.088-30.278-16.984-36.679l-105.002-48.368 c-13.902-6.418-30.392-1.774-38.919,10.932l-50.038,74.52c-27.703-4.253-55.785-5.375-83.777-3.288l-44.075-78.154 c-7.522-13.332-23.595-19.233-37.953-13.928l-108.459,40.058c-14.358,5.301-22.738,20.237-19.786,35.253l17.308,88.03 c-22.625,16.598-43.224,35.666-61.54,56.964l-86.446-24.104c-14.741-4.092-30.282,3.092-36.684,16.985l-48.372,105.002 c-6.401,13.897-1.766,30.387,10.932,38.918l74.511,50.038c-4.274,27.765-5.379,55.808-3.283,83.781l-78.15,44.072 c-13.328,7.519-19.229,23.599-13.928,37.949l40.058,108.463c5.301,14.354,20.256,22.76,35.253,19.786l88.03-17.303 c16.585,22.612,35.648,43.206,56.961,61.535l-24.104,86.451c-4.105,14.737,3.087,30.283,16.984,36.684l105.006,48.366 c13.902,6.404,30.387,1.77,38.919-10.938l50.042-74.512c27.695,4.257,55.781,5.375,83.777,3.288l44.076,78.161 c5.656,10.036,16.176,15.863,27.151,15.863c3.601,0,7.253-0.626,10.792-1.936l108.469-40.06 c14.357-5.301,22.738-20.238,19.785-35.253l-17.307-88.039c22.611-16.589,43.206-35.657,61.535-56.96l86.451,24.104 c14.74,4.092,30.282-3.088,36.684-16.985l48.363-105.006C1784.404,606.769,1779.777,590.28,1767.072,581.748z M1684.125,675.479 l-80.555-22.459c-12.275-3.409-25.378,0.97-33.118,11.08c-21.507,28.091-47.402,52.06-76.968,71.245 c-10.688,6.932-16.08,19.664-13.619,32.161l16.124,82.021l-58.651,21.664l-41.059-72.815c-5.574-9.884-16.002-15.859-27.143-15.859 c-1.361,0-2.735,0.087-4.113,0.27c-34.727,4.623-70.428,3.214-104.798-4.109c-12.445-2.656-25.269,2.535-32.37,13.111 l-46.624,69.418l-56.772-26.147l22.455-80.555c3.418-12.267-0.966-25.382-11.08-33.122c-28.092-21.503-52.06-47.398-71.245-76.963 c-6.927-10.685-19.655-16.072-32.161-13.619l-82.012,16.119l-21.664-58.651l72.811-41.058 c11.093-6.257,17.264-18.629,15.585-31.252c-4.636-34.957-3.253-70.214,4.113-104.793c2.653-12.458-2.539-25.273-13.106-32.374 l-69.427-46.62l26.155-56.777l80.551,22.459c12.264,3.405,25.383-0.97,33.123-11.084c21.48-28.073,47.38-52.042,76.971-71.245 c10.685-6.931,16.076-19.664,13.615-32.161l-16.123-82.012l58.651-21.664l41.058,72.81c6.254,11.093,18.615,17.272,31.257,15.589 c34.727-4.609,70.419-3.209,104.798,4.113c12.44,2.648,25.264-2.539,32.369-13.11l46.62-69.432l56.773,26.151l-22.456,80.563 c-3.418,12.271,0.971,25.387,11.084,33.123c28.065,21.481,52.034,47.372,71.232,76.958c6.936,10.685,19.668,16.059,32.156,13.62 l82.029-16.12l21.664,58.647l-72.818,41.058c-11.094,6.258-17.264,18.629-15.585,31.252c4.64,34.97,3.257,70.228-4.114,104.793 c-2.66,12.458,2.531,25.277,13.106,32.378l69.432,46.62L1684.125,675.479z\"><\/path><path d=\"M1324.474,212.717c-31.026,0-61.63,5.492-90.97,16.329c-135.858,50.172-205.564,201.52-155.392,337.383 c37.927,102.701,136.95,171.707,246.409,171.716c0.009,0,0.009,0,0.018,0c31.014,0,61.617-5.492,90.952-16.329 c135.854-50.172,205.568-201.52,155.396-337.375C1532.951,281.727,1433.928,212.717,1324.474,212.717z M1393.896,663.338 c-22.402,8.275-45.736,12.467-69.357,12.467c0,0-0.009,0-0.014,0c-83.477-0.004-159.005-52.638-187.936-130.971 c-38.266-103.619,14.898-219.048,118.514-257.311c22.398-8.275,45.736-12.467,69.37-12.467 c83.478,0,159.001,52.638,187.936,130.979C1550.672,509.646,1497.503,625.071,1393.896,663.338z\"><\/path><\/svg><\/span><\/div>\n\n\n\n<h3 id=\"wp-block-themeisle-blocks-advanced-heading-29da5aa9\" class=\"wp-block-themeisle-blocks-advanced-heading wp-block-themeisle-blocks-advanced-heading-29da5aa9\">relayer<\/h3>\n\n\n\n<p class=\"has-text-align-center has-small-font-size\">Ils relaient les informations de l&rsquo;UGSEL Finist\u00e8re, l&rsquo;UGSEL Bretagne et l&rsquo;UGSEL Nationale.<\/p>\n\n\n\n<p class=\"has-small-font-size\">Ils motivent les \u00e9coles autour des propositions de l&rsquo;UGSEL : <\/p>\n\n\n\n<div id=\"wp-block-themeisle-blocks-icon-list-9d1f6ba7\" class=\"wp-block-themeisle-blocks-icon-list\">\n<div id=\"wp-block-themeisle-blocks-icon-list-item-581e63ea\" class=\"wp-block-themeisle-blocks-icon-list-item\"><i class=\"fas fa-check wp-block-themeisle-blocks-icon-list-item-icon\"><\/i><p class=\"wp-block-themeisle-blocks-icon-list-item-content\">Action caritative<\/p><\/div>\n\n\n\n<div id=\"wp-block-themeisle-blocks-icon-list-item-430b10de\" class=\"wp-block-themeisle-blocks-icon-list-item\"><i class=\"fas fa-check wp-block-themeisle-blocks-icon-list-item-icon\"><\/i><p class=\"wp-block-themeisle-blocks-icon-list-item-content\">Ma rentr\u00e9e avec l&rsquo;UGSEL<\/p><\/div>\n\n\n\n<div id=\"wp-block-themeisle-blocks-icon-list-item-8e81df53\" class=\"wp-block-themeisle-blocks-icon-list-item\"><i class=\"fas fa-check wp-block-themeisle-blocks-icon-list-item-icon\"><\/i><p class=\"wp-block-themeisle-blocks-icon-list-item-content\">Documents p\u00e9dagogiques<\/p><\/div>\n\n\n\n<div id=\"wp-block-themeisle-blocks-icon-list-item-8fad8bc1\" class=\"wp-block-themeisle-blocks-icon-list-item\"><i class=\"fas fa-check wp-block-themeisle-blocks-icon-list-item-icon\"><\/i><p class=\"wp-block-themeisle-blocks-icon-list-item-content\">Ev\u00e8nements<\/p><\/div>\n\n\n\n<div id=\"wp-block-themeisle-blocks-icon-list-item-1f0a4baa\" class=\"wp-block-themeisle-blocks-icon-list-item\"><i class=\"fas fa-check wp-block-themeisle-blocks-icon-list-item-icon\"><\/i><p class=\"wp-block-themeisle-blocks-icon-list-item-content\">&#8230;<\/p><\/div>\n<\/div>\n<\/div><\/div>\n<\/div><\/div>\n<\/div>\n\n\n\n<div id=\"wp-block-themeisle-blocks-advanced-column-1a6a4a66\" class=\"wp-block-themeisle-blocks-advanced-column\">\n<div class=\"wp-block-group\"><div class=\"wp-block-group__inner-container is-layout-flow wp-block-group-is-layout-flow\"><\/div><\/div>\n\n\n\n<p><\/p>\n\n\n\n<p><\/p>\n\n\n\n<p class=\"has-nv-site-bg-color has-text-color has-link-color wp-elements-fbe6e337445636b76517b688f95d44da\">d<\/p>\n\n\n\n<p class=\"has-nv-site-bg-color has-text-color has-link-color wp-elements-b2bae52dd836dbf6774301d74d6dd1db\">f<\/p>\n\n\n\n<div class=\"wp-block-group\"><div class=\"wp-block-group__inner-container is-layout-flow wp-block-group-is-layout-flow\">\n<div class=\"wp-block-group\"><div class=\"wp-block-group__inner-container is-layout-flow wp-block-group-is-layout-flow\">\n<div id=\"wp-block-themeisle-blocks-font-awesome-icons-45d15e9c\" class=\"wp-block-themeisle-blocks-font-awesome-icons\"><span class=\"wp-block-themeisle-blocks-font-awesome-icons-container\"><svg xmlns=\"http:\/\/www.w3.org\/2000\/svg\" viewBox=\"0 0 1800 1800\"><path d=\"M1680.014,241.388c-5.876-5.976-13.907-9.342-22.291-9.342h-265.229v-45.949 c1.754-3.904,2.748-8.221,2.748-12.777s-0.994-8.873-2.748-12.777V39.669c0-17.271-13.998-31.269-31.269-31.269H435.739 c-17.271,0-31.269,13.998-31.269,31.269v192.377H142.277c-8.384,0-16.415,3.366-22.291,9.342 c-5.88,5.977-9.112,14.064-8.973,22.446c2.543,153.317,35.5,297.176,92.802,405.076c59.797,112.598,140.534,175.43,227.77,177.55 c51.846,154.953,178.085,274.968,335.409,319.092v235.304c-64.348,36.395-110.3,98.631-122.317,172.335H436.145 c-17.27,0-31.269,13.994-31.269,31.269v155.872c0,17.266,13.999,31.269,31.269,31.269h927.711c17.27,0,31.269-14.003,31.269-31.269 v-155.872c0-17.274-13.999-31.269-31.269-31.269h-208.533c-12.018-73.704-57.97-135.94-122.317-172.335v-234.902 c158.275-43.941,284.886-164.749,336.9-319.526c86.665-2.796,166.826-65.56,226.278-177.517 c57.303-107.9,90.26-251.759,92.803-405.076C1689.126,255.452,1685.894,247.364,1680.014,241.388z M404.876,780.025 c-53.494-13.72-104.375-62.389-145.83-140.445c-48.844-91.976-78.495-213.492-84.514-344.997h229.938v420.416 c0,1.625,0.166,3.209,0.405,4.768V780.025z M1332.587,1635.728v93.335H467.413v-93.335h205.479h454.215H1332.587z M1091.708,1573.19H708.292c18.728-83.109,97.165-144.329,191.708-144.329S1072.98,1490.081,1091.708,1573.19z M829.532,1375.485 v-196.677c23.286,3.368,47.082,5.112,71.266,5.112c23.648,0,46.899-1.71,69.669-4.929v196.493 c-22.392-5.934-46.009-9.161-70.468-9.161S851.924,1369.552,829.532,1375.485z M1332.587,707.252 c-9.506,229.967-199.529,414.132-431.789,414.132c-229.411,0-418.955-179.262-431.518-408.099c-0.17-3.104-0.863-6.049-1.867-8.838 V263.314c0-1.636-0.161-3.23-0.405-4.798V70.938h862.948v71.113H705.099c-17.27,0-31.269,13.999-31.269,31.269 c0,17.271,13.999,31.269,31.269,31.269h624.857v431.585c0,1.182,0.065,2.362,0.201,3.536c1.212,10.64,1.993,21.318,2.43,31.934 V707.252z M1540.954,639.58c-41.455,78.056-92.336,126.726-145.83,140.445v-71.698c0.244-6.354,0.405-12.729,0.405-19.142 c0-6.214-0.166-12.476-0.405-18.753v-375.85h230.344C1619.448,426.088,1589.798,547.604,1540.954,639.58z\"><\/path><path d=\"M1123.914,493.53l-135.348-19.667l-60.525-122.645c-5.27-10.675-16.141-17.432-28.041-17.432 s-22.771,6.757-28.041,17.432l-60.526,122.645L676.086,493.53c-11.778,1.712-21.563,9.961-25.24,21.281 c-3.677,11.32-0.61,23.746,7.913,32.054l97.933,95.463l-23.12,134.8c-2.011,11.729,2.81,23.586,12.441,30.581 c9.623,6.991,22.392,7.924,32.926,2.38L900,746.447l121.062,63.643c4.571,2.405,9.566,3.592,14.543,3.592 c6.487,0,12.938-2.013,18.383-5.972c9.632-6.995,14.452-18.852,12.441-30.581l-23.12-134.8l97.933-95.463 c8.523-8.308,11.59-20.734,7.913-32.054C1145.477,503.491,1135.692,495.242,1123.914,493.53z M987.886,609.021 c-7.372,7.185-10.735,17.534-8.994,27.677l15.188,88.558l-79.532-41.81c-4.554-2.395-9.549-3.592-14.548-3.592 s-9.994,1.197-14.548,3.592l-79.533,41.81l15.189-88.558c1.741-10.143-1.622-20.492-8.995-27.677l-64.334-62.714l88.916-12.921 c10.186-1.481,18.988-7.876,23.543-17.106L900,435.711l39.762,80.568c4.555,9.23,13.357,15.625,23.543,17.106l88.916,12.921 L987.886,609.021z\"><\/path><\/svg><\/span><\/div>\n\n\n\n<h3 id=\"wp-block-themeisle-blocks-advanced-heading-b45a7c51\" class=\"wp-block-themeisle-blocks-advanced-heading wp-block-themeisle-blocks-advanced-heading-b45a7c51\">les rencontres sportives<\/h3>\n\n\n\n<p class=\"has-text-align-center has-small-font-size\">ils supervisent la mise en place des rencontres au sein de leur territoire avec l&rsquo;aide des r\u00e9f\u00e9rents de chaque \u00e9cole. <\/p>\n\n\n\n<p class=\"has-text-align-center has-small-font-size\">Ils r\u00e9alisent le bilan des rencontres (r\u00e9ussites, points \u00e0 am\u00e9liorer, besoins, &#8230;)<\/p>\n\n\n\n<p class=\"has-text-align-center has-small-font-size\">Il est important de prendre un temps de concertation pour faire vivre ces rencontres et f\u00e9d\u00e9rer les \u00e9coles du territoire.<\/p>\n<\/div><\/div>\n<\/div><\/div>\n<\/div>\n<\/div><\/div>\n","protected":false},"excerpt":{"rendered":"","protected":false},"author":2,"featured_media":310,"parent":0,"menu_order":0,"comment_status":"closed","ping_status":"closed","template":"","meta":{"_tec_requires_first_save":true,"_uag_custom_page_level_css":"","neve_meta_sidebar":"","neve_meta_container":"","neve_meta_enable_content_width":"","neve_meta_content_width":0,"neve_meta_title_alignment":"","neve_meta_author_avatar":"","neve_post_elements_order":"","neve_meta_disable_header":"","neve_meta_disable_footer":"","neve_meta_disable_title":"","_EventAllDay":false,"_EventTimezone":"","_EventStartDate":"","_EventEndDate":"","_EventStartDateUTC":"","_EventEndDateUTC":"","_EventShowMap":false,"_EventShowMapLink":false,"_EventURL":"","_EventCost":"","_EventCostDescription":"","_EventCurrencySymbol":"","_EventCurrencyCode":"","_EventCurrencyPosition":"","_EventDateTimeSeparator":"","_EventTimeRangeSeparator":"","_EventOrganizerID":[],"_EventVenueID":[],"_OrganizerEmail":"","_OrganizerPhone":"","_OrganizerWebsite":"","_VenueAddress":"","_VenueCity":"","_VenueCountry":"","_VenueProvince":"","_VenueState":"","_VenueZip":"","_VenuePhone":"","_VenueURL":"","_VenueStateProvince":"","_VenueLat":"","_VenueLng":"","_VenueShowMap":false,"_VenueShowMapLink":false,"_tribe_blocks_recurrence_rules":"","_tribe_blocks_recurrence_description":"","_tribe_blocks_recurrence_exclusions":"","_themeisle_gutenberg_block_has_review":false,"footnotes":""},"class_list":["post-4350","page","type-page","status-publish","has-post-thumbnail","hentry"],"uagb_featured_image_src":{"full":["https:\/\/ugsel-finistere.org\/wp-content\/uploads\/2025\/02\/finistere.png",685,776,false],"thumbnail":["https:\/\/ugsel-finistere.org\/wp-content\/uploads\/2025\/02\/finistere-150x150.png",150,150,true],"medium":["https:\/\/ugsel-finistere.org\/wp-content\/uploads\/2025\/02\/finistere-265x300.png",265,300,true],"medium_large":["https:\/\/ugsel-finistere.org\/wp-content\/uploads\/2025\/02\/finistere.png",685,776,false],"large":["https:\/\/ugsel-finistere.org\/wp-content\/uploads\/2025\/02\/finistere.png",685,776,false],"1536x1536":["https:\/\/ugsel-finistere.org\/wp-content\/uploads\/2025\/02\/finistere.png",685,776,false],"2048x2048":["https:\/\/ugsel-finistere.org\/wp-content\/uploads\/2025\/02\/finistere.png",685,776,false],"neve-blog":["https:\/\/ugsel-finistere.org\/wp-content\/uploads\/2025\/02\/finistere-685x620.png",685,620,true]},"uagb_author_info":{"display_name":"Manue","author_link":"https:\/\/ugsel-finistere.org\/index.php\/author\/manue\/"},"uagb_comment_info":0,"uagb_excerpt":null,"_links":{"self":[{"href":"https:\/\/ugsel-finistere.org\/index.php\/wp-json\/wp\/v2\/pages\/4350","targetHints":{"allow":["GET"]}}],"collection":[{"href":"https:\/\/ugsel-finistere.org\/index.php\/wp-json\/wp\/v2\/pages"}],"about":[{"href":"https:\/\/ugsel-finistere.org\/index.php\/wp-json\/wp\/v2\/types\/page"}],"author":[{"embeddable":true,"href":"https:\/\/ugsel-finistere.org\/index.php\/wp-json\/wp\/v2\/users\/2"}],"replies":[{"embeddable":true,"href":"https:\/\/ugsel-finistere.org\/index.php\/wp-json\/wp\/v2\/comments?post=4350"}],"version-history":[{"count":3,"href":"https:\/\/ugsel-finistere.org\/index.php\/wp-json\/wp\/v2\/pages\/4350\/revisions"}],"predecessor-version":[{"id":4356,"href":"https:\/\/ugsel-finistere.org\/index.php\/wp-json\/wp\/v2\/pages\/4350\/revisions\/4356"}],"wp:featuredmedia":[{"embeddable":true,"href":"https:\/\/ugsel-finistere.org\/index.php\/wp-json\/wp\/v2\/media\/310"}],"wp:attachment":[{"href":"https:\/\/ugsel-finistere.org\/index.php\/wp-json\/wp\/v2\/media?parent=4350"}],"curies":[{"name":"wp","href":"https:\/\/api.w.org\/{rel}","templated":true}]}}