{"id":5859,"date":"2026-02-10T17:23:42","date_gmt":"2026-02-10T16:23:42","guid":{"rendered":"https:\/\/ugsel-finistere.org\/?page_id=5859"},"modified":"2026-02-17T11:52:05","modified_gmt":"2026-02-17T10:52:05","slug":"1d-mars-en-bougeant","status":"publish","type":"page","link":"https:\/\/ugsel-finistere.org\/index.php\/1d-mars-en-bougeant\/","title":{"rendered":"1D- Mars en bougeant"},"content":{"rendered":"\n<div class=\"wp-block-uagb-container uagb-block-a79bbcd0 alignfull uagb-is-root-container\"><div class=\"uagb-container-inner-blocks-wrap\">\n<div class=\"wp-block-uagb-info-box uagb-block-fc99e2cd uagb-infobox__content-wrap  uagb-infobox-icon-above-title uagb-infobox-image-valign-top wp-block-uagb-info-box--has-margin\"><div class=\"uagb-infobox-margin-wrapper\"><div class=\"uagb-ifb-content\"><div class=\"uagb-ifb-title-wrap\"><h6 class=\"uagb-ifb-title-prefix\">D\u00e9fi en classe &#8211; cycles 2 et 3<\/h6><h1 class=\"uagb-ifb-title\">Mars en bougeant, accueillez le printemps !<\/h1><\/div><\/div><\/div><\/div>\n\n\n\n<div class=\"wp-block-uagb-container uagb-layout-grid uagb-block-1900f246 alignfull uagb-is-root-container\"><div class=\"uagb-container-inner-blocks-wrap\">\n<div class=\"wp-block-uagb-image uagb-block-3668508b wp-block-uagb-image--layout-default wp-block-uagb-image--effect-static wp-block-uagb-image--align-none\"><figure class=\"wp-block-uagb-image__figure\"><img decoding=\"async\" srcset=\"https:\/\/ugsel-finistere.org\/wp-content\/uploads\/2026\/02\/8613305.jpeg ,https:\/\/ugsel-finistere.org\/wp-content\/uploads\/2026\/02\/8613305.jpeg 780w, https:\/\/ugsel-finistere.org\/wp-content\/uploads\/2026\/02\/8613305.jpeg 360w\" sizes=\"auto, (max-width: 480px) 150px\" src=\"https:\/\/ugsel-finistere.org\/wp-content\/uploads\/2026\/02\/8613305.jpeg\" alt=\"Joyful children stretching during indoor sport time in a classroom.\" class=\"uag-image-5875\" width=\"1600\" height=\"1067\" title=\"Photo by Yan Krukau\" loading=\"lazy\" role=\"img\"\/><\/figure><\/div>\n\n\n\n<div class=\"wp-block-uagb-info-box uagb-block-25e98794 uagb-infobox__content-wrap  uagb-infobox-icon-above-title uagb-infobox-image-valign-top wp-block-uagb-info-box--has-margin\"><div class=\"uagb-infobox-margin-wrapper\"><div class=\"uagb-ifb-content\"><div class=\"uagb-ifb-title-wrap\"><h3 class=\"uagb-ifb-title\">Les vacances sont finies, vous avez fait le plein d\u2019\u00e9nergie&nbsp;?<br>Alors pour d\u00e9marrer du bon pied, l\u2019UGSEL 29 vous propose de bouger durant le mois de mars&nbsp;!<\/h3><\/div><p class=\"uagb-ifb-desc\"><strong>Choisissez une semaine et faites tourner la roue pour une pause active une \u00e0 deux fois par jour\u2026<\/strong><\/p><\/div><\/div><\/div>\n<\/div><\/div>\n<\/div><\/div>\n\n\n\n<div class=\"wp-block-uagb-container uagb-block-418d9756 alignwide uagb-is-root-container\">\n<div class=\"wp-block-uagb-advanced-heading uagb-block-708e8f1d animated backInDown\"><h3 class=\"uagb-heading-text\">Comment \u00e7a tourne ?!<\/h3><p class=\"uagb-desc-text\"><br><br>Cliquez sur l&rsquo;image de la roue !<br>&nbsp;<br>Quand un lien apparait, cliquez dessus pour lancer la vid\u00e9o.<br>&nbsp;<br>Si vous ne souhaitez pas qu&rsquo;une vid\u00e9o soit s\u00e9lectionn\u00e9e une seconde fois &gt;&gt; cliquez sur \u00ab\u00a0supprimer\u00a0\u00bb ou \u00ab\u00a0cacher\u00a0\u00bb                   <br>Vous pouvez aussi effectuer une pr\u00e9-s\u00e9lection avec ces commandes&nbsp;et m\u00eame copier la roue pour cr\u00e9er la v\u00f4tre \ud83d\ude09<\/p><\/div>\n\n\n\n<div class=\"wp-block-uagb-container uagb-block-510d6004\">\n<div class=\"wp-block-uagb-image aligncenter uagb-block-203d661f wp-block-uagb-image--layout-default wp-block-uagb-image--effect-static wp-block-uagb-image--align-center animated rotateIn o-anim-hover\"><figure class=\"wp-block-uagb-image__figure\"><a class=\"\" href=\"https:\/\/wheelofnames.com\/fr\/xy3-ff6\" target=\"_blank\" rel=\"noreferrer noopener\"><img decoding=\"async\" srcset=\"https:\/\/ugsel-finistere.org\/wp-content\/uploads\/2026\/02\/roue-pause-active-1-300x279.png ,https:\/\/ugsel-finistere.org\/wp-content\/uploads\/2026\/02\/roue-pause-active-1.png 780w, https:\/\/ugsel-finistere.org\/wp-content\/uploads\/2026\/02\/roue-pause-active-1.png 360w\" sizes=\"auto, (max-width: 480px) 150px\" src=\"https:\/\/ugsel-finistere.org\/wp-content\/uploads\/2026\/02\/roue-pause-active-1-300x279.png\" alt=\"\" class=\"uag-image-5864\" width=\"300\" height=\"279\" title=\"roue pause active\" loading=\"lazy\" role=\"img\"\/><\/a><\/figure><\/div>\n<\/div>\n\n\n\n<div class=\"wp-block-uagb-container uagb-block-e77a6922\">\n<div class=\"wp-block-uagb-info-box uagb-block-895c6b7c uagb-infobox__content-wrap  uagb-infobox-icon-above-title uagb-infobox-image-valign-top\"><div class=\"uagb-ifb-content\"><div class=\"uagb-ifb-icon-wrap\"><svg xmlns=\"https:\/\/www.w3.org\/2000\/svg\" viewBox=\"0 0 448 512\"><path d=\"M96 224C84.72 224 74.05 226.3 64 229.9V224c0-35.3 28.7-64 64-64c17.67 0 32-14.33 32-32S145.7 96 128 96C57.42 96 0 153.4 0 224v96c0 53.02 42.98 96 96 96s96-42.98 96-96S149 224 96 224zM352 224c-11.28 0-21.95 2.305-32 5.879V224c0-35.3 28.7-64 64-64c17.67 0 32-14.33 32-32s-14.33-32-32-32c-70.58 0-128 57.42-128 128v96c0 53.02 42.98 96 96 96s96-42.98 96-96S405 224 352 224z\"><\/path><\/svg><\/div><div class=\"uagb-ifb-title-wrap\"><p class=\"uagb-ifb-title\">Allez-y, osez\u2026 c\u2019est ludique, court, et vos \u00e9l\u00e8ves seront ressourc\u00e9s pour encha\u00eener sur une nouvelle activit\u00e9.<\/p><\/div><\/div><\/div>\n<\/div>\n<\/div>\n\n\n\n<div class=\"wp-block-uagb-container uagb-block-6795bc4b alignfull uagb-is-root-container\"><div class=\"uagb-container-inner-blocks-wrap\">\n<div class=\"wp-block-uagb-container uagb-block-ebd677c7\">\n<div class=\"wp-block-uagb-info-box uagb-block-89d2db36 uagb-infobox__content-wrap  uagb-infobox-icon-above-title uagb-infobox-image-valign-top\"><div class=\"uagb-ifb-content\"><div class=\"uagb-ifb-icon-wrap\"><svg xmlns=\"https:\/\/www.w3.org\/2000\/svg\" viewBox=\"0 0 512 512\"><path d=\"M511.1 367.1c0 44.18-42.98 80-95.1 80s-95.1-35.82-95.1-79.1c0-44.18 42.98-79.1 95.1-79.1c11.28 0 21.95 1.92 32.01 4.898V148.1L192 224l-.0023 208.1C191.1 476.2 149 512 95.1 512S0 476.2 0 432c0-44.18 42.98-79.1 95.1-79.1c11.28 0 21.95 1.92 32 4.898V126.5c0-12.97 10.06-26.63 22.41-30.52l319.1-94.49C472.1 .6615 477.3 0 480 0c17.66 0 31.97 14.34 32 31.99L511.1 367.1z\"><\/path><\/svg><\/div><div class=\"uagb-ifb-title-wrap\"><h4 class=\"uagb-ifb-title\">case bleue<\/h4><\/div><p class=\"uagb-ifb-desc\">Bougez au rythme de la musique avec les \u00ab\u00a0Jeunes en sant\u00e9\u00a0\u00bb<\/p><\/div><\/div>\n<\/div>\n\n\n\n<div class=\"wp-block-uagb-container uagb-block-f858d1f2\">\n<div class=\"wp-block-uagb-info-box uagb-block-d650850b uagb-infobox__content-wrap  uagb-infobox-icon-above-title uagb-infobox-image-valign-top\"><div class=\"uagb-ifb-content\"><div class=\"uagb-ifb-icon-wrap\"><svg xmlns=\"https:\/\/www.w3.org\/2000\/svg\" viewBox=\"0 0 640 512\"><path d=\"M448 164C459 164 468 172.1 468 184V188H528C539 188 548 196.1 548 208C548 219 539 228 528 228H526L524.4 232.5C515.5 256.1 501.9 279.1 484.7 297.9C485.6 298.4 486.5 298.1 487.4 299.5L506.3 310.8C515.8 316.5 518.8 328.8 513.1 338.3C507.5 347.8 495.2 350.8 485.7 345.1L466.8 333.8C462.4 331.1 457.1 328.3 453.7 325.3C443.2 332.8 431.8 339.3 419.8 344.7L416.1 346.3C406 350.8 394.2 346.2 389.7 336.1C385.2 326 389.8 314.2 399.9 309.7L403.5 308.1C409.9 305.2 416.1 301.1 422 298.3L409.9 286.1C402 278.3 402 265.7 409.9 257.9C417.7 250 430.3 250 438.1 257.9L452.7 272.4L453.3 272.1C465.7 259.9 475.8 244.7 483.1 227.1H376C364.1 227.1 356 219 356 207.1C356 196.1 364.1 187.1 376 187.1H428V183.1C428 172.1 436.1 163.1 448 163.1L448 164zM160 233.2L179 276H140.1L160 233.2zM0 128C0 92.65 28.65 64 64 64H576C611.3 64 640 92.65 640 128V384C640 419.3 611.3 448 576 448H64C28.65 448 0 419.3 0 384V128zM320 384H576V128H320V384zM178.3 175.9C175.1 168.7 167.9 164 160 164C152.1 164 144.9 168.7 141.7 175.9L77.72 319.9C73.24 329.1 77.78 341.8 87.88 346.3C97.97 350.8 109.8 346.2 114.3 336.1L123.2 315.1H196.8L205.7 336.1C210.2 346.2 222 350.8 232.1 346.3C242.2 341.8 246.8 329.1 242.3 319.9L178.3 175.9z\"><\/path><\/svg><\/div><div class=\"uagb-ifb-title-wrap\"><h4 class=\"uagb-ifb-title\">case rose<\/h4><\/div><p class=\"uagb-ifb-desc\">tabata en anglais<\/p><\/div><\/div>\n<\/div>\n\n\n\n<div class=\"wp-block-uagb-container uagb-block-d644becf\">\n<div class=\"wp-block-uagb-info-box uagb-block-73df4223 uagb-infobox__content-wrap  uagb-infobox-icon-above-title uagb-infobox-image-valign-top\"><div class=\"uagb-ifb-content\"><div class=\"uagb-ifb-icon-wrap\"><svg xmlns=\"https:\/\/www.w3.org\/2000\/svg\" viewBox=\"0 0 512 512\"><path d=\"M512 256C512 397.4 397.4 512 256 512C114.6 512 0 397.4 0 256C0 114.6 114.6 0 256 0C397.4 0 512 114.6 512 256zM407.4 331.5C412.4 319.7 400.4 309 388.1 312.8C348.4 324.9 303.7 331.8 256.3 331.8C208.9 331.8 164.1 324.9 124.5 312.8C112.2 309 100.2 319.7 105.2 331.5C130.1 390.6 188.4 432 256.3 432C324.2 432 382.4 390.6 407.4 331.5H407.4zM152.8 124.6L136.2 159.3L98.09 164.3C95.03 164.7 92.48 166.8 91.52 169.8C90.57 172.7 91.39 175.9 93.62 178L121.5 204.5L114.5 242.3C113.1 245.4 115.2 248.4 117.7 250.2C120.2 252.1 123.5 252.3 126.2 250.8L159.1 232.5L193.8 250.8C196.5 252.3 199.8 252.1 202.3 250.2C204.8 248.4 206 245.4 205.5 242.3L198.5 204.5L226.4 178C228.6 175.9 229.4 172.7 228.5 169.8C227.5 166.8 224.1 164.7 221.9 164.3L183.8 159.3L167.2 124.6C165.9 121.8 163.1 120 159.1 120C156.9 120 154.1 121.8 152.8 124.6V124.6zM344.8 124.6L328.2 159.3L290.1 164.3C287 164.7 284.5 166.8 283.5 169.8C282.6 172.7 283.4 175.9 285.6 178L313.5 204.5L306.5 242.3C305.1 245.4 307.2 248.4 309.7 250.2C312.2 252.1 315.5 252.3 318.2 250.8L352 232.5L385.8 250.8C388.5 252.3 391.8 252.1 394.3 250.2C396.8 248.4 398 245.4 397.5 242.3L390.5 204.5L418.4 178C420.6 175.9 421.4 172.7 420.5 169.8C419.5 166.8 416.1 164.7 413.9 164.3L375.8 159.3L359.2 124.6C357.9 121.8 355.1 120 352 120C348.9 120 346.1 121.8 344.8 124.6H344.8z\"><\/path><\/svg><\/div><div class=\"uagb-ifb-title-wrap\"><h4 class=\"uagb-ifb-title\">case jaune<\/h4><\/div><p class=\"uagb-ifb-desc\">\u00ab\u00a0Wixx, pause active, \u00e0 l&rsquo;\u00e9cole, on bouge !\u00a0\u00bb&#8230;et on rigole !!!<\/p><\/div><\/div>\n<\/div>\n\n\n\n<div class=\"wp-block-uagb-container uagb-block-3c8d770a\">\n<div class=\"wp-block-uagb-info-box uagb-block-ece560e1 uagb-infobox__content-wrap  uagb-infobox-icon-above-title uagb-infobox-image-valign-top\"><div class=\"uagb-ifb-content\"><div class=\"uagb-ifb-icon-wrap\"><svg xmlns=\"https:\/\/www.w3.org\/2000\/svg\" viewBox=\"0 0 512 512\"><path d=\"M0 190.9V185.1C0 115.2 50.52 55.58 119.4 44.1C164.1 36.51 211.4 51.37 244 84.02L256 96L267.1 84.02C300.6 51.37 347 36.51 392.6 44.1C461.5 55.58 512 115.2 512 185.1V190.9C512 232.4 494.8 272.1 464.4 300.4L283.7 469.1C276.2 476.1 266.3 480 256 480C245.7 480 235.8 476.1 228.3 469.1L47.59 300.4C17.23 272.1 .0003 232.4 .0003 190.9L0 190.9z\"><\/path><\/svg><\/div><div class=\"uagb-ifb-title-wrap\"><h4 class=\"uagb-ifb-title\">case verte<\/h4><\/div><p class=\"uagb-ifb-desc\">tabata : on alterne sur 3 \u00e0 4 minutes , 30 secondes d&rsquo;exercice puis 30 secondes de repos<\/p><\/div><\/div>\n<\/div>\n\n\n\n<div class=\"wp-block-uagb-container uagb-block-69206d9a\">\n<div class=\"wp-block-uagb-info-box uagb-block-594f0422 uagb-infobox__content-wrap  uagb-infobox-icon-above-title uagb-infobox-image-valign-top\"><div class=\"uagb-ifb-content\"><div class=\"uagb-ifb-icon-wrap\"><svg xmlns=\"https:\/\/www.w3.org\/2000\/svg\" viewBox=\"0 0 640 512\"><path d=\"M489.1 264.9C480.5 207.5 450.5 32 392.3 32c-14 0-26.58 5.875-37.08 14c-20.75 15.87-49.62 15.87-70.5 0C274.2 38 261.7 32 247.7 32c-58.25 0-88.27 175.5-97.77 232.9C188.7 277.5 243.7 288 319.1 288S451.2 277.5 489.1 264.9zM632.9 227.7c-6.125-4.125-14.2-3.51-19.7 1.49c-1 .875-101.3 90.77-293.1 90.77c-190.9 0-292.2-89.99-293.2-90.86c-5.5-4.875-13.71-5.508-19.71-1.383c-6.125 4.125-8.587 11.89-6.087 18.77C1.749 248.5 78.37 448 319.1 448s318.2-199.5 318.1-201.5C641.5 239.6 639 231.9 632.9 227.7z\"><\/path><\/svg><\/div><div class=\"uagb-ifb-title-wrap\"><h4 class=\"uagb-ifb-title\">case violette<\/h4><\/div><p class=\"uagb-ifb-desc\">bougez en partant \u00e0 l&rsquo;aventure \u00e0 partir d&rsquo;une histoire !<\/p><\/div><\/div>\n<\/div>\n\n\n\n<div class=\"wp-block-uagb-container uagb-block-25e836c0\">\n<div class=\"wp-block-uagb-info-box uagb-block-884f6cd5 uagb-infobox__content-wrap  uagb-infobox-icon-above-title uagb-infobox-image-valign-top\"><div class=\"uagb-ifb-content\"><div class=\"uagb-ifb-icon-wrap\"><svg xmlns=\"https:\/\/www.w3.org\/2000\/svg\" viewBox=\"0 0 448 512\"><path d=\"M400 224h-44l-26.12-53.25c-12.5-25.5-35.38-44.25-61.75-51L197 98.63C189.5 96.84 181.1 95.97 174.5 95.97c-20.88 0-41.33 6.81-58.26 19.78L76.5 146.3C68.31 152.5 64.01 162 64.01 171.6c0 17.11 13.67 32.02 32.02 32.02c6.808 0 13.67-2.158 19.47-6.616l39.63-30.38c5.92-4.488 13.01-6.787 19.53-6.787c2.017 0 3.981 .2196 5.841 .6623l14.62 4.25l-37.5 87.5C154.1 260.3 152.5 268.8 152.5 277.2c0 22.09 11.49 43.52 31.51 55.29l85 50.13l-27.5 87.75c-.9875 3.174-1.458 6.388-1.458 9.55c0 13.65 8.757 26.31 22.46 30.58C265.6 511.5 268.9 512 272 512c13.62 0 26.25-8.75 30.5-22.5l31.75-101c1.211-4.278 1.796-8.625 1.796-12.93c0-16.57-8.661-32.51-23.55-41.44l-61.13-36.12l31.25-78.38l20.25 41.5C310.9 277.4 327.9 288 345.1 288H400c17.62 0 32-14.38 32-32C432 238.3 417.6 224 400 224zM288 96c26.5 0 48-21.5 48-48s-21.5-48-48-48s-48 21.5-48 48S261.5 96 288 96zM129.8 317.5L114.9 352H48c-17.62 0-32 14.38-32 32s14.38 32 32 32h77.5c19.25 0 36.5-11.5 44-29.12l8.875-20.5l-10.75-6.25C150.4 349.9 137.6 334.8 129.8 317.5z\"><\/path><\/svg><\/div><div class=\"uagb-ifb-title-wrap\"><h4 class=\"uagb-ifb-title\">case orange<\/h4><\/div><p class=\"uagb-ifb-desc\">\u00e9tirements, bougez en dansant et autres propositions !<\/p><\/div><\/div>\n<\/div>\n<\/div><\/div>\n\n\n\n<div class=\"wp-block-uagb-container uagb-block-67bec61e alignfull uagb-is-root-container\"><div class=\"uagb-container-inner-blocks-wrap\">\n<div class=\"wp-block-uagb-info-box uagb-block-3441f5ca uagb-infobox__content-wrap  uagb-infobox-icon-above-title uagb-infobox-image-valign-top wp-block-uagb-info-box--has-margin\"><div class=\"uagb-infobox-margin-wrapper\"><div class=\"uagb-ifb-content\"><div class=\"uagb-ifb-title-wrap\"><h2 class=\"uagb-ifb-title\">Si vous vous lancez, merci de&nbsp;nous faire des retours : impressions, bienfaits, inconv\u00e9nients, photos, vid\u00e9os&#8230;<\/h2><\/div><\/div><\/div><\/div>\n<\/div><\/div>\n\n\n\n<div class=\"wp-block-uagb-container uagb-block-cfc17867 alignfull uagb-is-root-container\"><div class=\"uagb-container-inner-blocks-wrap\">\n<div class=\"wp-block-uagb-advanced-heading uagb-block-4e6043ce\"><h6 class=\"uagb-heading-text\">Vid\u00e9o du Pr Carr\u00e9, cardiologue <\/h6><\/div>\n\n\n\n<div class=\"wp-block-uagb-container uagb-block-c0202612\">\n<div class=\"wp-block-uagb-container uagb-block-15300e8b\">\n<figure class=\"wp-block-embed is-type-video is-provider-vimeo wp-block-embed-vimeo\"><div class=\"wp-block-embed__wrapper\">\n<div class=\"nv-iframe-embed\"><iframe loading=\"lazy\" title=\"Capsule Professeur Carre\u0301\" src=\"https:\/\/player.vimeo.com\/video\/1145575013?dnt=1&amp;app_id=122963\" width=\"848\" height=\"480\" frameborder=\"0\" allow=\"autoplay; fullscreen; picture-in-picture; clipboard-write; encrypted-media; web-share\" referrerpolicy=\"strict-origin-when-cross-origin\"><\/iframe><\/div>\n<\/div><\/figure>\n<\/div>\n<\/div>\n<\/div><\/div>\n\n\n\n<div class=\"wp-block-uagb-container uagb-block-d7d1f1a1 alignfull uagb-is-root-container\"><div class=\"uagb-container-inner-blocks-wrap\">\n<div class=\"wp-block-uagb-info-box uagb-block-824f5012 uagb-infobox__content-wrap  uagb-infobox-icon-above-title uagb-infobox-image-valign-top\"><div class=\"uagb-ifb-content\"><div class=\"uagb-ifb-title-wrap\"><\/div><div class=\"uagb-ifb-button-wrapper wp-block-button\"><a href=\"#\" class=\"uagb-infobox-cta-link wp-block-button__link\" target=\"_self\" rel=\"noopener noreferrer\" onclick=\"return false;\"><span class=\"uagb-inline-editing\"><\/span><\/a><\/div><\/div><\/div>\n<\/div><\/div>\n","protected":false},"excerpt":{"rendered":"<p>Comment \u00e7a tourne ?! Cliquez sur l&rsquo;image de la roue !&nbsp;Quand un lien apparait, cliquez dessus pour lancer la vid\u00e9o.&nbsp;Si vous ne souhaitez pas qu&rsquo;une vid\u00e9o soit s\u00e9lectionn\u00e9e une seconde&hellip;&nbsp;<a href=\"https:\/\/ugsel-finistere.org\/index.php\/1d-mars-en-bougeant\/\" rel=\"bookmark\">Lire la suite &raquo;<span class=\"screen-reader-text\">1D- Mars en bougeant<\/span><\/a><\/p>\n","protected":false},"author":2,"featured_media":0,"parent":0,"menu_order":0,"comment_status":"closed","ping_status":"closed","template":"","meta":{"_tec_requires_first_save":true,"_uag_custom_page_level_css":"","neve_meta_sidebar":"","neve_meta_container":"","neve_meta_enable_content_width":"","neve_meta_content_width":0,"neve_meta_title_alignment":"","neve_meta_author_avatar":"","neve_post_elements_order":"","neve_meta_disable_header":"","neve_meta_disable_footer":"","neve_meta_disable_title":"","_EventAllDay":false,"_EventTimezone":"","_EventStartDate":"","_EventEndDate":"","_EventStartDateUTC":"","_EventEndDateUTC":"","_EventShowMap":false,"_EventShowMapLink":false,"_EventURL":"","_EventCost":"","_EventCostDescription":"","_EventCurrencySymbol":"","_EventCurrencyCode":"","_EventCurrencyPosition":"","_EventDateTimeSeparator":"","_EventTimeRangeSeparator":"","_EventOrganizerID":[],"_EventVenueID":[],"_OrganizerEmail":"","_OrganizerPhone":"","_OrganizerWebsite":"","_VenueAddress":"","_VenueCity":"","_VenueCountry":"","_VenueProvince":"","_VenueState":"","_VenueZip":"","_VenuePhone":"","_VenueURL":"","_VenueStateProvince":"","_VenueLat":"","_VenueLng":"","_VenueShowMap":false,"_VenueShowMapLink":false,"_tribe_blocks_recurrence_rules":"","_tribe_blocks_recurrence_description":"","_tribe_blocks_recurrence_exclusions":"","_themeisle_gutenberg_block_has_review":false,"footnotes":""},"class_list":["post-5859","page","type-page","status-publish","hentry"],"uagb_featured_image_src":{"full":false,"thumbnail":false,"medium":false,"medium_large":false,"large":false,"1536x1536":false,"2048x2048":false,"neve-blog":false},"uagb_author_info":{"display_name":"Manue","author_link":"https:\/\/ugsel-finistere.org\/index.php\/author\/manue\/"},"uagb_comment_info":0,"uagb_excerpt":"Comment \u00e7a tourne ?! Cliquez sur l&rsquo;image de la roue !&nbsp;Quand un lien apparait, cliquez dessus pour lancer la vid\u00e9o.&nbsp;Si vous ne souhaitez pas qu&rsquo;une vid\u00e9o soit s\u00e9lectionn\u00e9e une seconde&hellip;&nbsp;Lire la suite &raquo;1D- Mars en bougeant","_links":{"self":[{"href":"https:\/\/ugsel-finistere.org\/index.php\/wp-json\/wp\/v2\/pages\/5859","targetHints":{"allow":["GET"]}}],"collection":[{"href":"https:\/\/ugsel-finistere.org\/index.php\/wp-json\/wp\/v2\/pages"}],"about":[{"href":"https:\/\/ugsel-finistere.org\/index.php\/wp-json\/wp\/v2\/types\/page"}],"author":[{"embeddable":true,"href":"https:\/\/ugsel-finistere.org\/index.php\/wp-json\/wp\/v2\/users\/2"}],"replies":[{"embeddable":true,"href":"https:\/\/ugsel-finistere.org\/index.php\/wp-json\/wp\/v2\/comments?post=5859"}],"version-history":[{"count":15,"href":"https:\/\/ugsel-finistere.org\/index.php\/wp-json\/wp\/v2\/pages\/5859\/revisions"}],"predecessor-version":[{"id":5918,"href":"https:\/\/ugsel-finistere.org\/index.php\/wp-json\/wp\/v2\/pages\/5859\/revisions\/5918"}],"wp:attachment":[{"href":"https:\/\/ugsel-finistere.org\/index.php\/wp-json\/wp\/v2\/media?parent=5859"}],"curies":[{"name":"wp","href":"https:\/\/api.w.org\/{rel}","templated":true}]}}