{"id":732,"date":"2025-02-14T19:06:54","date_gmt":"2025-02-14T18:06:54","guid":{"rendered":"https:\/\/www.futur.ugsel-finistere.org\/futur.ugsel-finistere.org\/?page_id=732"},"modified":"2026-03-13T14:31:56","modified_gmt":"2026-03-13T13:31:56","slug":"2d-cross-country","status":"publish","type":"page","link":"https:\/\/ugsel-finistere.org\/index.php\/2d-cross-country\/","title":{"rendered":"Cross country"},"content":{"rendered":"\n<p><\/p>\n\n\n\n<div class=\"wp-block-group\"><div class=\"wp-block-group__inner-container is-layout-constrained wp-block-group-is-layout-constrained\">\n<div id=\"wp-block-themeisle-blocks-button-group-f1140397\" class=\"wp-block-themeisle-blocks-button-group wp-block-buttons\">\n<div id=\"wp-block-themeisle-blocks-button-2ee873ff\" class=\"wp-block-themeisle-blocks-button wp-block-button\"><a href=\"https:\/\/ugsel-finistere.org\/index.php\/cross-reglements\/\" target=\"_blank\" rel=\"noopener noreferrer\" class=\"wp-block-button__link\"><span>R\u00e8glements<\/span><\/a><\/div>\n\n\n\n<div id=\"wp-block-themeisle-blocks-button-6d7aafd0\" class=\"wp-block-themeisle-blocks-button wp-block-button\"><a href=\"https:\/\/ecbzh-my.sharepoint.com\/:f:\/g\/personal\/ugsel29_enseignement-catholique_bzh\/Ek1THj3FDkBBuHl4un8q0gsBUYKpkq_OhIUQUgkXjNTTOg?e=r7YdBx\" target=\"_blank\" rel=\"noopener noreferrer\" class=\"wp-block-button__link\"><span>R\u00e9sultats d\u00e9partementaux<\/span><\/a><\/div>\n<\/div>\n<\/div><\/div>\n\n\n\n<p><\/p>\n\n\n\n<script data-js='tribe-events-view-nonce-data' type='application\/json'>{\"tvn1\":\"ffe212aef8\",\"tvn2\":\"\"}<\/script>\n\n\n\n<h4 class=\"wp-block-heading has-custom-2-color has-text-color has-link-color wp-elements-4c271d7f783b2ef12f75b978dbe71074\">Ev\u00e8nements pass\u00e9s :<\/h4>\n\n\n<ul class=\"ecs-event-list\"><li class=\"ecs-event cross-country_ecs_category\"><h4 class=\"entry-title summary\"><a href=\"https:\/\/ugsel-finistere.org\/index.php\/calendrier\/cross-national-a-la-chapelle-sur-erdre-44\/\" rel=\"bookmark\">Cross : national \u00e0 La Chapelle sur Erdre (44)<\/a><\/h4><span class=\"duration time\"><span class=\"tribe-event-date-start\">9 d\u00e9cembre 2025-8h00<\/span><span class=\"tribe-event-time\"><\/span><\/span><\/li><li class=\"ecs-event cross-country_ecs_category\"><h4 class=\"entry-title summary\"><a href=\"https:\/\/ugsel-finistere.org\/index.php\/calendrier\/cross-regional-a-montauban-35\/\" rel=\"bookmark\">Cross : r\u00e9gional \u00e0 St Onen la Chapelle (35)<\/a><\/h4><span class=\"duration time\"><span class=\"tribe-event-date-start\">19 novembre 2025-8h00<\/span><span class=\"tribe-event-time\"><\/span><\/span><\/li><li class=\"ecs-event cross-evenements-passes_ecs_category cross-country_ecs_category\"><h4 class=\"entry-title summary\"><a href=\"https:\/\/ugsel-finistere.org\/index.php\/calendrier\/cross-departemental-a-test\/\" rel=\"bookmark\">Cross : d\u00e9partemental toutes cat\u00e9gories \u00e0 Lesneven<\/a><\/h4><span class=\"duration time\"><span class=\"tribe-event-date-start\">5 novembre 2025-11h00<\/span><span class=\"tribe-event-time\"><\/span><\/span><\/li><\/ul><script type=\"application\/ld+json\">\r\n[{\"@context\":\"http:\/\/schema.org\",\"@type\":\"Event\",\"name\":\"Cross : national \\u00e0 La Chapelle sur Erdre (44)\",\"description\":\"&lt;p&gt;Lien vers la page nationale&lt;\/p&gt;\\\\n\",\"url\":\"https:\/\/ugsel-finistere.org\/index.php\/calendrier\/cross-national-a-la-chapelle-sur-erdre-44\/\",\"eventAttendanceMode\":\"https:\/\/schema.org\/OfflineEventAttendanceMode\",\"eventStatus\":\"https:\/\/schema.org\/EventScheduled\",\"startDate\":\"2025-12-09T08:00:00+01:00\",\"endDate\":\"2025-12-09T17:00:00+01:00\",\"performer\":\"Organization\"},{\"@context\":\"http:\/\/schema.org\",\"@type\":\"Event\",\"name\":\"Cross : r\\u00e9gional \\u00e0 St Onen la Chapelle (35)\",\"description\":\"&lt;p&gt;Lien vers les informations r\\u00e9gionales&lt;\/p&gt;\\\\n\",\"url\":\"https:\/\/ugsel-finistere.org\/index.php\/calendrier\/cross-regional-a-montauban-35\/\",\"eventAttendanceMode\":\"https:\/\/schema.org\/OfflineEventAttendanceMode\",\"eventStatus\":\"https:\/\/schema.org\/EventScheduled\",\"startDate\":\"2025-11-19T08:00:00+01:00\",\"endDate\":\"2025-11-19T17:00:00+01:00\",\"performer\":\"Organization\"},{\"@context\":\"http:\/\/schema.org\",\"@type\":\"Event\",\"name\":\"Cross : d\\u00e9partemental toutes cat\\u00e9gories \\u00e0 Lesneven\",\"description\":\"\",\"url\":\"https:\/\/ugsel-finistere.org\/index.php\/calendrier\/cross-departemental-a-test\/\",\"eventAttendanceMode\":\"https:\/\/schema.org\/OfflineEventAttendanceMode\",\"eventStatus\":\"https:\/\/schema.org\/EventScheduled\",\"startDate\":\"2025-11-05T11:00:00+01:00\",\"endDate\":\"2025-11-05T16:30:00+01:00\",\"performer\":\"Organization\"}]\r\n<\/script><!--\n Event listing powered by The Events Calendar Shortcode\n https:\/\/eventcalendarnewsletter.com\/the-events-calendar-shortcode\/ \n-->\n\n\n<p><\/p>\n","protected":false},"excerpt":{"rendered":"<p>Ev\u00e8nements pass\u00e9s :<\/p>\n","protected":false},"author":3,"featured_media":2637,"parent":0,"menu_order":0,"comment_status":"closed","ping_status":"closed","template":"","meta":{"_tec_requires_first_save":true,"_uag_custom_page_level_css":"","neve_meta_sidebar":"","neve_meta_container":"default","neve_meta_enable_content_width":"","neve_meta_content_width":0,"neve_meta_title_alignment":"","neve_meta_author_avatar":"","neve_post_elements_order":"","neve_meta_disable_header":"off","neve_meta_disable_footer":"","neve_meta_disable_title":"off","_EventAllDay":false,"_EventTimezone":"","_EventStartDate":"","_EventEndDate":"","_EventStartDateUTC":"","_EventEndDateUTC":"","_EventShowMap":false,"_EventShowMapLink":false,"_EventURL":"","_EventCost":"","_EventCostDescription":"","_EventCurrencySymbol":"","_EventCurrencyCode":"","_EventCurrencyPosition":"","_EventDateTimeSeparator":"","_EventTimeRangeSeparator":"","_EventOrganizerID":[],"_EventVenueID":[],"_OrganizerEmail":"","_OrganizerPhone":"","_OrganizerWebsite":"","_VenueAddress":"","_VenueCity":"","_VenueCountry":"","_VenueProvince":"","_VenueState":"","_VenueZip":"","_VenuePhone":"","_VenueURL":"","_VenueStateProvince":"","_VenueLat":"","_VenueLng":"","_VenueShowMap":false,"_VenueShowMapLink":false,"_tribe_blocks_recurrence_rules":"","_tribe_blocks_recurrence_description":"","_tribe_blocks_recurrence_exclusions":"","_themeisle_gutenberg_block_has_review":false,"footnotes":""},"class_list":["post-732","page","type-page","status-publish","has-post-thumbnail","hentry"],"uagb_featured_image_src":{"full":["https:\/\/ugsel-finistere.org\/wp-content\/uploads\/2025\/06\/IMG-20231115-WA0043-e1759486449903.jpg",1600,560,false],"thumbnail":["https:\/\/ugsel-finistere.org\/wp-content\/uploads\/2025\/06\/IMG-20231115-WA0043-e1759486449903-150x150.jpg",150,150,true],"medium":["https:\/\/ugsel-finistere.org\/wp-content\/uploads\/2025\/06\/IMG-20231115-WA0043-e1759486449903-300x105.jpg",300,105,true],"medium_large":["https:\/\/ugsel-finistere.org\/wp-content\/uploads\/2025\/06\/IMG-20231115-WA0043-e1759486449903-768x269.jpg",768,269,true],"large":["https:\/\/ugsel-finistere.org\/wp-content\/uploads\/2025\/06\/IMG-20231115-WA0043-e1759486449903-1024x358.jpg",1024,358,true],"1536x1536":["https:\/\/ugsel-finistere.org\/wp-content\/uploads\/2025\/06\/IMG-20231115-WA0043-e1759486449903-1536x538.jpg",1536,538,true],"2048x2048":["https:\/\/ugsel-finistere.org\/wp-content\/uploads\/2025\/06\/IMG-20231115-WA0043-e1759486449903.jpg",1600,560,false],"neve-blog":["https:\/\/ugsel-finistere.org\/wp-content\/uploads\/2025\/06\/IMG-20231115-WA0043-e1759486449903-930x560.jpg",930,560,true]},"uagb_author_info":{"display_name":"Helene","author_link":"https:\/\/ugsel-finistere.org\/index.php\/author\/helene\/"},"uagb_comment_info":0,"uagb_excerpt":"Ev\u00e8nements pass\u00e9s :","_links":{"self":[{"href":"https:\/\/ugsel-finistere.org\/index.php\/wp-json\/wp\/v2\/pages\/732","targetHints":{"allow":["GET"]}}],"collection":[{"href":"https:\/\/ugsel-finistere.org\/index.php\/wp-json\/wp\/v2\/pages"}],"about":[{"href":"https:\/\/ugsel-finistere.org\/index.php\/wp-json\/wp\/v2\/types\/page"}],"author":[{"embeddable":true,"href":"https:\/\/ugsel-finistere.org\/index.php\/wp-json\/wp\/v2\/users\/3"}],"replies":[{"embeddable":true,"href":"https:\/\/ugsel-finistere.org\/index.php\/wp-json\/wp\/v2\/comments?post=732"}],"version-history":[{"count":83,"href":"https:\/\/ugsel-finistere.org\/index.php\/wp-json\/wp\/v2\/pages\/732\/revisions"}],"predecessor-version":[{"id":5976,"href":"https:\/\/ugsel-finistere.org\/index.php\/wp-json\/wp\/v2\/pages\/732\/revisions\/5976"}],"wp:featuredmedia":[{"embeddable":true,"href":"https:\/\/ugsel-finistere.org\/index.php\/wp-json\/wp\/v2\/media\/2637"}],"wp:attachment":[{"href":"https:\/\/ugsel-finistere.org\/index.php\/wp-json\/wp\/v2\/media?parent=732"}],"curies":[{"name":"wp","href":"https:\/\/api.w.org\/{rel}","templated":true}]}}